{"id":2610,"date":"2015-02-19T04:39:32","date_gmt":"2015-02-19T04:39:32","guid":{"rendered":"https:\/\/www.irishwetlands.ie\/home-page\/"},"modified":"2025-01-21T15:14:33","modified_gmt":"2025-01-21T15:14:33","slug":"home-page","status":"publish","type":"page","link":"https:\/\/www.irishwetlands.ie\/ga\/","title":{"rendered":"Baile"},"content":{"rendered":"<p><div class=\"fusion-fullwidth fullwidth-box fusion-builder-row-1 fusion-flex-container has-pattern-background has-mask-background nonhundred-percent-fullwidth non-hundred-percent-height-scrolling\" style=\"--awb-border-radius-top-left:0px;--awb-border-radius-top-right:0px;--awb-border-radius-bottom-right:0px;--awb-border-radius-bottom-left:0px;\" ><div class=\"fusion-builder-row fusion-row fusion-flex-align-items-flex-start\" style=\"max-width:1456px;margin-left: calc(-4% \/ 2 );margin-right: calc(-4% \/ 2 );\"><div class=\"fusion-layout-column fusion_builder_column fusion-builder-column-0 fusion_builder_column_1_1 1_1 fusion-flex-column\" style=\"--awb-bg-size:cover;--awb-width-large:100%;--awb-margin-top-large:0px;--awb-spacing-right-large:1.92%;--awb-margin-bottom-large:20px;--awb-spacing-left-large:1.92%;--awb-width-medium:100%;--awb-order-medium:0;--awb-spacing-right-medium:1.92%;--awb-spacing-left-medium:1.92%;--awb-width-small:100%;--awb-order-small:0;--awb-spacing-right-small:1.92%;--awb-spacing-left-small:1.92%;\"><div class=\"fusion-column-wrapper fusion-column-has-shadow fusion-flex-justify-content-flex-start fusion-content-layout-column\"><div class=\"fusion-title title fusion-title-1 fusion-title-text fusion-title-size-one sr-only\"><div class=\"title-sep-container title-sep-container-left fusion-no-large-visibility fusion-no-medium-visibility fusion-no-small-visibility\"><div class=\"title-sep sep-double sep-solid\" style=\"border-color:#e0dede;\"><\/div><\/div><span class=\"awb-title-spacer fusion-no-large-visibility fusion-no-medium-visibility fusion-no-small-visibility\"><\/span><h1 class=\"title-heading-left fusion-responsive-typography-calculated\" style=\"margin:0;--fontSize:34;line-height:1.4;\">F\u00e1ilte go su\u00edomh gr\u00e9as\u00e1in Choiste Bogaigh Ramsar na h\u00c9ireann<\/h1><span class=\"awb-title-spacer\"><\/span><div class=\"title-sep-container title-sep-container-right\"><div class=\"title-sep sep-double sep-solid\" style=\"border-color:#e0dede;\"><\/div><\/div><\/div><\/div><\/div><\/div><\/div><div class=\"fusion-fullwidth fullwidth-box fusion-builder-row-2 has-pattern-background has-mask-background nonhundred-percent-fullwidth non-hundred-percent-height-scrolling fusion-equal-height-columns\" style=\"--awb-border-sizes-top:0;--awb-border-sizes-bottom:0;--awb-border-sizes-left:0;--awb-border-sizes-right:0;--awb-border-color:#cccccc;--awb-border-radius-top-left:0px;--awb-border-radius-top-right:0px;--awb-border-radius-bottom-right:0px;--awb-border-radius-bottom-left:0px;--awb-padding-top:20px;--awb-padding-bottom:20px;--awb-margin-bottom:100px;--awb-background-color:#617f2f;\" ><div class=\"fusion-builder-row fusion-row\"><div class=\"fusion-layout-column fusion_builder_column fusion-builder-column-1 fusion_builder_column_1_1 1_1 fusion-one-full fusion-column-first fusion-column-last\" style=\"--awb-padding-top:40px;--awb-padding-right:40px;--awb-padding-left:40px;--awb-bg-size:cover;\"><div class=\"fusion-column-wrapper fusion-flex-column-wrapper-legacy\"><div class=\"fusion-column-content-centered\"><div class=\"fusion-column-content\"><div class=\"fusion-text fusion-text-1\"><div style=\"text-align: center;\"><span style=\"color: #ffffff; font-size: 24px; padding-bottom: 12px;\"><em><strong>&#8220;T\u00e1 \u00c9ire ar cheann de 172 P\u00e1irt\u00ed Conarthach sa Choinbhinsi\u00fan maidir le Bogaigh a com\u00f3radh den ch\u00e9ad uair i Ramsar, an Iar\u00e1in i 1971, agus ar<\/strong><strong>a <\/strong><a style=\"color: #ffffff;\" href=\"https:\/\/www.ramsar.org\/\" target=\"_blank\" rel=\"noopener noreferrer\"><strong>Coinbhinsi\u00fan Ramsar<\/strong><\/a><strong>. <\/strong><strong>\u00f3 shin. L\u00e9ir\u00edonn an conradh idir-rialtasach seo tiomantais a bhallt\u00edortha maidir le gn\u00e9 \u00e9iceola\u00edochta a mBogaigh a bhfuil T\u00e1bhacht Idirn\u00e1isi\u00fanta leo a chothabh\u00e1il agus plean\u00e1il le haghaidh \u201c\u00fas\u00e1id chiallmhar\u201d, n\u00f3 \u00fas\u00e1id inbhuanaithe, na mbogach go l\u00e9ir ina gcr\u00edocha.&#8221;<\/strong><\/em><\/span><\/div>\n<\/div><\/div><\/div><div class=\"fusion-clearfix\"><\/div><\/div><\/div><\/div><\/div><div class=\"fusion-fullwidth fullwidth-box fusion-builder-row-3 fusion-flex-container nonhundred-percent-fullwidth non-hundred-percent-height-scrolling\" style=\"--awb-border-radius-top-left:0px;--awb-border-radius-top-right:0px;--awb-border-radius-bottom-right:0px;--awb-border-radius-bottom-left:0px;\" ><div class=\"fusion-builder-row fusion-row fusion-flex-align-items-flex-start\" style=\"max-width:1456px;margin-left: calc(-4% \/ 2 );margin-right: calc(-4% \/ 2 );\"><div class=\"fusion-layout-column fusion_builder_column fusion-builder-column-2 fusion_builder_column_1_2 1_2 fusion-flex-column\" style=\"--awb-bg-size:cover;--awb-width-large:50%;--awb-margin-top-large:0px;--awb-spacing-right-large:3.84%;--awb-margin-bottom-large:20px;--awb-spacing-left-large:3.84%;--awb-width-medium:100%;--awb-order-medium:0;--awb-spacing-right-medium:1.92%;--awb-spacing-left-medium:1.92%;--awb-width-small:100%;--awb-order-small:0;--awb-spacing-right-small:1.92%;--awb-spacing-left-small:1.92%;\"><div class=\"fusion-column-wrapper fusion-column-has-shadow fusion-flex-justify-content-flex-start fusion-content-layout-column\"><div class=\"fusion-image-element \" style=\"--awb-caption-title-font-family:var(--h2_typography-font-family);--awb-caption-title-font-weight:var(--h2_typography-font-weight);--awb-caption-title-font-style:var(--h2_typography-font-style);--awb-caption-title-size:var(--h2_typography-font-size);--awb-caption-title-transform:var(--h2_typography-text-transform);--awb-caption-title-line-height:var(--h2_typography-line-height);--awb-caption-title-letter-spacing:var(--h2_typography-letter-spacing);\"><span class=\" fusion-imageframe imageframe-none imageframe-1 hover-type-none\" class=\"image-magnify\" class=\"image-scroll\"><img decoding=\"async\" width=\"1024\" height=\"683\" alt=\"Bogaigh na h\u00c9ireann\" title=\"img10\" src=\"https:\/\/www.irishwetlands.ie\/wp-content\/uploads\/2021\/11\/img10-1024x683.jpg\" class=\"img-responsive wp-image-2774\" srcset=\"https:\/\/www.irishwetlands.ie\/wp-content\/uploads\/2021\/11\/img10-200x133.jpg 200w, https:\/\/www.irishwetlands.ie\/wp-content\/uploads\/2021\/11\/img10-400x267.jpg 400w, https:\/\/www.irishwetlands.ie\/wp-content\/uploads\/2021\/11\/img10-600x400.jpg 600w, https:\/\/www.irishwetlands.ie\/wp-content\/uploads\/2021\/11\/img10-800x533.jpg 800w, https:\/\/www.irishwetlands.ie\/wp-content\/uploads\/2021\/11\/img10-1200x800.jpg 1200w\" sizes=\"(max-width: 1024px) 100vw, (max-width: 640px) 100vw, 800px\" \/><\/span><\/div><\/div><\/div><div class=\"fusion-layout-column fusion_builder_column fusion-builder-column-3 fusion_builder_column_1_2 1_2 fusion-flex-column\" style=\"--awb-bg-size:cover;--awb-width-large:50%;--awb-margin-top-large:0px;--awb-spacing-right-large:3.84%;--awb-margin-bottom-large:20px;--awb-spacing-left-large:3.84%;--awb-width-medium:100%;--awb-order-medium:0;--awb-spacing-right-medium:1.92%;--awb-spacing-left-medium:1.92%;--awb-width-small:100%;--awb-order-small:0;--awb-spacing-right-small:1.92%;--awb-spacing-left-small:1.92%;\"><div class=\"fusion-column-wrapper fusion-column-has-shadow fusion-flex-justify-content-flex-start fusion-content-layout-column\"><div class=\"fusion-text fusion-text-2\"><h2><strong>Is cuid r\u00edth\u00e1bhachtach den timthriall uisce iad bogaigh<\/strong><\/h2>\n<p>Comhl\u00edonann idirghn\u00edomha\u00edocht aimpl\u00e9iseach a n\u2013eilimint\u00ed \u2013 uisce, ithir, planda\u00ed agus ainmhithe, go leor feidhmeanna t\u00e1bhachtacha agus sol\u00e1thra\u00edonn siad seirbh\u00eds\u00ed t\u00e1bhachtacha \u00e9iceola\u00edochta. Is sol\u00e1thraithe agus \u00fas\u00e1ideoir\u00ed uisce iad bogaigh. Coinn\u00edonn siad a strucht\u00far agus a bhfeidhmeanna, agus sol\u00e1thra\u00edonn siad uisce d\u00fainn agus d&#8217;ainmhithe agus do phlanda\u00ed eile.<\/p>\n<ul>\n<li>Cialla\u00edonn bogaigh fiadh\u00falra<\/li>\n<li>Cialla\u00edonn bogaigh uisce<\/li>\n<li>Cialla\u00edonn bogaigh rial\u00fa tuilte<\/li>\n<li>Cialla\u00edonn bogaigh maol\u00fa ar an athr\u00fa aer\u00e1ide<\/li>\n<li>Cialla\u00edonn bogaigh t\u00edrdhreach<\/li>\n<\/ul>\n<\/div><\/div><\/div><\/div><\/div><div class=\"fusion-fullwidth fullwidth-box fusion-builder-row-4 nonhundred-percent-fullwidth non-hundred-percent-height-scrolling fusion-equal-height-columns\" style=\"--awb-border-radius-top-left:0px;--awb-border-radius-top-right:0px;--awb-border-radius-bottom-right:0px;--awb-border-radius-bottom-left:0px;--awb-padding-bottom:30px;--awb-margin-top:80px;\" ><div class=\"fusion-builder-row fusion-row\"><div class=\"fusion-layout-column fusion_builder_column fusion-builder-column-4 fusion_builder_column_1_2 1_2 fusion-one-half fusion-column-first\" style=\"--awb-bg-size:cover;width:50%;width:calc(50% - ( ( 4% ) * 0.5 ) );margin-right: 4%;\"><div class=\"fusion-column-wrapper fusion-flex-column-wrapper-legacy\"><div class=\"fusion-column-content-centered\"><div class=\"fusion-column-content\"><div class=\"fusion-text fusion-text-3\" style=\"--awb-text-transform:none;\"><h2><strong>Coiste Bogaigh Ramsar na h\u00c9ireann (n\u00f3 IRWC)<\/strong><\/h2>\n<p>Bhunaigh an Rialtas an IRWC i m\u00ed na Samhna 2010 chun cabhr\u00fa le h\u00c9irinn a riachtanais a chomhl\u00edonadh mar sh\u00ednitheoir don <a href=\"https:\/\/www.ramsar.org\/\" target=\"_blank\" rel=\"noopener noreferrer\"><em>Choinbhinsi\u00fan Ramsar<\/em><\/a>. Is gr\u00fapa forleathan ionada\u00edoch muid, a buna\u00edodh chun cabhr\u00fa le cosaint, le l\u00e9irthuiscint agus le tuiscint ar bhogaigh in \u00c9irinn agus chun feidhmi\u00fa an Choinbhinsi\u00fain seo a chur chun cinn. Tagann \u00e1r mballra\u00edocht \u00f3 ghn\u00edomhaireachta\u00ed \u00e1bhartha rialtais, institi\u00faid\u00ed eola\u00edocha agus teicni\u00fala, \u00fadar\u00e1is r\u00e9igi\u00fanacha agus \u00e1iti\u00fala agus eagra\u00edochta\u00ed neamhrialtasacha.<\/p>\n<p>Is \u00e9 an pr\u00edomhchusp\u00f3ir at\u00e1 againn n\u00e1 \u00fas\u00e1id stuama agus cosaint na mbogach go l\u00e9ir in \u00c9irinn a chur chun cinn. Ina thaobh seo, t\u00e1 s\u00e9 mar aidhm againn:<\/p>\n<ul>\n<li>Pr\u00f3if\u00edl na mbogach uile agus a luach in \u00c9irinn a ard\u00fa<\/li>\n<li>Beartais n\u00e1isi\u00fanta bogaigh a fhorbairt agus tac\u00fa leo, agus comhairle a chur ar f\u00e1il do lucht d\u00e9anta beartas<\/li>\n<li>Tac\u00fa le hoideachas bogaigh agus le feasacht an phobail ar bhogaigh<\/li>\n<li>Cur chun feidhme Choinbhinsi\u00fan Ramsar in \u00c9irinn a chur chun cinn<\/li>\n<li>A chinnti\u00fa go bhfuil na cusp\u00f3ir\u00ed seo i gcomhr\u00e9ir le Coinbhinsi\u00fan Ramsar agus le cuir chuige a ghlac Coist\u00ed n\u00e1isi\u00fanta Ramsar eile ar fud na cruinne<\/li>\n<\/ul>\n<\/div><\/div><\/div><div class=\"fusion-clearfix\"><\/div><\/div><\/div><div class=\"fusion-layout-column fusion_builder_column fusion-builder-column-5 fusion_builder_column_1_2 1_2 fusion-one-half fusion-column-last\" style=\"--awb-bg-size:cover;width:50%;width:calc(50% - ( ( 4% ) * 0.5 ) );\"><div class=\"fusion-column-wrapper fusion-flex-column-wrapper-legacy\"><div class=\"fusion-image-element in-legacy-container\" style=\"--awb-margin-top:20px;--awb-caption-title-font-family:var(--h2_typography-font-family);--awb-caption-title-font-weight:var(--h2_typography-font-weight);--awb-caption-title-font-style:var(--h2_typography-font-style);--awb-caption-title-size:var(--h2_typography-font-size);--awb-caption-title-transform:var(--h2_typography-text-transform);--awb-caption-title-line-height:var(--h2_typography-line-height);--awb-caption-title-letter-spacing:var(--h2_typography-letter-spacing);\"><span class=\" fusion-imageframe imageframe-none imageframe-2 hover-type-none\" class=\"image-magnify\" class=\"image-scroll\"><img decoding=\"async\" width=\"700\" height=\"451\" alt=\"Madra Uisce\" title=\"Otter_S\" src=\"https:\/\/www.irishwetlands.ie\/wp-content\/uploads\/2015\/03\/Otter_S.jpg\" class=\"img-responsive wp-image-2562\" srcset=\"https:\/\/www.irishwetlands.ie\/wp-content\/uploads\/2015\/03\/Otter_S-300x193.jpg 300w, https:\/\/www.irishwetlands.ie\/wp-content\/uploads\/2015\/03\/Otter_S-466x300.jpg 466w, https:\/\/www.irishwetlands.ie\/wp-content\/uploads\/2015\/03\/Otter_S.jpg 700w\" sizes=\"(max-width: 700px) 100vw, 700px\" \/><\/span><\/div><div class=\"fusion-clearfix\"><\/div><\/div><\/div><div class=\"fusion-layout-column fusion_builder_column fusion-builder-column-6 fusion_builder_column_1_1 1_1 fusion-one-full fusion-column-first fusion-column-last\" style=\"--awb-bg-size:cover;\"><div class=\"fusion-column-wrapper fusion-column-has-shadow fusion-flex-column-wrapper-legacy\"><div class=\"fusion-align-block\"><a class=\"fusion-button button-flat fusion-button-default-size button-custom fusion-button-default button-1 fusion-button-span-yes fusion-button-default-type\" style=\"--button_accent_color:#0271e8;--button_border_color:#0271e8;--button_accent_hover_color:#0271e8;--button_border_hover_color:#0271e8;--button_border_width-top:1px;--button_border_width-right:1px;--button_border_width-bottom:1px;--button_border_width-left:1px;--button_gradient_top_color:#ffffff;--button_gradient_bottom_color:#ffffff;--button_gradient_top_color_hover:#4392e8;--button_gradient_bottom_color_hover:#4392e8;--button_margin-top:30px;--button_margin-bottom:0px;\" target=\"_blank\" rel=\"noopener noreferrer\" href=\"https:\/\/twitter.com\/ramsarireland?lang=en\"><i class=\"fa-twitter fab button-icon-left\" aria-hidden=\"true\"><\/i><span class=\"fusion-button-text\">Lean muid ar Twitter @RamsarIreland<\/span><\/a><\/div><div class=\"fusion-text fusion-text-4\" style=\"--awb-text-transform:none;--awb-margin-top:80px;\"><h2 style=\"text-align: center; font-size: 32px;\">Comhph\u00e1irtithe an IRWC<\/h2>\n<p style=\"text-align: center;\"><style type='text\/css'><\/style><div class=\"rt-container-fluid rt-wpls\" id=\"rt-container-4021261268\" data-sc-id=\"3320\"><div class=\"rt-row carousel-layout wpls-carousel\" data-slick='{ \"slidesToShow\": 5, \"slidesToScroll\": 3, \"speed\": 2000, \"dots\": true, \"arrows\": true, \"infinite\": true, \"pauseOnHover\": true, \"autoplay\": true, \"rtl\": false }' ><div class='rt-col-md-3 rt-col-sm-6 rt-col-xs-12'><div class='single-logo rt-equal-height' data-title='Ramsar'><div class='single-logo-container'><img decoding=\"async\" width=\"150\" height=\"200\" src=\"https:\/\/www.irishwetlands.ie\/wp-content\/uploads\/2021\/09\/Ramsar.jpg\" class=\"wls-logo\" alt=\"Ramsar Convention on Wetlands\" title=\"Ramsar\" \/><\/div><\/div><\/div><div class='rt-col-md-3 rt-col-sm-6 rt-col-xs-12'><div class='single-logo rt-equal-height' data-title='EPA'><div class='single-logo-container'><img decoding=\"async\" width=\"290\" height=\"200\" src=\"https:\/\/www.irishwetlands.ie\/wp-content\/uploads\/2021\/09\/EPA.jpg\" class=\"wls-logo\" alt=\"Environmental Protection Agency\" title=\"EPA\" \/><\/div><\/div><\/div><div class='rt-col-md-3 rt-col-sm-6 rt-col-xs-12'><div class='single-logo rt-equal-height' data-title='National Biodiversity Data Centre'><div class='single-logo-container'><img decoding=\"async\" width=\"300\" height=\"200\" src=\"https:\/\/www.irishwetlands.ie\/wp-content\/uploads\/2021\/09\/National-Biodiversity-Data-Centre.jpg\" class=\"wls-logo\" alt=\"National Biodiversity Data Centre\" title=\"National Biodiversity Data Centre\" \/><\/div><\/div><\/div><div class='rt-col-md-3 rt-col-sm-6 rt-col-xs-12'><div class='single-logo rt-equal-height' data-title='Dept of Ag Food Marine'><div class='single-logo-container'><img decoding=\"async\" width=\"569\" height=\"200\" src=\"https:\/\/www.irishwetlands.ie\/wp-content\/uploads\/2021\/09\/Dept-Ag-Food-Marine.jpg\" class=\"wls-logo\" alt=\"Department of Agriculture, Food and the Marine\" title=\"Dept of Ag Food Marine\" \/><\/div><\/div><\/div><div class='rt-col-md-3 rt-col-sm-6 rt-col-xs-12'><div class='single-logo rt-equal-height' data-title='IEN'><div class='single-logo-container'><img decoding=\"async\" width=\"600\" height=\"200\" src=\"https:\/\/www.irishwetlands.ie\/wp-content\/uploads\/2021\/09\/IEN.jpg\" class=\"wls-logo\" alt=\"Irish Environmental Network\" title=\"IEN\" \/><\/div><\/div><\/div><div class='rt-col-md-3 rt-col-sm-6 rt-col-xs-12'><div class='single-logo rt-equal-height' data-title='Dept Housing Gov Heritage'><div class='single-logo-container'><img decoding=\"async\" width=\"555\" height=\"200\" src=\"https:\/\/www.irishwetlands.ie\/wp-content\/uploads\/2021\/09\/Dept-Housing-Gov-Heritage.jpg\" class=\"wls-logo\" alt=\"Department of Housing, Local Government and Heritage\" title=\"Dept Housing Gov Heritage\" \/><\/div><\/div><\/div><div class='rt-col-md-3 rt-col-sm-6 rt-col-xs-12'><div class='single-logo rt-equal-height' data-title='Trinity College'><div class='single-logo-container'><img decoding=\"async\" width=\"600\" height=\"200\" src=\"https:\/\/www.irishwetlands.ie\/wp-content\/uploads\/2021\/09\/Trinity.jpg\" class=\"wls-logo\" alt=\"Trinity College, Dublin\" title=\"Trinity College\" \/><\/div><\/div><\/div><div class='rt-col-md-3 rt-col-sm-6 rt-col-xs-12'><div class='single-logo rt-equal-height' data-title='Teagasc'><div class='single-logo-container'><img decoding=\"async\" width=\"380\" height=\"200\" src=\"https:\/\/www.irishwetlands.ie\/wp-content\/uploads\/2021\/09\/Teagasc.jpg\" class=\"wls-logo\" alt=\"Teagasc\" title=\"Teagasc\" \/><\/div><\/div><\/div><div class='rt-col-md-3 rt-col-sm-6 rt-col-xs-12'><div class='single-logo rt-equal-height' data-title='Community Wetlands Forum'><div class='single-logo-container'><img decoding=\"async\" width=\"300\" height=\"150\" src=\"https:\/\/www.irishwetlands.ie\/wp-content\/uploads\/2021\/09\/Community-Wetlands-Forum.jpg\" class=\"wls-logo\" alt=\"Community Wetlands Forum\" title=\"Community Wetlands Forum\" \/><\/div><\/div><\/div><div class='rt-col-md-3 rt-col-sm-6 rt-col-xs-12'><div class='single-logo rt-equal-height' data-title='Inland Fisheries Ireland'><div class='single-logo-container'><img decoding=\"async\" width=\"566\" height=\"200\" src=\"https:\/\/www.irishwetlands.ie\/wp-content\/uploads\/2021\/09\/Inland-Fisheries-Ireland.jpg\" class=\"wls-logo\" alt=\"Inland Fisheries Ireland\" title=\"Inland Fisheries Ireland\" \/><\/div><\/div><\/div><div class='rt-col-md-3 rt-col-sm-6 rt-col-xs-12'><div class='single-logo rt-equal-height' data-title='NPWS'><div class='single-logo-container'><img decoding=\"async\" width=\"737\" height=\"200\" src=\"https:\/\/www.irishwetlands.ie\/wp-content\/uploads\/2021\/09\/NPWS.jpg\" class=\"wls-logo\" alt=\"National Parks and Wildlife Service\" title=\"NPWS\" \/><\/div><\/div><\/div><div class='rt-col-md-3 rt-col-sm-6 rt-col-xs-12'><div class='single-logo rt-equal-height' data-title='Irish Peatland Conservation Council'><div class='single-logo-container'><img decoding=\"async\" width=\"181\" height=\"216\" src=\"https:\/\/www.irishwetlands.ie\/wp-content\/uploads\/2021\/10\/Irish-Peatland-Conservation-Council-2.jpg\" class=\"wls-logo\" alt=\"Irish Peatland Conservation Council\" title=\"Irish Peatland Conservation Council\" \/><\/div><\/div><\/div><div class='rt-col-md-3 rt-col-sm-6 rt-col-xs-12'><div class='single-logo rt-equal-height' data-title='OPW'><div class='single-logo-container'><img decoding=\"async\" width=\"676\" height=\"200\" src=\"https:\/\/www.irishwetlands.ie\/wp-content\/uploads\/2021\/09\/OPW.jpg\" class=\"wls-logo\" alt=\"Office of Public Works\" title=\"OPW\" \/><\/div><\/div><\/div><div class='rt-col-md-3 rt-col-sm-6 rt-col-xs-12'><div class='single-logo rt-equal-height' data-title='Coastwatch'><div class='single-logo-container'><img decoding=\"async\" width=\"233\" height=\"200\" src=\"https:\/\/www.irishwetlands.ie\/wp-content\/uploads\/2021\/09\/coastwatch.jpg\" class=\"wls-logo\" alt=\"Coastwatch\" title=\"Coastwatch\" \/><\/div><\/div><\/div><div class='rt-col-md-3 rt-col-sm-6 rt-col-xs-12'><div class='single-logo rt-equal-height' data-title='Plant Ecology Research Unit'><div class='single-logo-container'><img decoding=\"async\" width=\"138\" height=\"133\" src=\"https:\/\/www.irishwetlands.ie\/wp-content\/uploads\/2021\/09\/Plant-Ecology-Research-Unit.jpg\" class=\"wls-logo\" alt=\"Plant Ecology Research Unit\" title=\"Plant Ecology Research Unit\" \/><\/div><\/div><\/div><div class='rt-col-md-3 rt-col-sm-6 rt-col-xs-12'><div class='single-logo rt-equal-height' data-title='Wicklow County Council'><div class='single-logo-container'><img decoding=\"async\" width=\"119\" height=\"130\" src=\"https:\/\/www.irishwetlands.ie\/wp-content\/uploads\/2021\/09\/logo-15.jpg\" class=\"wls-logo\" alt=\"Wicklow County Council\" title=\"Wicklow County Council\" \/><\/div><\/div><\/div><div class='rt-col-md-3 rt-col-sm-6 rt-col-xs-12'><div class='single-logo rt-equal-height' data-title='Wicklow County Council'><div class='single-logo-container'><img decoding=\"async\" width=\"119\" height=\"130\" src=\"https:\/\/www.irishwetlands.ie\/wp-content\/uploads\/2021\/09\/logo-15.jpg\" class=\"wls-logo\" alt=\"Wicklow County Council\" title=\"Wicklow County Council\" \/><\/div><\/div><\/div><\/div><\/div><\/p>\n<\/div><div class=\"fusion-clearfix\"><\/div><\/div><\/div><\/div><\/div><\/p>\n","protected":false},"excerpt":{"rendered":"","protected":false},"author":1,"featured_media":0,"parent":0,"menu_order":0,"comment_status":"closed","ping_status":"closed","template":"100-width.php","meta":{"footnotes":""},"class_list":["post-2610","page","type-page","status-publish","hentry"],"yoast_head":"<!-- This site is optimized with the Yoast SEO plugin v27.3 - https:\/\/yoast.com\/product\/yoast-seo-wordpress\/ -->\n<title>Baile - Coiste Bogaigh Ramsar na h\u00c9ireann<\/title>\n<meta name=\"robots\" content=\"index, follow, max-snippet:-1, max-image-preview:large, max-video-preview:-1\" \/>\n<link rel=\"canonical\" href=\"https:\/\/www.irishwetlands.ie\/ga\/\" \/>\n<meta property=\"og:locale\" content=\"ga_IE\" \/>\n<meta property=\"og:type\" content=\"article\" \/>\n<meta property=\"og:title\" content=\"Baile - Coiste Bogaigh Ramsar na h\u00c9ireann\" \/>\n<meta property=\"og:url\" content=\"https:\/\/www.irishwetlands.ie\/ga\/\" \/>\n<meta property=\"og:site_name\" content=\"Coiste Bogaigh Ramsar na h\u00c9ireann\" \/>\n<meta property=\"article:modified_time\" content=\"2025-01-21T15:14:33+00:00\" \/>\n<meta name=\"twitter:card\" content=\"summary_large_image\" \/>\n<meta name=\"twitter:site\" content=\"@ramsarireland\" \/>\n<meta name=\"twitter:label1\" content=\"Est. reading time\" \/>\n\t<meta name=\"twitter:data1\" content=\"13 minutes\" \/>\n<script type=\"application\/ld+json\" class=\"yoast-schema-graph\">{\"@context\":\"https:\\\/\\\/schema.org\",\"@graph\":[{\"@type\":\"WebPage\",\"@id\":\"https:\\\/\\\/www.irishwetlands.ie\\\/ga\\\/\",\"url\":\"https:\\\/\\\/www.irishwetlands.ie\\\/ga\\\/\",\"name\":\"Baile - Coiste Bogaigh Ramsar na h\u00c9ireann\",\"isPartOf\":{\"@id\":\"https:\\\/\\\/www.irishwetlands.ie\\\/ga\\\/#website\"},\"datePublished\":\"2015-02-19T04:39:32+00:00\",\"dateModified\":\"2025-01-21T15:14:33+00:00\",\"breadcrumb\":{\"@id\":\"https:\\\/\\\/www.irishwetlands.ie\\\/ga\\\/#breadcrumb\"},\"inLanguage\":\"ga-IE\",\"potentialAction\":[{\"@type\":\"ReadAction\",\"target\":[\"https:\\\/\\\/www.irishwetlands.ie\\\/ga\\\/\"]}]},{\"@type\":\"BreadcrumbList\",\"@id\":\"https:\\\/\\\/www.irishwetlands.ie\\\/ga\\\/#breadcrumb\",\"itemListElement\":[{\"@type\":\"ListItem\",\"position\":1,\"name\":\"Home\",\"item\":\"https:\\\/\\\/www.irishwetlands.ie\\\/ga\\\/\"},{\"@type\":\"ListItem\",\"position\":2,\"name\":\"Baile\"}]},{\"@type\":\"WebSite\",\"@id\":\"https:\\\/\\\/www.irishwetlands.ie\\\/ga\\\/#website\",\"url\":\"https:\\\/\\\/www.irishwetlands.ie\\\/ga\\\/\",\"name\":\"Irish Ramsar Wetlands Committee\",\"description\":\"\",\"potentialAction\":[{\"@type\":\"SearchAction\",\"target\":{\"@type\":\"EntryPoint\",\"urlTemplate\":\"https:\\\/\\\/www.irishwetlands.ie\\\/ga\\\/?s={search_term_string}\"},\"query-input\":{\"@type\":\"PropertyValueSpecification\",\"valueRequired\":true,\"valueName\":\"search_term_string\"}}],\"inLanguage\":\"ga-IE\"}]}<\/script>\n<!-- \/ Yoast SEO plugin. -->","yoast_head_json":{"title":"Baile - Coiste Bogaigh Ramsar na h\u00c9ireann","robots":{"index":"index","follow":"follow","max-snippet":"max-snippet:-1","max-image-preview":"max-image-preview:large","max-video-preview":"max-video-preview:-1"},"canonical":"https:\/\/www.irishwetlands.ie\/ga\/","og_locale":"ga_IE","og_type":"article","og_title":"Baile - Coiste Bogaigh Ramsar na h\u00c9ireann","og_url":"https:\/\/www.irishwetlands.ie\/ga\/","og_site_name":"Coiste Bogaigh Ramsar na h\u00c9ireann","article_modified_time":"2025-01-21T15:14:33+00:00","twitter_card":"summary_large_image","twitter_site":"@ramsarireland","twitter_misc":{"Est. reading time":"13 minutes"},"schema":{"@context":"https:\/\/schema.org","@graph":[{"@type":"WebPage","@id":"https:\/\/www.irishwetlands.ie\/ga\/","url":"https:\/\/www.irishwetlands.ie\/ga\/","name":"Baile - Coiste Bogaigh Ramsar na h\u00c9ireann","isPartOf":{"@id":"https:\/\/www.irishwetlands.ie\/ga\/#website"},"datePublished":"2015-02-19T04:39:32+00:00","dateModified":"2025-01-21T15:14:33+00:00","breadcrumb":{"@id":"https:\/\/www.irishwetlands.ie\/ga\/#breadcrumb"},"inLanguage":"ga-IE","potentialAction":[{"@type":"ReadAction","target":["https:\/\/www.irishwetlands.ie\/ga\/"]}]},{"@type":"BreadcrumbList","@id":"https:\/\/www.irishwetlands.ie\/ga\/#breadcrumb","itemListElement":[{"@type":"ListItem","position":1,"name":"Home","item":"https:\/\/www.irishwetlands.ie\/ga\/"},{"@type":"ListItem","position":2,"name":"Baile"}]},{"@type":"WebSite","@id":"https:\/\/www.irishwetlands.ie\/ga\/#website","url":"https:\/\/www.irishwetlands.ie\/ga\/","name":"Irish Ramsar Wetlands Committee","description":"","potentialAction":[{"@type":"SearchAction","target":{"@type":"EntryPoint","urlTemplate":"https:\/\/www.irishwetlands.ie\/ga\/?s={search_term_string}"},"query-input":{"@type":"PropertyValueSpecification","valueRequired":true,"valueName":"search_term_string"}}],"inLanguage":"ga-IE"}]}},"_links":{"self":[{"href":"https:\/\/www.irishwetlands.ie\/ga\/wp-json\/wp\/v2\/pages\/2610","targetHints":{"allow":["GET"]}}],"collection":[{"href":"https:\/\/www.irishwetlands.ie\/ga\/wp-json\/wp\/v2\/pages"}],"about":[{"href":"https:\/\/www.irishwetlands.ie\/ga\/wp-json\/wp\/v2\/types\/page"}],"author":[{"embeddable":true,"href":"https:\/\/www.irishwetlands.ie\/ga\/wp-json\/wp\/v2\/users\/1"}],"replies":[{"embeddable":true,"href":"https:\/\/www.irishwetlands.ie\/ga\/wp-json\/wp\/v2\/comments?post=2610"}],"version-history":[{"count":30,"href":"https:\/\/www.irishwetlands.ie\/ga\/wp-json\/wp\/v2\/pages\/2610\/revisions"}],"predecessor-version":[{"id":3651,"href":"https:\/\/www.irishwetlands.ie\/ga\/wp-json\/wp\/v2\/pages\/2610\/revisions\/3651"}],"wp:attachment":[{"href":"https:\/\/www.irishwetlands.ie\/ga\/wp-json\/wp\/v2\/media?parent=2610"}],"curies":[{"name":"wp","href":"https:\/\/api.w.org\/{rel}","templated":true}]}}