{"id":2918,"date":"2019-05-07T22:59:45","date_gmt":"2019-05-07T22:59:45","guid":{"rendered":"https:\/\/www.irishwetlands.ie\/home-page\/eachtai\/"},"modified":"2022-12-12T16:17:49","modified_gmt":"2022-12-12T16:17:49","slug":"eachtai","status":"publish","type":"page","link":"https:\/\/www.irishwetlands.ie\/ga\/home-page\/eachtai\/","title":{"rendered":"\u00c9achta\u00ed"},"content":{"rendered":"<div class=\"fusion-fullwidth fullwidth-box fusion-builder-row-1 nonhundred-percent-fullwidth non-hundred-percent-height-scrolling fusion-equal-height-columns\" style=\"--awb-border-radius-top-left:0px;--awb-border-radius-top-right:0px;--awb-border-radius-bottom-right:0px;--awb-border-radius-bottom-left:0px;\" ><div class=\"fusion-builder-row fusion-row\"><div class=\"fusion-layout-column fusion_builder_column fusion-builder-column-0 fusion_builder_column_1_4 1_4 fusion-one-fourth fusion-column-first\" style=\"--awb-bg-size:cover;--awb-margin-bottom:0px;width:22%; margin-right: 4%;\"><div class=\"fusion-column-wrapper fusion-flex-column-wrapper-legacy\"><div class=\"fusion-image-element in-legacy-container\" style=\"--awb-caption-title-font-family:var(--h2_typography-font-family);--awb-caption-title-font-weight:var(--h2_typography-font-weight);--awb-caption-title-font-style:var(--h2_typography-font-style);--awb-caption-title-size:var(--h2_typography-font-size);--awb-caption-title-transform:var(--h2_typography-text-transform);--awb-caption-title-line-height:var(--h2_typography-line-height);--awb-caption-title-letter-spacing:var(--h2_typography-letter-spacing);\"><span class=\" fusion-imageframe imageframe-none imageframe-1 hover-type-none\" class=\"image-magnify\" class=\"image-scroll\"><img decoding=\"async\" width=\"800\" height=\"450\" title=\"2018-09-14 15.20.29\" src=\"https:\/\/www.irishwetlands.ie\/wp-content\/uploads\/2019\/05\/2018-09-14-15.20.29.jpg\" alt class=\"img-responsive wp-image-2654\" srcset=\"https:\/\/www.irishwetlands.ie\/wp-content\/uploads\/2019\/05\/2018-09-14-15.20.29-200x113.jpg 200w, https:\/\/www.irishwetlands.ie\/wp-content\/uploads\/2019\/05\/2018-09-14-15.20.29-400x225.jpg 400w, https:\/\/www.irishwetlands.ie\/wp-content\/uploads\/2019\/05\/2018-09-14-15.20.29-600x338.jpg 600w, https:\/\/www.irishwetlands.ie\/wp-content\/uploads\/2019\/05\/2018-09-14-15.20.29.jpg 800w\" sizes=\"(max-width: 800px) 100vw, 400px\" \/><\/span><\/div><div class=\"fusion-image-element in-legacy-container\" style=\"--awb-caption-title-font-family:var(--h2_typography-font-family);--awb-caption-title-font-weight:var(--h2_typography-font-weight);--awb-caption-title-font-style:var(--h2_typography-font-style);--awb-caption-title-size:var(--h2_typography-font-size);--awb-caption-title-transform:var(--h2_typography-text-transform);--awb-caption-title-line-height:var(--h2_typography-line-height);--awb-caption-title-letter-spacing:var(--h2_typography-letter-spacing);\"><span class=\" fusion-imageframe imageframe-none imageframe-2 hover-type-none\" class=\"image-magnify\" class=\"image-scroll\"><img decoding=\"async\" width=\"799\" height=\"448\" title=\"DSC_0182\" src=\"https:\/\/www.irishwetlands.ie\/wp-content\/uploads\/2019\/05\/DSC_0182.jpg\" alt class=\"img-responsive wp-image-2656\" srcset=\"https:\/\/www.irishwetlands.ie\/wp-content\/uploads\/2019\/05\/DSC_0182-200x112.jpg 200w, https:\/\/www.irishwetlands.ie\/wp-content\/uploads\/2019\/05\/DSC_0182-400x224.jpg 400w, https:\/\/www.irishwetlands.ie\/wp-content\/uploads\/2019\/05\/DSC_0182-600x336.jpg 600w, https:\/\/www.irishwetlands.ie\/wp-content\/uploads\/2019\/05\/DSC_0182.jpg 799w\" sizes=\"(max-width: 800px) 100vw, 400px\" \/><\/span><\/div><div class=\"fusion-image-element in-legacy-container\" style=\"--awb-caption-title-font-family:var(--h2_typography-font-family);--awb-caption-title-font-weight:var(--h2_typography-font-weight);--awb-caption-title-font-style:var(--h2_typography-font-style);--awb-caption-title-size:var(--h2_typography-font-size);--awb-caption-title-transform:var(--h2_typography-text-transform);--awb-caption-title-line-height:var(--h2_typography-line-height);--awb-caption-title-letter-spacing:var(--h2_typography-letter-spacing);\"><span class=\" fusion-imageframe imageframe-none imageframe-3 hover-type-none\" class=\"image-magnify\" class=\"image-scroll\"><img decoding=\"async\" width=\"800\" height=\"449\" title=\"WetlandsWorkshopCabragh_180925\" src=\"https:\/\/www.irishwetlands.ie\/wp-content\/uploads\/2019\/05\/WetlandsWorkshopCabragh_180925.jpg\" alt class=\"img-responsive wp-image-2658\" srcset=\"https:\/\/www.irishwetlands.ie\/wp-content\/uploads\/2019\/05\/WetlandsWorkshopCabragh_180925-200x112.jpg 200w, https:\/\/www.irishwetlands.ie\/wp-content\/uploads\/2019\/05\/WetlandsWorkshopCabragh_180925-400x225.jpg 400w, https:\/\/www.irishwetlands.ie\/wp-content\/uploads\/2019\/05\/WetlandsWorkshopCabragh_180925-600x337.jpg 600w, https:\/\/www.irishwetlands.ie\/wp-content\/uploads\/2019\/05\/WetlandsWorkshopCabragh_180925.jpg 800w\" sizes=\"(max-width: 800px) 100vw, 400px\" \/><\/span><\/div><div class=\"fusion-image-element in-legacy-container\" style=\"--awb-caption-title-font-family:var(--h2_typography-font-family);--awb-caption-title-font-weight:var(--h2_typography-font-weight);--awb-caption-title-font-style:var(--h2_typography-font-style);--awb-caption-title-size:var(--h2_typography-font-size);--awb-caption-title-transform:var(--h2_typography-text-transform);--awb-caption-title-line-height:var(--h2_typography-line-height);--awb-caption-title-letter-spacing:var(--h2_typography-letter-spacing);\"><span class=\" fusion-imageframe imageframe-none imageframe-4 hover-type-none\" class=\"image-magnify\" class=\"image-scroll\"><img decoding=\"async\" width=\"800\" height=\"450\" title=\"Scohaboy2018c\" src=\"https:\/\/www.irishwetlands.ie\/wp-content\/uploads\/2019\/05\/Scohaboy2018c.jpg\" alt class=\"img-responsive wp-image-2657\" srcset=\"https:\/\/www.irishwetlands.ie\/wp-content\/uploads\/2019\/05\/Scohaboy2018c-200x113.jpg 200w, https:\/\/www.irishwetlands.ie\/wp-content\/uploads\/2019\/05\/Scohaboy2018c-400x225.jpg 400w, https:\/\/www.irishwetlands.ie\/wp-content\/uploads\/2019\/05\/Scohaboy2018c-600x338.jpg 600w, https:\/\/www.irishwetlands.ie\/wp-content\/uploads\/2019\/05\/Scohaboy2018c.jpg 800w\" sizes=\"(max-width: 800px) 100vw, 400px\" \/><\/span><\/div><div class=\"fusion-clearfix\"><\/div><\/div><\/div><div class=\"fusion-layout-column fusion_builder_column fusion-builder-column-1 fusion_builder_column_3_4 3_4 fusion-three-fourth fusion-column-last\" style=\"--awb-bg-size:cover;--awb-margin-bottom:0px;width:74%;\"><div class=\"fusion-column-wrapper fusion-flex-column-wrapper-legacy\"><div class=\"fusion-column-content-centered\"><div class=\"fusion-column-content\"><div class=\"fusion-text fusion-text-1\"><h1><strong>\u00c9achta\u00ed an IRWC 2010 \u2013 an lae inniu<\/strong><\/h1>\n<p>\u00d3 buna\u00edodh \u00e1r ngr\u00fapa in 2010, dh\u00edr\u00edomar ar th\u00e1bhacht bogaigh na h\u00c9ireann a chur chun cinn. D&#8217;eagraigh muid \u00e1r gcruinnithe ar fud na t\u00edre, ag glacadh le cuairteanna ar go leor su\u00edomhanna bogaigh iontacha, agus t\u00e1 go leor acu ar shu\u00edomhanna Ramsar. Anseo th\u00edos, liostaimid roinnt garspriocanna agus \u00e9achta\u00ed in ord croineola\u00edoch droim ar ais:<\/p>\n<ul>\n<li><strong>Aibre\u00e1n 2019:<\/strong> Cuairt an IRWC ar bhogaigh Anne Valley, ar Phortach na Fianaighe agus ar an mbogach ch\u00faiteach ag C\u00faltra Thr\u00e1 Mh\u00f3r.<\/li>\n<li><strong>M\u00e1rta 2019:<\/strong> Aighneacht an IRWC ar Oidhreacht \u00c9ireann 2030, plean chun tosaigh go dt\u00ed 2030 ag an Roinn Cult\u00fair, Oidhreachta agus Gaeltachta.<\/li>\n<li><strong>Me\u00e1n F\u00f3mhair 2018:<\/strong> Ceardlann chomhph\u00e1irteach an IRWC\/Ionad Sonra\u00ed Bith\u00e9ags\u00falachta N\u00e1isi\u00fanta ar \u00fas\u00e1id L\u00e1mhleabhar an bogaigh ar si\u00fal in Ionad Bogaigh an Chabhrach.<\/li>\n<li><strong>Me\u00e1n F\u00f3mhair 2018<\/strong>: Cuairt an IRWC ar Eanach Bhaile Pholaird.<\/li>\n<li><strong>Bealtaine 2018:<\/strong> Seolann an IRWC <em><a href=\"https:\/\/www.irishwetlands.ie\/wetland-guide-download\/\" target=\"_blank\" rel=\"noopener noreferrer\">Cine\u00e1lacha Bogthaise na h\u00c9ireann: Treoir aitheantais agus l\u00e1mhleabhar suirbh\u00e9 <\/a><\/em>allamuigh ag imeacht M\u00f3in Scotha Bu\u00ed, Clock Shiurd\u00e1in.<\/li>\n<li><strong>Nollaig 2017:<\/strong> Cr\u00edochna\u00edonn an IRWC nuashonruithe Su\u00edomh Ramsar do 31 su\u00edomhanna (as 45) tr\u00ed thairiscint arna heisi\u00faint chuig MERC Consultants.<\/li>\n<li><strong>Feabhra 2017:<\/strong> F\u00f3gra\u00edodh an tairiscint chun nuashonruithe a chur i gcr\u00edch ar 25 su\u00edomh Ramsar eile.<\/li>\n<li><strong>Meitheamh 2016:<\/strong> \u00d3st\u00e1lann IRWC ceardlann chomhthreomhar ag comhdh\u00e1il idirn\u00e1isi\u00fanta bogaigh a re\u00e1cht\u00e1iltear in O\u00c9G. <a href=\"https:\/\/www.irishwetlands.ie\/nuig-conference\/\" target=\"_blank\" rel=\"noopener noreferrer\">Tuairisc ar f\u00e1il anseo<\/a>.<\/li>\n<li><strong>Bealtaine 2015:<\/strong> D&#8217;fhreastail Christopher Briggs, Ard-R\u00fana\u00ed Ramsar, ar chruinni\u00fa an IRWC i Muineach\u00e1n.<\/li>\n<li><strong>I\u00fail 2014:<\/strong> Cruinni\u00fa an IRWC i dTeach Oidhreachta Abbeleix le cuairt ar Phortach Mhainistir Laoise.<\/li>\n<li><strong>Aibre\u00e1n 2014<\/strong>: Nuashonruithe ar na ch\u00e9ad s\u00e9 shu\u00edomh curtha i gcr\u00edch ag comhairleoir\u00ed MERC tr\u00ed thairiscint. Ba iad seo a leanas na l\u00e1ithreacha: Cuan Chaisle\u00e1n na Mainge, Portach na Cl\u00e9ire, Garbhchr\u00edoch na C\u00faile, Loch Coiribe, Ardchl\u00e1r Paiteag\u00f3 agus Baile Phollaird an Fhianaite. B&#8217;ionann \u00e9 sin agus na ch\u00e9ad nuashonruithe l\u00e1ithre\u00e1in \u00f3 liosta\u00edodh na su\u00edomhanna ar dt\u00fas.<\/li>\n<li><strong>Feabhra 2014:<\/strong> Foils\u00edodh an ch\u00e9ad cheann de ch\u00faig alt bogaigh san iris <em>Irish Farmers Journal Country Living<\/em> (f\u00e9ach ar \u00e1r leathanach <a href=\"https:\/\/www.irishwetlands.ie\/ga\/acmhainni-irwc-aschuir\/\">Acmhainn\u00ed<\/a> chun sonra\u00ed a fh\u00e1il).<\/li>\n<li><strong>Feabhra 2014<\/strong>: D\u00e9anann an IRWC aighneacht maidir le Cl\u00e1r Forbartha Tuaithe na Roinne Talmha\u00edochta, Bia agus Mara (DAFM) d&#8217;\u00c9irinn (RDP) 2014 &#8211; 2020.<\/li>\n<li><strong>I\u00fail 2013:<\/strong> Ceardlann le h\u00dadar\u00e1is \u00c1iti\u00fala, Beannchar, Co. U\u00edbh Fhail\u00ed, lena n-\u00e1ir\u00edtear caint mhaisithe leis an n\u00e1d\u00fara\u00ed \u00e1iti\u00fail Stephen Heery.<\/li>\n<li><strong>Feabhra 2013:<\/strong> Cr\u00edochna\u00edodh an tuarasc\u00e1il deiridh ar an <em>tionscadal Fardal Acmhainn\u00ed Bogthaise<\/em>, arna mhaoini\u00fa ag deontas Staid\u00e9ir Mhionsc\u00e1la an EPA agus arna chr\u00edochn\u00fa ag BirdWatch na h\u00c9ireann thar ceann an IRWC.<\/li>\n<li><strong>Me\u00e1n F\u00f3mhair 2012:<\/strong> Cruinni\u00fa arna \u00f3st\u00e1il ag an Ionad N\u00e1isi\u00fanta Sonra\u00ed Bith\u00e9ags\u00falachta, agus ar fhreastail Rob McInnes \u00f3 Phain\u00e9al Athbhreithnithe Eola\u00edoch agus Teicni\u00fail Choinbhinsi\u00fan Ramsar na R\u00edochta Aontaithe air.<\/li>\n<li><strong>Deireadh F\u00f3mhair 2010:<\/strong> An ch\u00e9ad chruinni\u00fa den ghr\u00fapa a bhunaigh an Rialtas, a raibh Ken Whelan ina chathaoirleach air, agus ar fhreastail Tobias Salathe, Comhairleoir Sinsearach don Eoraip laistigh de R\u00fana\u00edocht Ramsar air.<\/li>\n<\/ul>\n<\/div><\/div><\/div><div class=\"fusion-clearfix\"><\/div><\/div><\/div><\/div><\/div>\n","protected":false},"excerpt":{"rendered":"","protected":false},"author":1,"featured_media":0,"parent":2610,"menu_order":0,"comment_status":"closed","ping_status":"closed","template":"","meta":{"footnotes":""},"class_list":["post-2918","page","type-page","status-publish","hentry"],"yoast_head":"<!-- This site is optimized with the Yoast SEO plugin v27.3 - https:\/\/yoast.com\/product\/yoast-seo-wordpress\/ -->\n<title>\u00c9achta\u00ed - Coiste Bogaigh Ramsar na h\u00c9ireann<\/title>\n<meta name=\"robots\" content=\"index, follow, max-snippet:-1, max-image-preview:large, max-video-preview:-1\" \/>\n<link rel=\"canonical\" href=\"https:\/\/www.irishwetlands.ie\/ga\/home-page\/eachtai\/\" \/>\n<meta property=\"og:locale\" content=\"ga_IE\" \/>\n<meta property=\"og:type\" content=\"article\" \/>\n<meta property=\"og:title\" content=\"\u00c9achta\u00ed - Coiste Bogaigh Ramsar na h\u00c9ireann\" \/>\n<meta property=\"og:url\" content=\"https:\/\/www.irishwetlands.ie\/ga\/home-page\/eachtai\/\" \/>\n<meta property=\"og:site_name\" content=\"Coiste Bogaigh Ramsar na h\u00c9ireann\" \/>\n<meta property=\"article:modified_time\" content=\"2022-12-12T16:17:49+00:00\" \/>\n<meta name=\"twitter:card\" content=\"summary_large_image\" \/>\n<meta name=\"twitter:site\" content=\"@ramsarireland\" \/>\n<meta name=\"twitter:label1\" content=\"Est. reading time\" \/>\n\t<meta name=\"twitter:data1\" content=\"6 minutes\" \/>\n<script type=\"application\/ld+json\" class=\"yoast-schema-graph\">{\"@context\":\"https:\\\/\\\/schema.org\",\"@graph\":[{\"@type\":\"WebPage\",\"@id\":\"https:\\\/\\\/www.irishwetlands.ie\\\/ga\\\/home-page\\\/eachtai\\\/\",\"url\":\"https:\\\/\\\/www.irishwetlands.ie\\\/ga\\\/home-page\\\/eachtai\\\/\",\"name\":\"\u00c9achta\u00ed - Coiste Bogaigh Ramsar na h\u00c9ireann\",\"isPartOf\":{\"@id\":\"https:\\\/\\\/www.irishwetlands.ie\\\/ga\\\/#website\"},\"datePublished\":\"2019-05-07T22:59:45+00:00\",\"dateModified\":\"2022-12-12T16:17:49+00:00\",\"breadcrumb\":{\"@id\":\"https:\\\/\\\/www.irishwetlands.ie\\\/ga\\\/home-page\\\/eachtai\\\/#breadcrumb\"},\"inLanguage\":\"ga-IE\",\"potentialAction\":[{\"@type\":\"ReadAction\",\"target\":[\"https:\\\/\\\/www.irishwetlands.ie\\\/ga\\\/home-page\\\/eachtai\\\/\"]}]},{\"@type\":\"BreadcrumbList\",\"@id\":\"https:\\\/\\\/www.irishwetlands.ie\\\/ga\\\/home-page\\\/eachtai\\\/#breadcrumb\",\"itemListElement\":[{\"@type\":\"ListItem\",\"position\":1,\"name\":\"Home\",\"item\":\"https:\\\/\\\/www.irishwetlands.ie\\\/ga\\\/\"},{\"@type\":\"ListItem\",\"position\":2,\"name\":\"Baile\",\"item\":\"https:\\\/\\\/www.irishwetlands.ie\\\/ga\\\/\"},{\"@type\":\"ListItem\",\"position\":3,\"name\":\"\u00c9achta\u00ed\"}]},{\"@type\":\"WebSite\",\"@id\":\"https:\\\/\\\/www.irishwetlands.ie\\\/ga\\\/#website\",\"url\":\"https:\\\/\\\/www.irishwetlands.ie\\\/ga\\\/\",\"name\":\"Irish Ramsar Wetlands Committee\",\"description\":\"\",\"potentialAction\":[{\"@type\":\"SearchAction\",\"target\":{\"@type\":\"EntryPoint\",\"urlTemplate\":\"https:\\\/\\\/www.irishwetlands.ie\\\/ga\\\/?s={search_term_string}\"},\"query-input\":{\"@type\":\"PropertyValueSpecification\",\"valueRequired\":true,\"valueName\":\"search_term_string\"}}],\"inLanguage\":\"ga-IE\"}]}<\/script>\n<!-- \/ Yoast SEO plugin. -->","yoast_head_json":{"title":"\u00c9achta\u00ed - Coiste Bogaigh Ramsar na h\u00c9ireann","robots":{"index":"index","follow":"follow","max-snippet":"max-snippet:-1","max-image-preview":"max-image-preview:large","max-video-preview":"max-video-preview:-1"},"canonical":"https:\/\/www.irishwetlands.ie\/ga\/home-page\/eachtai\/","og_locale":"ga_IE","og_type":"article","og_title":"\u00c9achta\u00ed - Coiste Bogaigh Ramsar na h\u00c9ireann","og_url":"https:\/\/www.irishwetlands.ie\/ga\/home-page\/eachtai\/","og_site_name":"Coiste Bogaigh Ramsar na h\u00c9ireann","article_modified_time":"2022-12-12T16:17:49+00:00","twitter_card":"summary_large_image","twitter_site":"@ramsarireland","twitter_misc":{"Est. reading time":"6 minutes"},"schema":{"@context":"https:\/\/schema.org","@graph":[{"@type":"WebPage","@id":"https:\/\/www.irishwetlands.ie\/ga\/home-page\/eachtai\/","url":"https:\/\/www.irishwetlands.ie\/ga\/home-page\/eachtai\/","name":"\u00c9achta\u00ed - Coiste Bogaigh Ramsar na h\u00c9ireann","isPartOf":{"@id":"https:\/\/www.irishwetlands.ie\/ga\/#website"},"datePublished":"2019-05-07T22:59:45+00:00","dateModified":"2022-12-12T16:17:49+00:00","breadcrumb":{"@id":"https:\/\/www.irishwetlands.ie\/ga\/home-page\/eachtai\/#breadcrumb"},"inLanguage":"ga-IE","potentialAction":[{"@type":"ReadAction","target":["https:\/\/www.irishwetlands.ie\/ga\/home-page\/eachtai\/"]}]},{"@type":"BreadcrumbList","@id":"https:\/\/www.irishwetlands.ie\/ga\/home-page\/eachtai\/#breadcrumb","itemListElement":[{"@type":"ListItem","position":1,"name":"Home","item":"https:\/\/www.irishwetlands.ie\/ga\/"},{"@type":"ListItem","position":2,"name":"Baile","item":"https:\/\/www.irishwetlands.ie\/ga\/"},{"@type":"ListItem","position":3,"name":"\u00c9achta\u00ed"}]},{"@type":"WebSite","@id":"https:\/\/www.irishwetlands.ie\/ga\/#website","url":"https:\/\/www.irishwetlands.ie\/ga\/","name":"Irish Ramsar Wetlands Committee","description":"","potentialAction":[{"@type":"SearchAction","target":{"@type":"EntryPoint","urlTemplate":"https:\/\/www.irishwetlands.ie\/ga\/?s={search_term_string}"},"query-input":{"@type":"PropertyValueSpecification","valueRequired":true,"valueName":"search_term_string"}}],"inLanguage":"ga-IE"}]}},"_links":{"self":[{"href":"https:\/\/www.irishwetlands.ie\/ga\/wp-json\/wp\/v2\/pages\/2918","targetHints":{"allow":["GET"]}}],"collection":[{"href":"https:\/\/www.irishwetlands.ie\/ga\/wp-json\/wp\/v2\/pages"}],"about":[{"href":"https:\/\/www.irishwetlands.ie\/ga\/wp-json\/wp\/v2\/types\/page"}],"author":[{"embeddable":true,"href":"https:\/\/www.irishwetlands.ie\/ga\/wp-json\/wp\/v2\/users\/1"}],"replies":[{"embeddable":true,"href":"https:\/\/www.irishwetlands.ie\/ga\/wp-json\/wp\/v2\/comments?post=2918"}],"version-history":[{"count":5,"href":"https:\/\/www.irishwetlands.ie\/ga\/wp-json\/wp\/v2\/pages\/2918\/revisions"}],"predecessor-version":[{"id":3148,"href":"https:\/\/www.irishwetlands.ie\/ga\/wp-json\/wp\/v2\/pages\/2918\/revisions\/3148"}],"up":[{"embeddable":true,"href":"https:\/\/www.irishwetlands.ie\/ga\/wp-json\/wp\/v2\/pages\/2610"}],"wp:attachment":[{"href":"https:\/\/www.irishwetlands.ie\/ga\/wp-json\/wp\/v2\/media?parent=2918"}],"curies":[{"name":"wp","href":"https:\/\/api.w.org\/{rel}","templated":true}]}}