{"id":2933,"date":"2022-09-19T09:29:57","date_gmt":"2022-09-19T09:29:57","guid":{"rendered":"https:\/\/www.irishwetlands.ie\/ramsar-in-eirinn\/"},"modified":"2022-12-12T16:05:38","modified_gmt":"2022-12-12T16:05:38","slug":"ramsar-in-eirinn","status":"publish","type":"page","link":"https:\/\/www.irishwetlands.ie\/ga\/ramsar-in-eirinn\/","title":{"rendered":"Ramsar in \u00c9irinn"},"content":{"rendered":"<p><div class=\"fusion-fullwidth fullwidth-box fusion-builder-row-1 nonhundred-percent-fullwidth non-hundred-percent-height-scrolling\" style=\"--awb-border-radius-top-left:0px;--awb-border-radius-top-right:0px;--awb-border-radius-bottom-right:0px;--awb-border-radius-bottom-left:0px;--awb-margin-top:0px;--awb-margin-bottom:0px;\" ><div class=\"fusion-builder-row fusion-row\"><div class=\"fusion-layout-column fusion_builder_column fusion-builder-column-0 fusion_builder_column_1_1 1_1 fusion-one-full fusion-column-first fusion-column-last\" style=\"--awb-bg-size:cover;--awb-margin-bottom:0px;\"><div class=\"fusion-column-wrapper fusion-flex-column-wrapper-legacy\"><div class=\"fusion-title title fusion-title-1 fusion-title-center fusion-title-text fusion-title-size-one\"><div class=\"title-sep-container title-sep-container-left\"><div class=\"title-sep sep-double sep-solid\" style=\"border-color:#e0dede;\"><\/div><\/div><span class=\"awb-title-spacer\"><\/span><h1 class=\"title-heading-center fusion-responsive-typography-calculated\" style=\"margin:0;--fontSize:34;line-height:1.4;\">Su\u00edomhanna Ramsar in \u00c9irinn<\/h1><span class=\"awb-title-spacer\"><\/span><div class=\"title-sep-container title-sep-container-right\"><div class=\"title-sep sep-double sep-solid\" style=\"border-color:#e0dede;\"><\/div><\/div><\/div><div class=\"fusion-clearfix\"><\/div><\/div><\/div><\/div><\/div><div class=\"fusion-fullwidth fullwidth-box fusion-builder-row-2 nonhundred-percent-fullwidth non-hundred-percent-height-scrolling fusion-equal-height-columns\" style=\"--awb-border-radius-top-left:0px;--awb-border-radius-top-right:0px;--awb-border-radius-bottom-right:0px;--awb-border-radius-bottom-left:0px;\" ><div class=\"fusion-builder-row fusion-row\"><div class=\"fusion-layout-column fusion_builder_column fusion-builder-column-1 fusion_builder_column_3_4 3_4 fusion-three-fourth fusion-column-first\" style=\"--awb-bg-size:cover;--awb-margin-bottom:0px;width:74%; margin-right: 4%;\"><div class=\"fusion-column-wrapper fusion-flex-column-wrapper-legacy\"><div class=\"fusion-text fusion-text-1\"><style>.embed-container {position: relative; padding-bottom: 160%; height: 0; max-width: 100%;} .embed-container iframe, .embed-container object, .embed-container iframe{position: absolute; top: 0; left: 0; width: 100%; height: 100%;} small{position: absolute; z-index: 40; bottom: 0; margin-bottom: -15px;}<\/style>\n<div class=\"embed-container\"><iframe title=\"RamsarIreland\" src=\"\/\/www.arcgis.com\/apps\/Embed\/index.html?webmap=446b049804364e54acc392b0f20af237&amp;extent=-10.83,51.39,-4.6627,55.385&amp;zoom=true&amp;previewImage=false&amp;scale=true&amp;legendlayers=true&amp;disable_scroll=false&amp;theme=light\" width=\"300\" height=\"400\" frameborder=\"0\" marginwidth=\"0\" marginheight=\"0\" scrolling=\"no\"><\/iframe><\/div>\n<\/div><div class=\"fusion-text fusion-text-2\" style=\"--awb-margin-top:60px;\"><p>T\u00e1 45 su\u00edomh aitheanta mar l\u00e1ithre\u00e1in Ramsar in \u00c9irinn. Is bogaigh iad seo a bhfuil luach suntasach ag baint leo \u00f3 thaobh an d\u00falra de. T\u00e1 na su\u00edomhanna l\u00e9irithe ar an l\u00e9arsc\u00e1il mar aon le su\u00edomhanna eile ainmnithe Natura 2000. Is f\u00e9idir eolas ar gach su\u00edomh a fh\u00e1il tr\u00ed chlice\u00e1il ar na naisc sa roghchl\u00e1r. T\u00e1 an fhaisn\u00e9is go l\u00e9ir a bhaineann go sonrach le su\u00edomh ar f\u00e1il ar <a href=\"https:\/\/rsis.ramsar.org\/ris-search\/?f%5B0%5D=regionCountry_en_ss%3AEurope&amp;f%5B1%5D=regionCountry_en_ss%3AIreland\" target=\"_blank\" rel=\"noopener\">https:\/\/rsis.ramsar.org<\/a>, an taisclann l\u00e1rnach d&#8217;fhaisn\u00e9is su\u00edomh Ramsar.<\/p>\n<\/div><div class=\"fusion-clearfix\"><\/div><\/div><\/div><div class=\"fusion-layout-column fusion_builder_column fusion-builder-column-2 fusion_builder_column_1_4 1_4 fusion-one-fourth fusion-column-last\" style=\"--awb-bg-size:cover;width:22%;\"><div class=\"fusion-column-wrapper fusion-flex-column-wrapper-legacy\"><div class=\"fusion-text fusion-text-3\"><p><a href=\"https:\/\/rsis.ramsar.org\/ris\/291\" target=\"_blank\" rel=\"noopener\">291. C\u00falchiste Fiadh\u00falra Loch Garman<\/a><\/p>\n<p><a href=\"https:\/\/rsis.ramsar.org\/ris\/333\" target=\"_blank\" rel=\"noopener\">333. R\u00e1mhainn<\/a><\/p>\n<p><a href=\"https:\/\/rsis.ramsar.org\/ris\/334\" target=\"_blank\" rel=\"noopener\">334. Ardchl\u00e1r Paiteag\u00f3<\/a><\/p>\n<p><a href=\"https:\/\/rsis.ramsar.org\/ris\/335\" target=\"_blank\" rel=\"noopener\">335. Sl\u00e9ibhte Shliabh Bladhma<\/a><\/p>\n<p><a href=\"https:\/\/rsis.ramsar.org\/ris\/336\" target=\"_blank\" rel=\"noopener\">336. Dobharcheantar na hAbhann Duibhe<\/a><\/p>\n<p><a href=\"https:\/\/rsis.ramsar.org\/ris\/371\" target=\"_blank\" rel=\"noopener\">371. An Abhainn Bhu\u00ed<\/a><\/p>\n<p><a href=\"https:\/\/rsis.ramsar.org\/ris\/372\" target=\"_blank\" rel=\"noopener\">372. Cnoc Maoile \/ Seisceann<\/a><\/p>\n<p><a href=\"https:\/\/rsis.ramsar.org\/ris\/373\" target=\"_blank\" rel=\"noopener\">373. Portach Loch Barra<\/a><\/p>\n<p><a href=\"https:\/\/rsis.ramsar.org\/ris\/406\" target=\"_blank\" rel=\"noopener\">406. Oile\u00e1n an Bhulla Thuaidh<\/a><\/p>\n<p><a href=\"https:\/\/rsis.ramsar.org\/ris\/412\" target=\"_blank\" rel=\"noopener\">412. Inbhear Bhaile Rois\u00e9ir<\/a><\/p>\n<p><a href=\"https:\/\/rsis.ramsar.org\/ris\/413\" target=\"_blank\" rel=\"noopener\">413. B\u00e1 Bhaile D\u00faill<\/a><\/p>\n<p><a href=\"https:\/\/rsis.ramsar.org\/ris\/415\" target=\"_blank\" rel=\"noopener\">415. An Mh\u00f3in Rua<\/a><\/p>\n<p><a href=\"https:\/\/rsis.ramsar.org\/ris\/416\" target=\"_blank\" rel=\"noopener\">416. Portach na Mong\u00e1ine<\/a><\/p>\n<p><a href=\"https:\/\/rsis.ramsar.org\/ris\/417\" target=\"_blank\" rel=\"noopener\">417. Portach an R\u00e1ith\u00edn Mh\u00f3ir<\/a><\/p>\n<p><a href=\"https:\/\/rsis.ramsar.org\/ris\/440\" target=\"_blank\" rel=\"noopener\">440. B\u00e1 Thr\u00e1 L\u00ed<\/a><\/p>\n<p><a href=\"https:\/\/rsis.ramsar.org\/ris\/470\" target=\"_blank\" rel=\"noopener\">470. Loch na dTr\u00ed gCaol<\/a><\/p>\n<p><a href=\"https:\/\/rsis.ramsar.org\/ris\/471\" target=\"_blank\" rel=\"noopener\">471. Portach Iascaigh<\/a><\/p>\n<p><a href=\"https:\/\/rsis.ramsar.org\/ris\/472\" target=\"_blank\" rel=\"noopener\">472. An Gaorthadh<\/a><\/p>\n<p><a href=\"https:\/\/rsis.ramsar.org\/ris\/473\" target=\"_blank\" rel=\"noopener\">473. Loch na C\u00faile agus Coill Gaireal\u00e1n<\/a><\/p>\n<p><a href=\"https:\/\/rsis.ramsar.org\/ris\/474\" target=\"_blank\" rel=\"noopener\">474. Eanach Bhaile Phollaird<\/a><\/p>\n<p><a href=\"https:\/\/rsis.ramsar.org\/ris\/475\" target=\"_blank\" rel=\"noopener\">475. Portach Mh\u00edn an Chuilinn<\/a><\/p>\n<p><a href=\"https:\/\/rsis.ramsar.org\/ris\/830\" target=\"_blank\" rel=\"noopener\">830. B\u00e1 Bhaile Choit\u00edn<\/a><\/p>\n<p><a href=\"https:\/\/rsis.ramsar.org\/ris\/831\" target=\"_blank\" rel=\"noopener\">831. Baile Mhic \u00d3da<\/a><\/p>\n<p><a href=\"https:\/\/rsis.ramsar.org\/ris\/832\" target=\"_blank\" rel=\"noopener\">832. Dumhach Thr\u00e1 \/ Inbhear na Tulchann<\/a><\/p>\n<p><a href=\"https:\/\/rsis.ramsar.org\/ris\/833\" target=\"_blank\" rel=\"noopener\">833. Inbhear an Mh\u00f3in\u00e9ir Leathain<\/a><\/p>\n<p><a href=\"https:\/\/rsis.ramsar.org\/ris\/834\" target=\"_blank\" rel=\"noopener\">834. B\u00e1 Dh\u00fan Dealgan<\/a><\/p>\n<p><a href=\"https:\/\/rsis.ramsar.org\/ris\/835\" target=\"_blank\" rel=\"noopener\">835. C\u00faltr\u00e1 Thr\u00e1 Mh\u00f3r<\/a><\/p>\n<p><a href=\"https:\/\/rsis.ramsar.org\/ris\/836\" target=\"_blank\" rel=\"noopener\">836. Inbhear An Abhainn Dubh<\/a><\/p>\n<p><a href=\"https:\/\/rsis.ramsar.org\/ris\/837\" target=\"_blank\" rel=\"noopener\">837. Cuan Chorca\u00ed<\/a><\/p>\n<p><a href=\"https:\/\/rsis.ramsar.org\/ris\/838\" target=\"_blank\" rel=\"noopener\">838. Cuan na Gaillimhe Laistigh<\/a><\/p>\n<p><a href=\"https:\/\/rsis.ramsar.org\/ris\/839\" target=\"_blank\" rel=\"noopener\">839. Cuan Dh\u00fan Garbh\u00e1n<\/a><\/p>\n<p><a href=\"https:\/\/rsis.ramsar.org\/ris\/840\" target=\"_blank\" rel=\"noopener\">840. Cuan Bhan\u00fa<\/a><\/p>\n<p><a href=\"https:\/\/rsis.ramsar.org\/ris\/841\" target=\"_blank\" rel=\"noopener\">841. B\u00e1 Tr\u00e1 Bhr\u00e9ige<\/a><\/p>\n<p><a href=\"https:\/\/rsis.ramsar.org\/ris\/842\" target=\"_blank\" rel=\"noopener\">842. Tr\u00e1 an Choim\u00edn<\/a><\/p>\n<p><a href=\"https:\/\/rsis.ramsar.org\/ris\/843\" target=\"_blank\" rel=\"noopener\">843. B\u00e1 Chill Ala \/ Inbhear na Muaidhe<\/a><\/p>\n<p><a href=\"https:\/\/rsis.ramsar.org\/ris\/844\" target=\"_blank\" rel=\"noopener\">844. B\u00e1 an Fh\u00f3id Duibh &amp; Cnoc\u00e1n na L\u00edne<\/a><\/p>\n<p><a href=\"https:\/\/rsis.ramsar.org\/ris\/845\" target=\"_blank\" rel=\"noopener\">845. Loch Bhaile na Gallia<\/a><\/p>\n<p><a href=\"https:\/\/rsis.ramsar.org\/ris\/846\" target=\"_blank\" rel=\"noopener\">846. Loch Coirib<\/a><\/p>\n<p><a href=\"https:\/\/rsis.ramsar.org\/ris\/847\" target=\"_blank\" rel=\"noopener\">847. Loch Dairbheach<\/a><\/p>\n<p><a href=\"https:\/\/rsis.ramsar.org\/ris\/848\" target=\"_blank\" rel=\"noopener\">848. Loch an I\u00fair<\/a><\/p>\n<p><a href=\"https:\/\/rsis.ramsar.org\/ris\/849\" target=\"_blank\" rel=\"noopener\">849. Loch an Ghleanna<\/a><\/p>\n<p><a href=\"https:\/\/rsis.ramsar.org\/ris\/850\" target=\"_blank\" rel=\"noopener\">850. Loch Iarainn<\/a><\/p>\n<p><a href=\"https:\/\/rsis.ramsar.org\/ris\/851\" target=\"_blank\" rel=\"noopener\">851. Loch Uail<\/a><\/p>\n<p><a href=\"https:\/\/rsis.ramsar.org\/ris\/852\" target=\"_blank\" rel=\"noopener\">852. Loch U\u00ed Ghadhra<\/a><\/p>\n<p><a href=\"https:\/\/rsis.ramsar.org\/ris\/853\" target=\"_blank\" rel=\"noopener\">853. Loch Thulaigh na Ne\u00e1<\/a><\/p>\n<\/div><div class=\"fusion-clearfix\"><\/div><\/div><\/div><\/div><\/div><\/p>\n","protected":false},"excerpt":{"rendered":"","protected":false},"author":6,"featured_media":0,"parent":0,"menu_order":0,"comment_status":"closed","ping_status":"closed","template":"","meta":{"footnotes":""},"class_list":["post-2933","page","type-page","status-publish","hentry"],"yoast_head":"<!-- This site is optimized with the Yoast SEO plugin v27.6 - https:\/\/yoast.com\/product\/yoast-seo-wordpress\/ -->\n<title>Ramsar in \u00c9irinn - Coiste Bogaigh Ramsar na h\u00c9ireann<\/title>\n<meta name=\"robots\" content=\"index, follow, max-snippet:-1, max-image-preview:large, max-video-preview:-1\" \/>\n<link rel=\"canonical\" href=\"https:\/\/www.irishwetlands.ie\/ga\/ramsar-in-eirinn\/\" \/>\n<meta property=\"og:locale\" content=\"ga_IE\" \/>\n<meta property=\"og:type\" content=\"article\" \/>\n<meta property=\"og:title\" content=\"Ramsar in \u00c9irinn - Coiste Bogaigh Ramsar na h\u00c9ireann\" \/>\n<meta property=\"og:url\" content=\"https:\/\/www.irishwetlands.ie\/ga\/ramsar-in-eirinn\/\" \/>\n<meta property=\"og:site_name\" content=\"Coiste Bogaigh Ramsar na h\u00c9ireann\" \/>\n<meta property=\"article:modified_time\" content=\"2022-12-12T16:05:38+00:00\" \/>\n<meta name=\"twitter:card\" content=\"summary_large_image\" \/>\n<meta name=\"twitter:site\" content=\"@ramsarireland\" \/>\n<meta name=\"twitter:label1\" content=\"Est. reading time\" \/>\n\t<meta name=\"twitter:data1\" content=\"6 minutes\" \/>\n<script type=\"application\/ld+json\" class=\"yoast-schema-graph\">{\"@context\":\"https:\\\/\\\/schema.org\",\"@graph\":[{\"@type\":\"WebPage\",\"@id\":\"https:\\\/\\\/www.irishwetlands.ie\\\/ga\\\/ramsar-in-eirinn\\\/\",\"url\":\"https:\\\/\\\/www.irishwetlands.ie\\\/ga\\\/ramsar-in-eirinn\\\/\",\"name\":\"Ramsar in \u00c9irinn - Coiste Bogaigh Ramsar na h\u00c9ireann\",\"isPartOf\":{\"@id\":\"https:\\\/\\\/www.irishwetlands.ie\\\/ga\\\/#website\"},\"datePublished\":\"2022-09-19T09:29:57+00:00\",\"dateModified\":\"2022-12-12T16:05:38+00:00\",\"breadcrumb\":{\"@id\":\"https:\\\/\\\/www.irishwetlands.ie\\\/ga\\\/ramsar-in-eirinn\\\/#breadcrumb\"},\"inLanguage\":\"ga-IE\",\"potentialAction\":[{\"@type\":\"ReadAction\",\"target\":[\"https:\\\/\\\/www.irishwetlands.ie\\\/ga\\\/ramsar-in-eirinn\\\/\"]}]},{\"@type\":\"BreadcrumbList\",\"@id\":\"https:\\\/\\\/www.irishwetlands.ie\\\/ga\\\/ramsar-in-eirinn\\\/#breadcrumb\",\"itemListElement\":[{\"@type\":\"ListItem\",\"position\":1,\"name\":\"Home\",\"item\":\"https:\\\/\\\/www.irishwetlands.ie\\\/ga\\\/\"},{\"@type\":\"ListItem\",\"position\":2,\"name\":\"Ramsar in \u00c9irinn\"}]},{\"@type\":\"WebSite\",\"@id\":\"https:\\\/\\\/www.irishwetlands.ie\\\/ga\\\/#website\",\"url\":\"https:\\\/\\\/www.irishwetlands.ie\\\/ga\\\/\",\"name\":\"Irish Ramsar Wetlands Committee\",\"description\":\"\",\"potentialAction\":[{\"@type\":\"SearchAction\",\"target\":{\"@type\":\"EntryPoint\",\"urlTemplate\":\"https:\\\/\\\/www.irishwetlands.ie\\\/ga\\\/?s={search_term_string}\"},\"query-input\":{\"@type\":\"PropertyValueSpecification\",\"valueRequired\":true,\"valueName\":\"search_term_string\"}}],\"inLanguage\":\"ga-IE\"}]}<\/script>\n<!-- \/ Yoast SEO plugin. -->","yoast_head_json":{"title":"Ramsar in \u00c9irinn - Coiste Bogaigh Ramsar na h\u00c9ireann","robots":{"index":"index","follow":"follow","max-snippet":"max-snippet:-1","max-image-preview":"max-image-preview:large","max-video-preview":"max-video-preview:-1"},"canonical":"https:\/\/www.irishwetlands.ie\/ga\/ramsar-in-eirinn\/","og_locale":"ga_IE","og_type":"article","og_title":"Ramsar in \u00c9irinn - Coiste Bogaigh Ramsar na h\u00c9ireann","og_url":"https:\/\/www.irishwetlands.ie\/ga\/ramsar-in-eirinn\/","og_site_name":"Coiste Bogaigh Ramsar na h\u00c9ireann","article_modified_time":"2022-12-12T16:05:38+00:00","twitter_card":"summary_large_image","twitter_site":"@ramsarireland","twitter_misc":{"Est. reading time":"6 minutes"},"schema":{"@context":"https:\/\/schema.org","@graph":[{"@type":"WebPage","@id":"https:\/\/www.irishwetlands.ie\/ga\/ramsar-in-eirinn\/","url":"https:\/\/www.irishwetlands.ie\/ga\/ramsar-in-eirinn\/","name":"Ramsar in \u00c9irinn - Coiste Bogaigh Ramsar na h\u00c9ireann","isPartOf":{"@id":"https:\/\/www.irishwetlands.ie\/ga\/#website"},"datePublished":"2022-09-19T09:29:57+00:00","dateModified":"2022-12-12T16:05:38+00:00","breadcrumb":{"@id":"https:\/\/www.irishwetlands.ie\/ga\/ramsar-in-eirinn\/#breadcrumb"},"inLanguage":"ga-IE","potentialAction":[{"@type":"ReadAction","target":["https:\/\/www.irishwetlands.ie\/ga\/ramsar-in-eirinn\/"]}]},{"@type":"BreadcrumbList","@id":"https:\/\/www.irishwetlands.ie\/ga\/ramsar-in-eirinn\/#breadcrumb","itemListElement":[{"@type":"ListItem","position":1,"name":"Home","item":"https:\/\/www.irishwetlands.ie\/ga\/"},{"@type":"ListItem","position":2,"name":"Ramsar in \u00c9irinn"}]},{"@type":"WebSite","@id":"https:\/\/www.irishwetlands.ie\/ga\/#website","url":"https:\/\/www.irishwetlands.ie\/ga\/","name":"Irish Ramsar Wetlands Committee","description":"","potentialAction":[{"@type":"SearchAction","target":{"@type":"EntryPoint","urlTemplate":"https:\/\/www.irishwetlands.ie\/ga\/?s={search_term_string}"},"query-input":{"@type":"PropertyValueSpecification","valueRequired":true,"valueName":"search_term_string"}}],"inLanguage":"ga-IE"}]}},"_links":{"self":[{"href":"https:\/\/www.irishwetlands.ie\/ga\/wp-json\/wp\/v2\/pages\/2933","targetHints":{"allow":["GET"]}}],"collection":[{"href":"https:\/\/www.irishwetlands.ie\/ga\/wp-json\/wp\/v2\/pages"}],"about":[{"href":"https:\/\/www.irishwetlands.ie\/ga\/wp-json\/wp\/v2\/types\/page"}],"author":[{"embeddable":true,"href":"https:\/\/www.irishwetlands.ie\/ga\/wp-json\/wp\/v2\/users\/6"}],"replies":[{"embeddable":true,"href":"https:\/\/www.irishwetlands.ie\/ga\/wp-json\/wp\/v2\/comments?post=2933"}],"version-history":[{"count":8,"href":"https:\/\/www.irishwetlands.ie\/ga\/wp-json\/wp\/v2\/pages\/2933\/revisions"}],"predecessor-version":[{"id":3130,"href":"https:\/\/www.irishwetlands.ie\/ga\/wp-json\/wp\/v2\/pages\/2933\/revisions\/3130"}],"wp:attachment":[{"href":"https:\/\/www.irishwetlands.ie\/ga\/wp-json\/wp\/v2\/media?parent=2933"}],"curies":[{"name":"wp","href":"https:\/\/api.w.org\/{rel}","templated":true}]}}