{"id":2939,"date":"2021-03-02T13:46:28","date_gmt":"2021-03-02T13:46:28","guid":{"rendered":"https:\/\/www.irishwetlands.ie\/sraith-fisean-bogaigh-na-heireann\/"},"modified":"2025-01-21T15:25:15","modified_gmt":"2025-01-21T15:25:15","slug":"sraith-fisean-bogaigh-na-heireann","status":"publish","type":"page","link":"https:\/\/www.irishwetlands.ie\/ga\/sraith-fisean-bogaigh-na-heireann\/","title":{"rendered":"Sraith F\u00edse\u00e1n Bogaigh na h\u00c9ireann"},"content":{"rendered":"<div class=\"fusion-fullwidth fullwidth-box fusion-builder-row-1 nonhundred-percent-fullwidth non-hundred-percent-height-scrolling\" style=\"--awb-border-radius-top-left:0px;--awb-border-radius-top-right:0px;--awb-border-radius-bottom-right:0px;--awb-border-radius-bottom-left:0px;\" ><div class=\"fusion-builder-row fusion-row\"><div class=\"fusion-layout-column fusion_builder_column fusion-builder-column-0 fusion_builder_column_1_1 1_1 fusion-one-full fusion-column-first fusion-column-last\" style=\"--awb-bg-size:cover;\"><div class=\"fusion-column-wrapper fusion-column-has-shadow fusion-flex-column-wrapper-legacy\"><div class=\"fusion-text fusion-text-1\"><h1 class=\"content-box-heading fusion-responsive-typography-calculated\" data-fontsize=\"24\" data-lineheight=\"29.0333px\">Sraith F\u00edse\u00e1n Bogaigh na h\u00c9ireann<\/h1>\n<p>To celebrate World Wetlands Day we have developed the IRISH WETLANDS VIDEO SERIES. T\u00e1 an tsraith seacht bhf\u00edse\u00e1n seo l\u00e9irithe ag an IRWC le taca\u00edocht \u00f3n OPW, \u00f3n EPA agus \u00f3n NPWS.<\/p>\n<\/div><div class=\"fusion-clearfix\"><\/div><\/div><\/div><div class=\"fusion-layout-column fusion_builder_column fusion-builder-column-1 fusion_builder_column_1_2 1_2 fusion-one-half fusion-column-first\" style=\"--awb-bg-size:cover;--awb-margin-bottom:0px;width:48%; margin-right: 4%;\"><div class=\"fusion-column-wrapper fusion-column-has-shadow fusion-flex-column-wrapper-legacy\"><div class=\"fusion-text fusion-text-2\" style=\"--awb-text-transform:none;\"><div class=\"fusion-video fusion-youtube\" style=\"--awb-max-width:900px;--awb-max-height:500px;\"><div class=\"video-shortcode\"><div class=\"fluid-width-video-wrapper\" style=\"padding-top:55.56%;\" ><iframe title=\"Pollardstown Fen - YouTube Video\" src=\"https:\/\/www.youtube.com\/embed\/_lqvA7x_x4Y?wmode=transparent&autoplay=0\" width=\"900\" height=\"500\" allowfullscreen allow=\"autoplay; fullscreen\"><\/iframe><\/div><\/div><\/div>\n<p><em><small>Bh\u00ed an f\u00edse\u00e1n Eanach Bhaile Pholaird maoinithe go cine\u00e1lta ag an EPA agus t\u00e1 bu\u00edochas le Anja Murray as reacaireacht agus le Tristram Whyte as cur leis. CrowCrag Productions (Twitter@crow_crag) a l\u00e9ir\u00edonn an f\u00edse\u00e1n. <a href=\"\/ga\/the-irish-wetlands-video-series\/\">F\u00e9ach ar tuilleadh i Sraith F\u00edse\u00e1n Bogaigh na h\u00c9ireann\u00a0&gt;<\/a><br \/>\n<\/small><\/em><\/p>\n<p><em>\u00a0<\/em><\/p>\n<\/div>\n<div class=\"fusion-clearfix\"><\/div><\/div><\/div><div class=\"fusion-layout-column fusion_builder_column fusion-builder-column-2 fusion_builder_column_1_2 1_2 fusion-one-half fusion-column-last\" style=\"--awb-bg-size:cover;width:48%;\"><div class=\"fusion-column-wrapper fusion-column-has-shadow fusion-flex-column-wrapper-legacy\"><div class=\"fusion-text fusion-text-3\" style=\"--awb-text-transform:none;\"><div class=\"fusion-video fusion-youtube\" style=\"--awb-max-width:900px;--awb-max-height:500px;\"><div class=\"video-shortcode\"><div class=\"fluid-width-video-wrapper\" style=\"padding-top:55.56%;\" ><iframe title=\"Clara Bog - YouTube Video\" src=\"https:\/\/www.youtube.com\/embed\/9ga5a-1uNDo?wmode=transparent&autoplay=0\" width=\"900\" height=\"500\" allowfullscreen allow=\"autoplay; fullscreen\"><\/iframe><\/div><\/div><\/div>\n<p><em><small>Bh\u00ed an f\u00edse\u00e1n portach Chl\u00e1rach maoinithe go cine\u00e1lta ag an OPW agus t\u00e1 bu\u00edochas le Anja Murray as reacaireacht agus le Paul Johnston as cur leis. CrowCrag Productions (Twitter@crow_crag) a l\u00e9ir\u00edonn an f\u00edse\u00e1n.<\/small><\/em><\/p>\n<\/div><div class=\"fusion-clearfix\"><\/div><\/div><\/div><div class=\"fusion-layout-column fusion_builder_column fusion-builder-column-3 fusion_builder_column_1_2 1_2 fusion-one-half fusion-column-first\" style=\"--awb-bg-size:cover;width:50%;width:calc(50% - ( ( 4% ) * 0.5 ) );margin-right: 4%;\"><div class=\"fusion-column-wrapper fusion-column-has-shadow fusion-flex-column-wrapper-legacy\"><div class=\"fusion-text fusion-text-4\" style=\"--awb-text-transform:none;\"><div class=\"fusion-video fusion-youtube\" style=\"--awb-max-width:900px;--awb-max-height:500px;\"><div class=\"video-shortcode\"><div class=\"fluid-width-video-wrapper\" style=\"padding-top:55.56%;\" ><iframe title=\"Tralee Bay - YouTube Video\" src=\"https:\/\/www.youtube.com\/embed\/SieIpAoYgaE?wmode=transparent&autoplay=0\" width=\"900\" height=\"500\" allowfullscreen allow=\"autoplay; fullscreen\"><\/iframe><\/div><\/div><\/div>\n<p><em><small>Bh\u00ed f\u00edse\u00e1n B\u00e1 Thr\u00e1 L\u00ed maoinithe go cine\u00e1lta ag an OPW agus t\u00e1 bu\u00edochas le Anja Murray as reacaireacht agus leis an Dr David McCormick, \u00c9iceola\u00ed, Institi\u00faid Teicneola\u00edochta Thr\u00e1 L\u00ed, as cur leis. Is \u00e9 CrowCrag Productions (Twitter@crow_crag) a l\u00e9irigh an f\u00edse\u00e1n, le p\u00edosa\u00ed scann\u00e1in fiadh\u00falra breise le caoinchead Viridiflavus.<\/small><\/em><\/p>\n<\/div><div class=\"fusion-clearfix\"><\/div><\/div><\/div><div class=\"fusion-layout-column fusion_builder_column fusion-builder-column-4 fusion_builder_column_1_2 1_2 fusion-one-half fusion-column-last\" style=\"--awb-bg-size:cover;width:50%;width:calc(50% - ( ( 4% ) * 0.5 ) );\"><div class=\"fusion-column-wrapper fusion-column-has-shadow fusion-flex-column-wrapper-legacy\"><div class=\"fusion-text fusion-text-5\" style=\"--awb-text-transform:none;\"><div class=\"fusion-video fusion-youtube\" style=\"--awb-max-width:900px;--awb-max-height:500px;\"><div class=\"video-shortcode\"><div class=\"fluid-width-video-wrapper\" style=\"padding-top:55.56%;\" ><iframe title=\"Coole Park - YouTube Video\" src=\"https:\/\/www.youtube.com\/embed\/A4GLvXJXuyA?wmode=transparent&autoplay=0\" width=\"900\" height=\"500\" allowfullscreen allow=\"autoplay; fullscreen\"><\/iframe><\/div><\/div><\/div>\n<p><em><small>Bh\u00ed an f\u00edse\u00e1n P\u00e1irce na C\u00faile maoinithe go cine\u00e1lta ag an OPW agus t\u00e1 bu\u00edochas le Anja Murray as reacaireacht agus le Raymond Stephens, Maor Caomhnaithe NPWS, agus le Micheline Sheehy Skeffington, \u00c9iceola\u00ed Planda\u00ed, as cur leis. CrowCrag Productions (Twitter@crow_crag) a l\u00e9irigh an f\u00edse\u00e1n, le p\u00edosa\u00ed scann\u00e1in fiadh\u00falra breise le caoinchead Ecofact.<\/small><\/em><\/p>\n<\/div><div class=\"fusion-clearfix\"><\/div><\/div><\/div><div class=\"fusion-layout-column fusion_builder_column fusion-builder-column-5 fusion_builder_column_1_2 1_2 fusion-one-half fusion-column-first\" style=\"--awb-bg-size:cover;width:50%;width:calc(50% - ( ( 4% ) * 0.5 ) );margin-right: 4%;\"><div class=\"fusion-column-wrapper fusion-column-has-shadow fusion-flex-column-wrapper-legacy\"><div class=\"fusion-text fusion-text-6\" style=\"--awb-text-transform:none;\"><div class=\"fusion-video fusion-youtube\" style=\"--awb-max-width:900px;--awb-max-height:500px;\"><div class=\"video-shortcode\"><div class=\"fluid-width-video-wrapper\" style=\"padding-top:55.56%;\" ><iframe title=\"Wexford Wildfowl Reserve - YouTube Video\" src=\"https:\/\/www.youtube.com\/embed\/RLSAYNGqItU?wmode=transparent&autoplay=0\" width=\"900\" height=\"500\" allowfullscreen allow=\"autoplay; fullscreen\"><\/iframe><\/div><\/div><\/div>\n<p><em><small>Bh\u00ed f\u00edse\u00e1n Anaclann \u00c9anlaithe Fi\u00e1ine Loch Garman maoinithe go cine\u00e1lta ag an OPW agus t\u00e1 bu\u00edochas le Anja Murray as reacaireacht agus le Dominic Berridge, Maor Caomhnaithe NPWS agus le Karin Dubsky, \u00c9iceola\u00ed Mara Col\u00e1iste na Tr\u00edon\u00f3ide, Baile \u00c1tha Cliath, as cur leis. CrowCrag Productions (Twitter@crow_crag) a l\u00e9irigh an f\u00edse\u00e1n, le p\u00edosa\u00ed scann\u00e1in fiadh\u00falra breise le caoinchead Ecofact.<\/small><\/em><\/p>\n<\/div><div class=\"fusion-sep-clear\"><\/div><div class=\"fusion-separator fusion-full-width-sep\" style=\"margin-left: auto;margin-right: auto;margin-top:100px;width:100%;\"><\/div><div class=\"fusion-sep-clear\"><\/div><div class=\"fusion-clearfix\"><\/div><\/div><\/div><div class=\"fusion-layout-column fusion_builder_column fusion-builder-column-6 fusion_builder_column_1_2 1_2 fusion-one-half fusion-column-last\" style=\"--awb-bg-size:cover;width:50%;width:calc(50% - ( ( 4% ) * 0.5 ) );\"><div class=\"fusion-column-wrapper fusion-column-has-shadow fusion-flex-column-wrapper-legacy\"><div class=\"fusion-video fusion-selfhosted-video\" style=\"max-width:100%;\"><div class=\"video-wrapper\"><video playsinline=\"true\" width=\"100%\" style=\"object-fit: cover;\" muted=\"true\" loop=\"true\" preload=\"auto\" controls=\"1\"><source src=\"https:\/\/www.irishwetlands.ie\/wp-content\/uploads\/2023\/09\/Owenduff-Nephin.mp4\" type=\"video\/mp4\">Sorry, your browser doesn&#039;t support embedded videos.<\/video><\/div><\/div><div class=\"fusion-text fusion-text-7\"><p><em><small>Dr. Derek McLoughlin from the <a href=\"https:\/\/www.wildatlanticnature.ie\" target=\"_blank\" rel=\"noopener\">Wild Atlantic Nature<\/a> LIFE Project introduces us to the Wild Nephin Owenduff Bog Complex.<\/small><\/em><\/p>\n<\/div><div class=\"fusion-clearfix\"><\/div><\/div><\/div><\/div><\/div>\n","protected":false},"excerpt":{"rendered":"","protected":false},"author":6,"featured_media":0,"parent":0,"menu_order":0,"comment_status":"closed","ping_status":"closed","template":"","meta":{"footnotes":""},"class_list":["post-2939","page","type-page","status-publish","hentry"],"yoast_head":"<!-- This site is optimized with the Yoast SEO plugin v27.5 - https:\/\/yoast.com\/product\/yoast-seo-wordpress\/ -->\n<title>Sraith F\u00edse\u00e1n Bogaigh na h\u00c9ireann - Coiste Bogaigh Ramsar na h\u00c9ireann<\/title>\n<meta name=\"robots\" content=\"index, follow, max-snippet:-1, max-image-preview:large, max-video-preview:-1\" \/>\n<link rel=\"canonical\" href=\"https:\/\/www.irishwetlands.ie\/ga\/sraith-fisean-bogaigh-na-heireann\/\" \/>\n<meta property=\"og:locale\" content=\"ga_IE\" \/>\n<meta property=\"og:type\" content=\"article\" \/>\n<meta property=\"og:title\" content=\"Sraith F\u00edse\u00e1n Bogaigh na h\u00c9ireann - Coiste Bogaigh Ramsar na h\u00c9ireann\" \/>\n<meta property=\"og:url\" content=\"https:\/\/www.irishwetlands.ie\/ga\/sraith-fisean-bogaigh-na-heireann\/\" \/>\n<meta property=\"og:site_name\" content=\"Coiste Bogaigh Ramsar na h\u00c9ireann\" \/>\n<meta property=\"article:modified_time\" content=\"2025-01-21T15:25:15+00:00\" \/>\n<meta name=\"twitter:card\" content=\"summary_large_image\" \/>\n<meta name=\"twitter:site\" content=\"@ramsarireland\" \/>\n<meta name=\"twitter:label1\" content=\"Est. reading time\" \/>\n\t<meta name=\"twitter:data1\" content=\"14 minutes\" \/>\n<script type=\"application\/ld+json\" class=\"yoast-schema-graph\">{\"@context\":\"https:\\\/\\\/schema.org\",\"@graph\":[{\"@type\":\"WebPage\",\"@id\":\"https:\\\/\\\/www.irishwetlands.ie\\\/ga\\\/sraith-fisean-bogaigh-na-heireann\\\/\",\"url\":\"https:\\\/\\\/www.irishwetlands.ie\\\/ga\\\/sraith-fisean-bogaigh-na-heireann\\\/\",\"name\":\"Sraith F\u00edse\u00e1n Bogaigh na h\u00c9ireann - Coiste Bogaigh Ramsar na h\u00c9ireann\",\"isPartOf\":{\"@id\":\"https:\\\/\\\/www.irishwetlands.ie\\\/ga\\\/#website\"},\"datePublished\":\"2021-03-02T13:46:28+00:00\",\"dateModified\":\"2025-01-21T15:25:15+00:00\",\"breadcrumb\":{\"@id\":\"https:\\\/\\\/www.irishwetlands.ie\\\/ga\\\/sraith-fisean-bogaigh-na-heireann\\\/#breadcrumb\"},\"inLanguage\":\"ga-IE\",\"potentialAction\":[{\"@type\":\"ReadAction\",\"target\":[\"https:\\\/\\\/www.irishwetlands.ie\\\/ga\\\/sraith-fisean-bogaigh-na-heireann\\\/\"]}]},{\"@type\":\"BreadcrumbList\",\"@id\":\"https:\\\/\\\/www.irishwetlands.ie\\\/ga\\\/sraith-fisean-bogaigh-na-heireann\\\/#breadcrumb\",\"itemListElement\":[{\"@type\":\"ListItem\",\"position\":1,\"name\":\"Home\",\"item\":\"https:\\\/\\\/www.irishwetlands.ie\\\/ga\\\/\"},{\"@type\":\"ListItem\",\"position\":2,\"name\":\"Sraith F\u00edse\u00e1n Bogaigh na h\u00c9ireann\"}]},{\"@type\":\"WebSite\",\"@id\":\"https:\\\/\\\/www.irishwetlands.ie\\\/ga\\\/#website\",\"url\":\"https:\\\/\\\/www.irishwetlands.ie\\\/ga\\\/\",\"name\":\"Irish Ramsar Wetlands Committee\",\"description\":\"\",\"potentialAction\":[{\"@type\":\"SearchAction\",\"target\":{\"@type\":\"EntryPoint\",\"urlTemplate\":\"https:\\\/\\\/www.irishwetlands.ie\\\/ga\\\/?s={search_term_string}\"},\"query-input\":{\"@type\":\"PropertyValueSpecification\",\"valueRequired\":true,\"valueName\":\"search_term_string\"}}],\"inLanguage\":\"ga-IE\"}]}<\/script>\n<!-- \/ Yoast SEO plugin. -->","yoast_head_json":{"title":"Sraith F\u00edse\u00e1n Bogaigh na h\u00c9ireann - Coiste Bogaigh Ramsar na h\u00c9ireann","robots":{"index":"index","follow":"follow","max-snippet":"max-snippet:-1","max-image-preview":"max-image-preview:large","max-video-preview":"max-video-preview:-1"},"canonical":"https:\/\/www.irishwetlands.ie\/ga\/sraith-fisean-bogaigh-na-heireann\/","og_locale":"ga_IE","og_type":"article","og_title":"Sraith F\u00edse\u00e1n Bogaigh na h\u00c9ireann - Coiste Bogaigh Ramsar na h\u00c9ireann","og_url":"https:\/\/www.irishwetlands.ie\/ga\/sraith-fisean-bogaigh-na-heireann\/","og_site_name":"Coiste Bogaigh Ramsar na h\u00c9ireann","article_modified_time":"2025-01-21T15:25:15+00:00","twitter_card":"summary_large_image","twitter_site":"@ramsarireland","twitter_misc":{"Est. reading time":"14 minutes"},"schema":{"@context":"https:\/\/schema.org","@graph":[{"@type":"WebPage","@id":"https:\/\/www.irishwetlands.ie\/ga\/sraith-fisean-bogaigh-na-heireann\/","url":"https:\/\/www.irishwetlands.ie\/ga\/sraith-fisean-bogaigh-na-heireann\/","name":"Sraith F\u00edse\u00e1n Bogaigh na h\u00c9ireann - Coiste Bogaigh Ramsar na h\u00c9ireann","isPartOf":{"@id":"https:\/\/www.irishwetlands.ie\/ga\/#website"},"datePublished":"2021-03-02T13:46:28+00:00","dateModified":"2025-01-21T15:25:15+00:00","breadcrumb":{"@id":"https:\/\/www.irishwetlands.ie\/ga\/sraith-fisean-bogaigh-na-heireann\/#breadcrumb"},"inLanguage":"ga-IE","potentialAction":[{"@type":"ReadAction","target":["https:\/\/www.irishwetlands.ie\/ga\/sraith-fisean-bogaigh-na-heireann\/"]}]},{"@type":"BreadcrumbList","@id":"https:\/\/www.irishwetlands.ie\/ga\/sraith-fisean-bogaigh-na-heireann\/#breadcrumb","itemListElement":[{"@type":"ListItem","position":1,"name":"Home","item":"https:\/\/www.irishwetlands.ie\/ga\/"},{"@type":"ListItem","position":2,"name":"Sraith F\u00edse\u00e1n Bogaigh na h\u00c9ireann"}]},{"@type":"WebSite","@id":"https:\/\/www.irishwetlands.ie\/ga\/#website","url":"https:\/\/www.irishwetlands.ie\/ga\/","name":"Irish Ramsar Wetlands Committee","description":"","potentialAction":[{"@type":"SearchAction","target":{"@type":"EntryPoint","urlTemplate":"https:\/\/www.irishwetlands.ie\/ga\/?s={search_term_string}"},"query-input":{"@type":"PropertyValueSpecification","valueRequired":true,"valueName":"search_term_string"}}],"inLanguage":"ga-IE"}]}},"_links":{"self":[{"href":"https:\/\/www.irishwetlands.ie\/ga\/wp-json\/wp\/v2\/pages\/2939","targetHints":{"allow":["GET"]}}],"collection":[{"href":"https:\/\/www.irishwetlands.ie\/ga\/wp-json\/wp\/v2\/pages"}],"about":[{"href":"https:\/\/www.irishwetlands.ie\/ga\/wp-json\/wp\/v2\/types\/page"}],"author":[{"embeddable":true,"href":"https:\/\/www.irishwetlands.ie\/ga\/wp-json\/wp\/v2\/users\/6"}],"replies":[{"embeddable":true,"href":"https:\/\/www.irishwetlands.ie\/ga\/wp-json\/wp\/v2\/comments?post=2939"}],"version-history":[{"count":14,"href":"https:\/\/www.irishwetlands.ie\/ga\/wp-json\/wp\/v2\/pages\/2939\/revisions"}],"predecessor-version":[{"id":3654,"href":"https:\/\/www.irishwetlands.ie\/ga\/wp-json\/wp\/v2\/pages\/2939\/revisions\/3654"}],"wp:attachment":[{"href":"https:\/\/www.irishwetlands.ie\/ga\/wp-json\/wp\/v2\/media?parent=2939"}],"curies":[{"name":"wp","href":"https:\/\/api.w.org\/{rel}","templated":true}]}}