{"id":2945,"date":"2018-09-18T23:17:14","date_gmt":"2018-09-18T23:17:14","guid":{"rendered":"https:\/\/www.irishwetlands.ie\/acmhainni-irwc-aschuir\/"},"modified":"2026-03-20T14:35:39","modified_gmt":"2026-03-20T14:35:39","slug":"acmhainni-irwc-aschuir","status":"publish","type":"page","link":"https:\/\/www.irishwetlands.ie\/ga\/acmhainni-irwc-aschuir\/","title":{"rendered":"ACMHAINN\u00cd &#8211; IRWC Aschuir"},"content":{"rendered":"<p><div class=\"fusion-fullwidth fullwidth-box fusion-builder-row-1 nonhundred-percent-fullwidth non-hundred-percent-height-scrolling fusion-equal-height-columns\" style=\"--awb-border-radius-top-left:0px;--awb-border-radius-top-right:0px;--awb-border-radius-bottom-right:0px;--awb-border-radius-bottom-left:0px;--awb-margin-top:15px;\" ><div class=\"fusion-builder-row fusion-row\"><div class=\"fusion-layout-column fusion_builder_column fusion-builder-column-0 fusion_builder_column_1_6 1_6 fusion-one-sixth fusion-column-first\" style=\"--awb-bg-size:cover;width:16.666666666667%;width:calc(16.666666666667% - ( ( 4% ) * 0.16666666666667 ) );margin-right: 4%;\"><div class=\"fusion-column-wrapper fusion-flex-column-wrapper-legacy\"><div class=\"fusion-image-element fusion-image-align-center in-legacy-container\" style=\"text-align:center;--awb-caption-title-font-family:var(--h2_typography-font-family);--awb-caption-title-font-weight:var(--h2_typography-font-weight);--awb-caption-title-font-style:var(--h2_typography-font-style);--awb-caption-title-size:var(--h2_typography-font-size);--awb-caption-title-transform:var(--h2_typography-text-transform);--awb-caption-title-line-height:var(--h2_typography-line-height);--awb-caption-title-letter-spacing:var(--h2_typography-letter-spacing);\"><div class=\"imageframe-align-center\"><span class=\" fusion-imageframe imageframe-none imageframe-1 hover-type-none\" class=\"image-magnify\" class=\"image-scroll\"><img decoding=\"async\" width=\"300\" height=\"393\" alt=\"Irish Wetland Types\" title=\"Wetlands-Cover_300\" src=\"https:\/\/www.irishwetlands.ie\/wp-content\/uploads\/2018\/08\/Wetlands-Cover_300.jpg\" class=\"img-responsive wp-image-2584\" srcset=\"https:\/\/www.irishwetlands.ie\/wp-content\/uploads\/2018\/08\/Wetlands-Cover_300-200x262.jpg 200w, https:\/\/www.irishwetlands.ie\/wp-content\/uploads\/2018\/08\/Wetlands-Cover_300.jpg 300w\" sizes=\"(max-width: 800px) 100vw, 300px\" \/><\/span><\/div><\/div><div class=\"fusion-clearfix\"><\/div><\/div><\/div><div class=\"fusion-layout-column fusion_builder_column fusion-builder-column-1 fusion_builder_column_5_6 5_6 fusion-five-sixth fusion-column-last\" style=\"--awb-bg-size:cover;width:83.333333333333%;width:calc(83.333333333333% - ( ( 4% ) * 0.83333333333333 ) );\"><div class=\"fusion-column-wrapper fusion-flex-column-wrapper-legacy\"><div class=\"fusion-column-content-centered\"><div class=\"fusion-column-content\"><div class=\"fusion-text fusion-text-1\"><p><strong>Treoir Bogaigh<\/strong><\/p>\n<p>Bh\u00ed \u00e1thas ar an gCoiste a threoir bogaigh f\u00e9in d&#8217;\u00c9irinn a sheoladh siar i m\u00ed na Bealtaine 2018. Forbra\u00edodh an l\u00e1mhleabhar \u00f3 thionscadal a choimisi\u00fanaigh F\u00f3ram na hAlban &amp; Thuaisceart \u00c9ireann um Thaighde Comhshaoil (SNIFFER) roimhe seo agus maoinithe ag Gn\u00edomhaireacht Cosanta Comhshaoil na hAlban (SEPA), agus t\u00e1 an IRWC an-bhu\u00edoch de Sti\u00farth\u00f3ir SNIFFER, an Dr Ruth Wolstenholme, agus an Dr Anna Beswick, SNIFFER, as cead leagan ineagarth\u00f3ireachta d\u00e1 l\u00e1mhleabhar bunaidh a \u00fas\u00e1id mar theimpl\u00e9ad chun an obair reatha a fhorbairt, a oireann do bhogaigh na h\u00c9ireann.<\/p>\n<p>Ba \u00e9 Coiste Bogaigh Ramsar na h\u00c9ireann (IRWC) a l\u00e9irigh an leagan Gaeilge seo den l\u00e1mhleabhar agus d&#8217;fhoilsigh an Ghn\u00edomhaireacht um Chaomhn\u00fa Comhshaoil (EPA) \u00e9. Ba \u00e9 an pr\u00edomhchusp\u00f3ir faisn\u00e9is a chur ar f\u00e1il don neamh-speisialt\u00f3ir faoi na cine\u00e1lacha \u00e9ags\u00fala bogaigh in \u00c9irinn agus conas iad a aithint sa r\u00e9imse. Is l\u00e9ir nach nd\u00e9antar cur s\u00edos sonrach ar bhogaigh inaitheanta, ar n\u00f3s aibhneacha agus lochanna, sa treoir seo. Ina ionad sin, t\u00e1 f\u00f3cas ar na cine\u00e1lacha at\u00e1 n\u00edos deacra a shainmh\u00edni\u00fa, agus t\u00e1 an t\u00edopeola\u00edocht deartha chun aitheantas bun\u00fasach bogaigh sa r\u00e9imse a chumas\u00fa, ag daoine nach g\u00e1 go mbeadh saineolas \u00e9iceola\u00edoch, hidreola\u00edoch n\u00f3 hidreola\u00edoch acu.<\/p>\n<p>T\u00e1 an treoir ar mh\u00e9id \u00e1isi\u00fail le tabhairt isteach sa r\u00e9imse. T\u00e1 s\u00e9 92 leathanach ar fad, maisithe le go leor \u00edomh\u00e1nna ar ardchaighde\u00e1n. T\u00e1 leagan PDF ar f\u00e1il <a href=\"https:\/\/www.irishwetlands.ie\/wp-content\/uploads\/2018\/05\/IrishWetlandsGuide_Web.pdf\" target=\"_blank\" rel=\"noopener noreferrer\">anseo<\/a>.<\/p>\n<p>Is f\u00e9idir leat <a href=\"https:\/\/www.irishwetlands.ie\/wp-content\/uploads\/2018\/10\/wetlandsform.pdf\" target=\"_blank\" rel=\"noopener noreferrer\"><em>FOIRM AN TSUIRBH\u00c9 ALLAMUIGH<\/em><\/a> a \u00edosl\u00f3d\u00e1il ar leithligh freisin.<\/p>\n<\/div><\/div><\/div><div class=\"fusion-clearfix\"><\/div><\/div><\/div><\/div><\/div><div class=\"fusion-fullwidth fullwidth-box fusion-builder-row-2 nonhundred-percent-fullwidth non-hundred-percent-height-scrolling fusion-equal-height-columns\" style=\"--awb-border-radius-top-left:0px;--awb-border-radius-top-right:0px;--awb-border-radius-bottom-right:0px;--awb-border-radius-bottom-left:0px;--awb-margin-top:15px;\" ><div class=\"fusion-builder-row fusion-row\"><div class=\"fusion-layout-column fusion_builder_column fusion-builder-column-2 fusion_builder_column_1_6 1_6 fusion-one-sixth fusion-column-first\" style=\"--awb-bg-size:cover;width:16.666666666667%;width:calc(16.666666666667% - ( ( 4% ) * 0.16666666666667 ) );margin-right: 4%;\"><div class=\"fusion-column-wrapper fusion-flex-column-wrapper-legacy\"><div class=\"fusion-image-element fusion-image-align-center in-legacy-container\" style=\"text-align:center;--awb-caption-title-font-family:var(--h2_typography-font-family);--awb-caption-title-font-weight:var(--h2_typography-font-weight);--awb-caption-title-font-style:var(--h2_typography-font-style);--awb-caption-title-size:var(--h2_typography-font-size);--awb-caption-title-transform:var(--h2_typography-text-transform);--awb-caption-title-line-height:var(--h2_typography-line-height);--awb-caption-title-letter-spacing:var(--h2_typography-letter-spacing);\"><div class=\"imageframe-align-center\"><span class=\" fusion-imageframe imageframe-none imageframe-2 hover-type-none\" class=\"image-magnify\" class=\"image-scroll\"><img decoding=\"async\" width=\"500\" height=\"712\" alt=\"Farming and Wetlands\" title=\"FarmingWetlands\" src=\"https:\/\/www.irishwetlands.ie\/wp-content\/uploads\/2019\/05\/FarmingWetlands.jpg\" class=\"img-responsive wp-image-2662\" srcset=\"https:\/\/www.irishwetlands.ie\/wp-content\/uploads\/2019\/05\/FarmingWetlands-200x285.jpg 200w, https:\/\/www.irishwetlands.ie\/wp-content\/uploads\/2019\/05\/FarmingWetlands-400x570.jpg 400w, https:\/\/www.irishwetlands.ie\/wp-content\/uploads\/2019\/05\/FarmingWetlands.jpg 500w\" sizes=\"(max-width: 800px) 100vw, 400px\" \/><\/span><\/div><\/div><div class=\"fusion-clearfix\"><\/div><\/div><\/div><div class=\"fusion-layout-column fusion_builder_column fusion-builder-column-3 fusion_builder_column_5_6 5_6 fusion-five-sixth fusion-column-last\" style=\"--awb-bg-size:cover;width:83.333333333333%;width:calc(83.333333333333% - ( ( 4% ) * 0.83333333333333 ) );\"><div class=\"fusion-column-wrapper fusion-flex-column-wrapper-legacy\"><div class=\"fusion-column-content-centered\"><div class=\"fusion-column-content\"><div class=\"fusion-text fusion-text-2\"><p><strong>Feirmeoireacht agus Bogach<\/strong><\/p>\n<p>Is ceantair iad bogach ina mb\u00edonn tionchar m\u00f3r ag uisce ar an ithir, ar shaol na bplanda\u00ed agus na n-ainmhithe a bhaineann leo, agus ar an gc\u00f3ras feirmeoireachta. Ina measc t\u00e1 tuilemh\u00e1nna agus f\u00e9arthailte fliucha chomh maith le lochanna, aibhneacha, linnte, seascainn agus portaigh. De r\u00e9ir a n\u00e1d\u00fair, is minic a fhanann bogaigh gan feabhs\u00fa \u2013 n\u00edor cuireadh siar n\u00e1 toirchi\u00fa m\u00f3r riamh air, rud a chuireann acmhainn ar f\u00e1il at\u00e1 n\u00edos meas\u00fala agus n\u00edos luachmhaire anois.<\/p>\n<p>Agus iad ina gcaomhn\u00f3ir\u00ed ar an oiread sin de na gn\u00e1th\u00f3ga speisialta seo, t\u00e1 r\u00f3l l\u00e1rnach ag feirmeoir\u00ed i &#8220;\u00fas\u00e1id chiallmhar&#8221; bogaigh. Sheolamar \u00e1r mbileog ar <em>Fheirmeoireacht agus Bogaigh<\/em> ag an gCraobhchom\u00f3rtas N\u00e1isi\u00fanta Treabhd\u00f3ireachta i gContae Laois in 2015, agus t\u00e1 s\u00e9 <a href=\"https:\/\/www.irishwetlands.ie\/wp-content\/uploads\/2019\/05\/wetlands-leaflet-1.pdf\" target=\"_blank\" rel=\"noopener noreferrer\">ar f\u00e1il anois le h\u00edosl\u00f3d\u00e1il anseo<\/a>.<\/p>\n<\/div><\/div><\/div><div class=\"fusion-clearfix\"><\/div><\/div><\/div><\/div><\/div><div class=\"fusion-fullwidth fullwidth-box fusion-builder-row-3 nonhundred-percent-fullwidth non-hundred-percent-height-scrolling fusion-equal-height-columns\" style=\"--awb-border-radius-top-left:0px;--awb-border-radius-top-right:0px;--awb-border-radius-bottom-right:0px;--awb-border-radius-bottom-left:0px;--awb-margin-top:15px;\" ><div class=\"fusion-builder-row fusion-row\"><div class=\"fusion-layout-column fusion_builder_column fusion-builder-column-4 fusion_builder_column_1_6 1_6 fusion-one-sixth fusion-column-first\" style=\"--awb-bg-size:cover;width:16.666666666667%;width:calc(16.666666666667% - ( ( 4% ) * 0.16666666666667 ) );margin-right: 4%;\"><div class=\"fusion-column-wrapper fusion-flex-column-wrapper-legacy\"><div class=\"fusion-image-element fusion-image-align-center in-legacy-container\" style=\"text-align:center;--awb-caption-title-font-family:var(--h2_typography-font-family);--awb-caption-title-font-weight:var(--h2_typography-font-weight);--awb-caption-title-font-style:var(--h2_typography-font-style);--awb-caption-title-size:var(--h2_typography-font-size);--awb-caption-title-transform:var(--h2_typography-text-transform);--awb-caption-title-line-height:var(--h2_typography-line-height);--awb-caption-title-letter-spacing:var(--h2_typography-letter-spacing);\"><div class=\"imageframe-align-center\"><span class=\" fusion-imageframe imageframe-none imageframe-3 hover-type-none\" class=\"image-scroll\"><a class=\"fusion-no-lightbox\" href=\"https:\/\/www.irishwetlands.ie\/wp-content\/uploads\/2020\/03\/Watercourse_Management_TO-UPLOAD.pdf\" target=\"_blank\" aria-label=\"minding-our-watercourses\" rel=\"noopener noreferrer\"><img decoding=\"async\" width=\"600\" height=\"833\" alt=\"Minding our Watercourses\" src=\"https:\/\/www.irishwetlands.ie\/wp-content\/uploads\/2020\/03\/minding-our-watercourses.jpg\" class=\"img-responsive wp-image-2692\" srcset=\"https:\/\/www.irishwetlands.ie\/wp-content\/uploads\/2020\/03\/minding-our-watercourses-200x278.jpg 200w, https:\/\/www.irishwetlands.ie\/wp-content\/uploads\/2020\/03\/minding-our-watercourses-400x555.jpg 400w, https:\/\/www.irishwetlands.ie\/wp-content\/uploads\/2020\/03\/minding-our-watercourses.jpg 600w\" sizes=\"(max-width: 800px) 100vw, 600px\" \/><\/a><\/span><\/div><\/div><div class=\"fusion-clearfix\"><\/div><\/div><\/div><div class=\"fusion-layout-column fusion_builder_column fusion-builder-column-5 fusion_builder_column_5_6 5_6 fusion-five-sixth fusion-column-last\" style=\"--awb-bg-size:cover;width:83.333333333333%;width:calc(83.333333333333% - ( ( 4% ) * 0.83333333333333 ) );\"><div class=\"fusion-column-wrapper fusion-flex-column-wrapper-legacy\"><div class=\"fusion-column-content-centered\"><div class=\"fusion-column-content\"><div class=\"fusion-text fusion-text-3\"><p><strong>Ag tabhairt aire d\u00e1r Sruthch\u00farsa\u00ed<\/strong> le Teagasc agus Iascach Int\u00edre \u00c9ireann.<\/p>\n<p><a href=\"https:\/\/www.irishwetlands.ie\/wp-content\/uploads\/2020\/03\/Watercourse_Management_TO-UPLOAD.pdf\" target=\"_blank\" rel=\"noopener noreferrer\">\u00cdosl\u00f3d\u00e1il PDF anseo<\/a><\/p>\n<\/div><\/div><\/div><div class=\"fusion-clearfix\"><\/div><\/div><\/div><\/div><\/div><div class=\"fusion-fullwidth fullwidth-box fusion-builder-row-4 nonhundred-percent-fullwidth non-hundred-percent-height-scrolling fusion-equal-height-columns\" style=\"--awb-border-radius-top-left:0px;--awb-border-radius-top-right:0px;--awb-border-radius-bottom-right:0px;--awb-border-radius-bottom-left:0px;--awb-margin-top:15px;\" ><div class=\"fusion-builder-row fusion-row\"><div class=\"fusion-layout-column fusion_builder_column fusion-builder-column-6 fusion_builder_column_1_6 1_6 fusion-one-sixth fusion-column-first\" style=\"--awb-bg-size:cover;width:16.666666666667%;width:calc(16.666666666667% - ( ( 4% ) * 0.16666666666667 ) );margin-right: 4%;\"><div class=\"fusion-column-wrapper fusion-flex-column-wrapper-legacy\"><div class=\"fusion-image-element fusion-image-align-center in-legacy-container\" style=\"text-align:center;--awb-caption-title-font-family:var(--h2_typography-font-family);--awb-caption-title-font-weight:var(--h2_typography-font-weight);--awb-caption-title-font-style:var(--h2_typography-font-style);--awb-caption-title-size:var(--h2_typography-font-size);--awb-caption-title-transform:var(--h2_typography-text-transform);--awb-caption-title-line-height:var(--h2_typography-line-height);--awb-caption-title-letter-spacing:var(--h2_typography-letter-spacing);\"><div class=\"imageframe-align-center\"><span class=\" fusion-imageframe imageframe-none imageframe-4 hover-type-none\" class=\"image-scroll\"><a class=\"fusion-no-lightbox\" href=\"https:\/\/www.irishwetlands.ie\/wp-content\/uploads\/2020\/03\/Wetlands-Final-Artwork_TO-UPLOAD.pdf\" target=\"_blank\" aria-label=\"irelands-wetlands\" rel=\"noopener noreferrer\"><img decoding=\"async\" width=\"211\" height=\"300\" alt=\"Ireland&#039;s Wetlands Publication\" src=\"https:\/\/www.irishwetlands.ie\/wp-content\/uploads\/2020\/03\/irelands-wetlands-211x300.jpg\" class=\"img-responsive wp-image-2690\" srcset=\"https:\/\/www.irishwetlands.ie\/wp-content\/uploads\/2020\/03\/irelands-wetlands-200x285.jpg 200w, https:\/\/www.irishwetlands.ie\/wp-content\/uploads\/2020\/03\/irelands-wetlands-400x570.jpg 400w, https:\/\/www.irishwetlands.ie\/wp-content\/uploads\/2020\/03\/irelands-wetlands.jpg 586w\" sizes=\"(max-width: 800px) 100vw, 211px\" \/><\/a><\/span><\/div><\/div><div class=\"fusion-clearfix\"><\/div><\/div><\/div><div class=\"fusion-layout-column fusion_builder_column fusion-builder-column-7 fusion_builder_column_5_6 5_6 fusion-five-sixth fusion-column-last\" style=\"--awb-bg-size:cover;width:83.333333333333%;width:calc(83.333333333333% - ( ( 4% ) * 0.83333333333333 ) );\"><div class=\"fusion-column-wrapper fusion-flex-column-wrapper-legacy\"><div class=\"fusion-column-content-centered\"><div class=\"fusion-column-content\"><div class=\"fusion-text fusion-text-4\"><p><strong>Bogaigh na h\u00c9ireann<\/strong> curtha ar f\u00e1il ag Roinn na nEala\u00edon, na hOidhreachta agus na Gaeltachta.<\/p>\n<p><a href=\"https:\/\/www.irishwetlands.ie\/wp-content\/uploads\/2020\/03\/Wetlands-Final-Artwork_TO-UPLOAD.pdf\" target=\"_blank\" rel=\"noopener noreferrer\">\u00cdosl\u00f3d\u00e1il PDF anseo<\/a><\/p>\n<\/div><\/div><\/div><div class=\"fusion-clearfix\"><\/div><\/div><\/div><\/div><\/div><div class=\"fusion-fullwidth fullwidth-box fusion-builder-row-5 nonhundred-percent-fullwidth non-hundred-percent-height-scrolling fusion-equal-height-columns\" style=\"--awb-border-radius-top-left:0px;--awb-border-radius-top-right:0px;--awb-border-radius-bottom-right:0px;--awb-border-radius-bottom-left:0px;--awb-margin-top:15px;\" ><div class=\"fusion-builder-row fusion-row\"><div class=\"fusion-layout-column fusion_builder_column fusion-builder-column-8 fusion_builder_column_1_6 1_6 fusion-one-sixth fusion-column-first\" style=\"--awb-bg-size:cover;width:16.666666666667%;width:calc(16.666666666667% - ( ( 4% ) * 0.16666666666667 ) );margin-right: 4%;\"><div class=\"fusion-column-wrapper fusion-flex-column-wrapper-legacy\"><div class=\"fusion-image-carousel fusion-image-carousel-auto fusion-image-carousel-1\"><div class=\"awb-carousel awb-swiper awb-swiper-carousel\" data-autoplay=\"yes\" data-columns=\"1\" data-itemmargin=\"0\" data-itemwidth=\"180\" data-touchscroll=\"no\" data-imagesize=\"auto\" style=\"--awb-columns:1;--awb-column-spacing:0px;\"><div class=\"swiper-wrapper awb-image-carousel-wrapper fusion-flex-align-items-center\"><div class=\"swiper-slide\"><div class=\"fusion-carousel-item-wrapper\"><div class=\"fusion-image-wrapper hover-type-none\"><img decoding=\"async\" width=\"548\" height=\"720\" src=\"https:\/\/www.irishwetlands.ie\/wp-content\/uploads\/2019\/05\/1_callows.png\" class=\"attachment-full size-full\" alt=\"On the Callows Publication\" srcset=\"https:\/\/www.irishwetlands.ie\/wp-content\/uploads\/2019\/05\/1_callows-200x263.png 200w, https:\/\/www.irishwetlands.ie\/wp-content\/uploads\/2019\/05\/1_callows-228x300.png 228w, https:\/\/www.irishwetlands.ie\/wp-content\/uploads\/2019\/05\/1_callows-400x526.png 400w, https:\/\/www.irishwetlands.ie\/wp-content\/uploads\/2019\/05\/1_callows.png 548w\" sizes=\"(max-width: 548px) 100vw, 548px\" \/><\/div><\/div><\/div><div class=\"swiper-slide\"><div class=\"fusion-carousel-item-wrapper\"><div class=\"fusion-image-wrapper hover-type-none\"><img decoding=\"async\" width=\"560\" height=\"720\" src=\"https:\/\/www.irishwetlands.ie\/wp-content\/uploads\/2019\/05\/2_watercourses.png\" class=\"attachment-full size-full\" alt=\"Farming and Watercourses Publication\" srcset=\"https:\/\/www.irishwetlands.ie\/wp-content\/uploads\/2019\/05\/2_watercourses-200x257.png 200w, https:\/\/www.irishwetlands.ie\/wp-content\/uploads\/2019\/05\/2_watercourses-233x300.png 233w, https:\/\/www.irishwetlands.ie\/wp-content\/uploads\/2019\/05\/2_watercourses-400x514.png 400w, https:\/\/www.irishwetlands.ie\/wp-content\/uploads\/2019\/05\/2_watercourses.png 560w\" sizes=\"(max-width: 560px) 100vw, 560px\" \/><\/div><\/div><\/div><div class=\"swiper-slide\"><div class=\"fusion-carousel-item-wrapper\"><div class=\"fusion-image-wrapper hover-type-none\"><img decoding=\"async\" width=\"570\" height=\"720\" src=\"https:\/\/www.irishwetlands.ie\/wp-content\/uploads\/2019\/05\/3_bogs.png\" class=\"attachment-full size-full\" alt=\"Ireland&#039;s Bog Publication\" srcset=\"https:\/\/www.irishwetlands.ie\/wp-content\/uploads\/2019\/05\/3_bogs-200x253.png 200w, https:\/\/www.irishwetlands.ie\/wp-content\/uploads\/2019\/05\/3_bogs-238x300.png 238w, https:\/\/www.irishwetlands.ie\/wp-content\/uploads\/2019\/05\/3_bogs-400x505.png 400w, https:\/\/www.irishwetlands.ie\/wp-content\/uploads\/2019\/05\/3_bogs.png 570w\" sizes=\"(max-width: 570px) 100vw, 570px\" \/><\/div><\/div><\/div><\/div><\/div><\/div><div class=\"fusion-clearfix\"><\/div><\/div><\/div><div class=\"fusion-layout-column fusion_builder_column fusion-builder-column-9 fusion_builder_column_5_6 5_6 fusion-five-sixth fusion-column-last\" style=\"--awb-bg-size:cover;width:83.333333333333%;width:calc(83.333333333333% - ( ( 4% ) * 0.83333333333333 ) );\"><div class=\"fusion-column-wrapper fusion-flex-column-wrapper-legacy\"><div class=\"fusion-column-content-centered\"><div class=\"fusion-column-content\"><div class=\"fusion-text fusion-text-5\"><p><b>Sraith alt bogaigh<\/b><\/p>\n<p>In 2014, chuir IRWC ailt leis an <em>Irish Farmers Journal Country Living Magazine<\/em>. Is f\u00e9idir iad a \u00edosl\u00f3d\u00e1il anseo:<\/p>\n<ol>\n<li>14\u00fa Feabhra: <a href=\"https:\/\/www.irishwetlands.ie\/wp-content\/uploads\/2019\/05\/01_0402FJ2_09n.pd\" target=\"_blank\" rel=\"noopener noreferrer\">Ar Talamh Calaidh<\/a><\/li>\n<li>1\u00fa M\u00e1rta: <a href=\"https:\/\/www.irishwetlands.ie\/wp-content\/uploads\/2019\/05\/02_2502FJ2_15n.pdf\" target=\"_blank\" rel=\"noopener noreferrer\">Feirmeoireacht agus Sruthch\u00farsa\u00ed<\/a><\/li>\n<li>15\u00fa M\u00e1rta: <a href=\"https:\/\/www.irishwetlands.ie\/wp-content\/uploads\/2019\/05\/03_1103FJ2_17n.pdf\" target=\"_blank\" rel=\"noopener noreferrer\">Portaigh na h\u00c9ireann<\/a><\/li>\n<li>19\u00fa I\u00fail: <a href=\"https:\/\/www.irishwetlands.ie\/wp-content\/uploads\/2019\/05\/04_1507FJ2_11n.pdf\" target=\"_blank\" rel=\"noopener noreferrer\">Luach cult\u00fartha<\/a><\/li>\n<li>26\u00fa I\u00fail: <a href=\"https:\/\/www.irishwetlands.ie\/wp-content\/uploads\/2019\/05\/05_2207FJ2_06n.pdf\" target=\"_blank\" rel=\"noopener noreferrer\">Saibhreas Fiadh\u00falra<\/a><\/li>\n<\/ol>\n<\/div><\/div><\/div><div class=\"fusion-clearfix\"><\/div><\/div><\/div><\/div><\/div><\/p>\n","protected":false},"excerpt":{"rendered":"","protected":false},"author":1,"featured_media":0,"parent":0,"menu_order":0,"comment_status":"closed","ping_status":"closed","template":"","meta":{"footnotes":""},"class_list":["post-2945","page","type-page","status-publish","hentry"],"yoast_head":"<!-- This site is optimized with the Yoast SEO plugin v27.4 - https:\/\/yoast.com\/product\/yoast-seo-wordpress\/ -->\n<title>ACMHAINN\u00cd - IRWC Aschuir - Coiste Bogaigh Ramsar na h\u00c9ireann<\/title>\n<meta name=\"robots\" content=\"index, follow, max-snippet:-1, max-image-preview:large, max-video-preview:-1\" \/>\n<link rel=\"canonical\" href=\"https:\/\/www.irishwetlands.ie\/ga\/acmhainni-irwc-aschuir\/\" \/>\n<meta property=\"og:locale\" content=\"ga_IE\" \/>\n<meta property=\"og:type\" content=\"article\" \/>\n<meta property=\"og:title\" content=\"ACMHAINN\u00cd - IRWC Aschuir - Coiste Bogaigh Ramsar na h\u00c9ireann\" \/>\n<meta property=\"og:url\" content=\"https:\/\/www.irishwetlands.ie\/ga\/acmhainni-irwc-aschuir\/\" \/>\n<meta property=\"og:site_name\" content=\"Coiste Bogaigh Ramsar na h\u00c9ireann\" \/>\n<meta property=\"article:modified_time\" content=\"2026-03-20T14:35:39+00:00\" \/>\n<meta name=\"twitter:card\" content=\"summary_large_image\" \/>\n<meta name=\"twitter:site\" content=\"@ramsarireland\" \/>\n<meta name=\"twitter:label1\" content=\"Est. reading time\" \/>\n\t<meta name=\"twitter:data1\" content=\"7 minutes\" \/>\n<script type=\"application\/ld+json\" class=\"yoast-schema-graph\">{\"@context\":\"https:\\\/\\\/schema.org\",\"@graph\":[{\"@type\":\"WebPage\",\"@id\":\"https:\\\/\\\/www.irishwetlands.ie\\\/ga\\\/acmhainni-irwc-aschuir\\\/\",\"url\":\"https:\\\/\\\/www.irishwetlands.ie\\\/ga\\\/acmhainni-irwc-aschuir\\\/\",\"name\":\"ACMHAINN\u00cd - IRWC Aschuir - Coiste Bogaigh Ramsar na h\u00c9ireann\",\"isPartOf\":{\"@id\":\"https:\\\/\\\/www.irishwetlands.ie\\\/ga\\\/#website\"},\"datePublished\":\"2018-09-18T23:17:14+00:00\",\"dateModified\":\"2026-03-20T14:35:39+00:00\",\"breadcrumb\":{\"@id\":\"https:\\\/\\\/www.irishwetlands.ie\\\/ga\\\/acmhainni-irwc-aschuir\\\/#breadcrumb\"},\"inLanguage\":\"ga-IE\",\"potentialAction\":[{\"@type\":\"ReadAction\",\"target\":[\"https:\\\/\\\/www.irishwetlands.ie\\\/ga\\\/acmhainni-irwc-aschuir\\\/\"]}]},{\"@type\":\"BreadcrumbList\",\"@id\":\"https:\\\/\\\/www.irishwetlands.ie\\\/ga\\\/acmhainni-irwc-aschuir\\\/#breadcrumb\",\"itemListElement\":[{\"@type\":\"ListItem\",\"position\":1,\"name\":\"Home\",\"item\":\"https:\\\/\\\/www.irishwetlands.ie\\\/ga\\\/\"},{\"@type\":\"ListItem\",\"position\":2,\"name\":\"ACMHAINN\u00cd &#8211; IRWC Aschuir\"}]},{\"@type\":\"WebSite\",\"@id\":\"https:\\\/\\\/www.irishwetlands.ie\\\/ga\\\/#website\",\"url\":\"https:\\\/\\\/www.irishwetlands.ie\\\/ga\\\/\",\"name\":\"Irish Ramsar Wetlands Committee\",\"description\":\"\",\"potentialAction\":[{\"@type\":\"SearchAction\",\"target\":{\"@type\":\"EntryPoint\",\"urlTemplate\":\"https:\\\/\\\/www.irishwetlands.ie\\\/ga\\\/?s={search_term_string}\"},\"query-input\":{\"@type\":\"PropertyValueSpecification\",\"valueRequired\":true,\"valueName\":\"search_term_string\"}}],\"inLanguage\":\"ga-IE\"}]}<\/script>\n<!-- \/ Yoast SEO plugin. -->","yoast_head_json":{"title":"ACMHAINN\u00cd - IRWC Aschuir - Coiste Bogaigh Ramsar na h\u00c9ireann","robots":{"index":"index","follow":"follow","max-snippet":"max-snippet:-1","max-image-preview":"max-image-preview:large","max-video-preview":"max-video-preview:-1"},"canonical":"https:\/\/www.irishwetlands.ie\/ga\/acmhainni-irwc-aschuir\/","og_locale":"ga_IE","og_type":"article","og_title":"ACMHAINN\u00cd - IRWC Aschuir - Coiste Bogaigh Ramsar na h\u00c9ireann","og_url":"https:\/\/www.irishwetlands.ie\/ga\/acmhainni-irwc-aschuir\/","og_site_name":"Coiste Bogaigh Ramsar na h\u00c9ireann","article_modified_time":"2026-03-20T14:35:39+00:00","twitter_card":"summary_large_image","twitter_site":"@ramsarireland","twitter_misc":{"Est. reading time":"7 minutes"},"schema":{"@context":"https:\/\/schema.org","@graph":[{"@type":"WebPage","@id":"https:\/\/www.irishwetlands.ie\/ga\/acmhainni-irwc-aschuir\/","url":"https:\/\/www.irishwetlands.ie\/ga\/acmhainni-irwc-aschuir\/","name":"ACMHAINN\u00cd - IRWC Aschuir - Coiste Bogaigh Ramsar na h\u00c9ireann","isPartOf":{"@id":"https:\/\/www.irishwetlands.ie\/ga\/#website"},"datePublished":"2018-09-18T23:17:14+00:00","dateModified":"2026-03-20T14:35:39+00:00","breadcrumb":{"@id":"https:\/\/www.irishwetlands.ie\/ga\/acmhainni-irwc-aschuir\/#breadcrumb"},"inLanguage":"ga-IE","potentialAction":[{"@type":"ReadAction","target":["https:\/\/www.irishwetlands.ie\/ga\/acmhainni-irwc-aschuir\/"]}]},{"@type":"BreadcrumbList","@id":"https:\/\/www.irishwetlands.ie\/ga\/acmhainni-irwc-aschuir\/#breadcrumb","itemListElement":[{"@type":"ListItem","position":1,"name":"Home","item":"https:\/\/www.irishwetlands.ie\/ga\/"},{"@type":"ListItem","position":2,"name":"ACMHAINN\u00cd &#8211; IRWC Aschuir"}]},{"@type":"WebSite","@id":"https:\/\/www.irishwetlands.ie\/ga\/#website","url":"https:\/\/www.irishwetlands.ie\/ga\/","name":"Irish Ramsar Wetlands Committee","description":"","potentialAction":[{"@type":"SearchAction","target":{"@type":"EntryPoint","urlTemplate":"https:\/\/www.irishwetlands.ie\/ga\/?s={search_term_string}"},"query-input":{"@type":"PropertyValueSpecification","valueRequired":true,"valueName":"search_term_string"}}],"inLanguage":"ga-IE"}]}},"_links":{"self":[{"href":"https:\/\/www.irishwetlands.ie\/ga\/wp-json\/wp\/v2\/pages\/2945","targetHints":{"allow":["GET"]}}],"collection":[{"href":"https:\/\/www.irishwetlands.ie\/ga\/wp-json\/wp\/v2\/pages"}],"about":[{"href":"https:\/\/www.irishwetlands.ie\/ga\/wp-json\/wp\/v2\/types\/page"}],"author":[{"embeddable":true,"href":"https:\/\/www.irishwetlands.ie\/ga\/wp-json\/wp\/v2\/users\/1"}],"replies":[{"embeddable":true,"href":"https:\/\/www.irishwetlands.ie\/ga\/wp-json\/wp\/v2\/comments?post=2945"}],"version-history":[{"count":6,"href":"https:\/\/www.irishwetlands.ie\/ga\/wp-json\/wp\/v2\/pages\/2945\/revisions"}],"predecessor-version":[{"id":4556,"href":"https:\/\/www.irishwetlands.ie\/ga\/wp-json\/wp\/v2\/pages\/2945\/revisions\/4556"}],"wp:attachment":[{"href":"https:\/\/www.irishwetlands.ie\/ga\/wp-json\/wp\/v2\/media?parent=2945"}],"curies":[{"name":"wp","href":"https:\/\/api.w.org\/{rel}","templated":true}]}}