{"id":2948,"date":"2019-05-07T16:52:17","date_gmt":"2019-05-07T16:52:17","guid":{"rendered":"https:\/\/www.irishwetlands.ie\/naisc-usaideacha\/"},"modified":"2022-12-12T16:08:49","modified_gmt":"2022-12-12T16:08:49","slug":"naisc-usaideacha","status":"publish","type":"page","link":"https:\/\/www.irishwetlands.ie\/ga\/naisc-usaideacha\/","title":{"rendered":"NAISC \u00daS\u00c1IDEACHA"},"content":{"rendered":"<p><div class=\"fusion-fullwidth fullwidth-box fusion-builder-row-1 fusion-flex-container has-pattern-background has-mask-background nonhundred-percent-fullwidth non-hundred-percent-height-scrolling\" style=\"--awb-border-radius-top-left:0px;--awb-border-radius-top-right:0px;--awb-border-radius-bottom-right:0px;--awb-border-radius-bottom-left:0px;\" ><div class=\"fusion-builder-row fusion-row fusion-flex-align-items-flex-start\" style=\"max-width:1456px;margin-left: calc(-4% \/ 2 );margin-right: calc(-4% \/ 2 );\"><div class=\"fusion-layout-column fusion_builder_column fusion-builder-column-0 fusion_builder_column_1_1 1_1 fusion-flex-column\" style=\"--awb-bg-size:cover;--awb-width-large:100%;--awb-margin-top-large:0px;--awb-spacing-right-large:1.92%;--awb-margin-bottom-large:20px;--awb-spacing-left-large:1.92%;--awb-width-medium:100%;--awb-order-medium:0;--awb-spacing-right-medium:1.92%;--awb-spacing-left-medium:1.92%;--awb-width-small:100%;--awb-order-small:0;--awb-spacing-right-small:1.92%;--awb-spacing-left-small:1.92%;\"><div class=\"fusion-column-wrapper fusion-column-has-shadow fusion-flex-justify-content-flex-start fusion-content-layout-column\"><div class=\"fusion-text fusion-text-1\"><h1>Naisc \u00das\u00e1ideacha<\/h1>\n<\/div><\/div><\/div><\/div><\/div><div class=\"fusion-fullwidth fullwidth-box fusion-builder-row-2 nonhundred-percent-fullwidth non-hundred-percent-height-scrolling fusion-equal-height-columns\" style=\"--awb-border-radius-top-left:0px;--awb-border-radius-top-right:0px;--awb-border-radius-bottom-right:0px;--awb-border-radius-bottom-left:0px;--awb-margin-top:30px;\" ><div class=\"fusion-builder-row fusion-row\"><div class=\"fusion-layout-column fusion_builder_column fusion-builder-column-1 fusion_builder_column_1_5 1_5 fusion-one-fifth fusion-column-first\" style=\"--awb-bg-size:cover;width:20%;width:calc(20% - ( ( 4% + 4% + 4% + 4% ) * 0.2 ) );margin-right: 4%;\"><div class=\"fusion-column-wrapper fusion-flex-column-wrapper-legacy\"><div class=\"fusion-text fusion-text-2\"><p style=\"text-align: center;\"><strong>Tionscadail Rannph\u00e1irt\u00edochta Pobail<\/strong><\/p>\n<\/div><div class=\"fusion-image-element in-legacy-container\" style=\"--awb-caption-title-font-family:var(--h2_typography-font-family);--awb-caption-title-font-weight:var(--h2_typography-font-weight);--awb-caption-title-font-style:var(--h2_typography-font-style);--awb-caption-title-size:var(--h2_typography-font-size);--awb-caption-title-transform:var(--h2_typography-text-transform);--awb-caption-title-line-height:var(--h2_typography-line-height);--awb-caption-title-letter-spacing:var(--h2_typography-letter-spacing);\"><span class=\" fusion-imageframe imageframe-none imageframe-1 hover-type-none\" class=\"image-magnify\" class=\"image-scroll\"><img decoding=\"async\" width=\"960\" height=\"720\" alt=\"M\u00f3in na Scotha Bu\u00ed\" title=\"Scohaboy\" src=\"https:\/\/www.irishwetlands.ie\/wp-content\/uploads\/2019\/05\/Scohaboy.jpg\" class=\"img-responsive wp-image-2638\" srcset=\"https:\/\/www.irishwetlands.ie\/wp-content\/uploads\/2019\/05\/Scohaboy-200x150.jpg 200w, https:\/\/www.irishwetlands.ie\/wp-content\/uploads\/2019\/05\/Scohaboy-400x300.jpg 400w, https:\/\/www.irishwetlands.ie\/wp-content\/uploads\/2019\/05\/Scohaboy-600x450.jpg 600w, https:\/\/www.irishwetlands.ie\/wp-content\/uploads\/2019\/05\/Scohaboy-800x600.jpg 800w, https:\/\/www.irishwetlands.ie\/wp-content\/uploads\/2019\/05\/Scohaboy.jpg 960w\" sizes=\"(max-width: 800px) 100vw, 400px\" \/><\/span><\/div><div class=\"fusion-clearfix\"><\/div><\/div><\/div><div class=\"fusion-layout-column fusion_builder_column fusion-builder-column-2 fusion_builder_column_1_5 1_5 fusion-one-fifth\" style=\"--awb-bg-size:cover;width:20%;width:calc(20% - ( ( 4% + 4% + 4% + 4% ) * 0.2 ) );margin-right: 4%;\"><div class=\"fusion-column-wrapper fusion-flex-column-wrapper-legacy\"><div class=\"fusion-text fusion-text-3\"><p style=\"text-align: center;\"><strong>Caomhn\u00fa &amp; Monat\u00f3ireacht Bogaigh<\/strong><\/p>\n<\/div><div class=\"fusion-image-element in-legacy-container\" style=\"--awb-caption-title-font-family:var(--h2_typography-font-family);--awb-caption-title-font-weight:var(--h2_typography-font-weight);--awb-caption-title-font-style:var(--h2_typography-font-style);--awb-caption-title-size:var(--h2_typography-font-size);--awb-caption-title-transform:var(--h2_typography-text-transform);--awb-caption-title-line-height:var(--h2_typography-line-height);--awb-caption-title-letter-spacing:var(--h2_typography-letter-spacing);\"><span class=\" fusion-imageframe imageframe-none imageframe-2 hover-type-none\" class=\"image-magnify\" class=\"image-scroll\"><img decoding=\"async\" width=\"700\" height=\"467\" alt=\"Foireann Monat\u00f3ireachta Bogaigh\" src=\"https:\/\/www.irishwetlands.ie\/wp-content\/uploads\/2015\/03\/DSC_1867_S.jpg\" class=\"img-responsive wp-image-2568\" srcset=\"https:\/\/www.irishwetlands.ie\/wp-content\/uploads\/2015\/03\/DSC_1867_S-300x200.jpg 300w, https:\/\/www.irishwetlands.ie\/wp-content\/uploads\/2015\/03\/DSC_1867_S-450x300.jpg 450w, https:\/\/www.irishwetlands.ie\/wp-content\/uploads\/2015\/03\/DSC_1867_S.jpg 700w\" sizes=\"(max-width: 700px) 100vw, 700px\" \/><\/span><\/div><div class=\"fusion-clearfix\"><\/div><\/div><\/div><div class=\"fusion-layout-column fusion_builder_column fusion-builder-column-3 fusion_builder_column_1_5 1_5 fusion-one-fifth\" style=\"--awb-bg-size:cover;width:20%;width:calc(20% - ( ( 4% + 4% + 4% + 4% ) * 0.2 ) );margin-right: 4%;\"><div class=\"fusion-column-wrapper fusion-flex-column-wrapper-legacy\"><div class=\"fusion-text fusion-text-4\"><p style=\"text-align: center;\"><strong>Ionaid Bogaigh<\/strong><\/p>\n<\/div><div class=\"fusion-image-element in-legacy-container\" style=\"--awb-caption-title-font-family:var(--h2_typography-font-family);--awb-caption-title-font-weight:var(--h2_typography-font-weight);--awb-caption-title-font-style:var(--h2_typography-font-style);--awb-caption-title-size:var(--h2_typography-font-size);--awb-caption-title-transform:var(--h2_typography-text-transform);--awb-caption-title-line-height:var(--h2_typography-line-height);--awb-caption-title-letter-spacing:var(--h2_typography-letter-spacing);\"><span class=\" fusion-imageframe imageframe-none imageframe-3 hover-type-none\" class=\"image-magnify\" class=\"image-scroll\"><img decoding=\"async\" width=\"753\" height=\"597\" alt=\"Ionad Bogaigh B\u00e1 Thr\u00e1 L\u00ed\" title=\"Tralee Bay Wetlands Centre\" src=\"https:\/\/www.irishwetlands.ie\/wp-content\/uploads\/2019\/05\/tralee-e1556845228630.jpg\" class=\"img-responsive wp-image-2639\" srcset=\"https:\/\/www.irishwetlands.ie\/wp-content\/uploads\/2019\/05\/tralee-e1556845228630-200x159.jpg 200w, https:\/\/www.irishwetlands.ie\/wp-content\/uploads\/2019\/05\/tralee-e1556845228630-400x317.jpg 400w, https:\/\/www.irishwetlands.ie\/wp-content\/uploads\/2019\/05\/tralee-e1556845228630-600x476.jpg 600w, https:\/\/www.irishwetlands.ie\/wp-content\/uploads\/2019\/05\/tralee-e1556845228630.jpg 753w\" sizes=\"(max-width: 800px) 100vw, 753px\" \/><\/span><\/div><div class=\"fusion-clearfix\"><\/div><\/div><\/div><div class=\"fusion-layout-column fusion_builder_column fusion-builder-column-4 fusion_builder_column_1_5 1_5 fusion-one-fifth\" style=\"--awb-bg-size:cover;width:20%;width:calc(20% - ( ( 4% + 4% + 4% + 4% ) * 0.2 ) );margin-right: 4%;\"><div class=\"fusion-column-wrapper fusion-flex-column-wrapper-legacy\"><div class=\"fusion-text fusion-text-5\"><p style=\"text-align: center;\"><strong>Tionscnaimh Bogaigh Eile<\/strong><\/p>\n<\/div><div class=\"fusion-image-element in-legacy-container\" style=\"--awb-caption-title-font-family:var(--h2_typography-font-family);--awb-caption-title-font-weight:var(--h2_typography-font-weight);--awb-caption-title-font-style:var(--h2_typography-font-style);--awb-caption-title-size:var(--h2_typography-font-size);--awb-caption-title-transform:var(--h2_typography-text-transform);--awb-caption-title-line-height:var(--h2_typography-line-height);--awb-caption-title-letter-spacing:var(--h2_typography-letter-spacing);\"><span class=\" fusion-imageframe imageframe-none imageframe-4 hover-type-none\" class=\"image-magnify\" class=\"image-scroll\"><img decoding=\"async\" width=\"938\" height=\"769\" alt=\"Sfagnam capillifolium Acaill\" title=\"Spahgnum capillifolium Achill\" src=\"https:\/\/www.irishwetlands.ie\/wp-content\/uploads\/2019\/05\/Spahgnum-capillifolium-Achill-e1557248386452.jpg\" class=\"img-responsive wp-image-2644\" srcset=\"https:\/\/www.irishwetlands.ie\/wp-content\/uploads\/2019\/05\/Spahgnum-capillifolium-Achill-e1557248386452-200x164.jpg 200w, https:\/\/www.irishwetlands.ie\/wp-content\/uploads\/2019\/05\/Spahgnum-capillifolium-Achill-e1557248386452-400x328.jpg 400w, https:\/\/www.irishwetlands.ie\/wp-content\/uploads\/2019\/05\/Spahgnum-capillifolium-Achill-e1557248386452-600x492.jpg 600w, https:\/\/www.irishwetlands.ie\/wp-content\/uploads\/2019\/05\/Spahgnum-capillifolium-Achill-e1557248386452-800x656.jpg 800w, https:\/\/www.irishwetlands.ie\/wp-content\/uploads\/2019\/05\/Spahgnum-capillifolium-Achill-e1557248386452.jpg 938w\" sizes=\"(max-width: 800px) 100vw, 938px\" \/><\/span><\/div><div class=\"fusion-clearfix\"><\/div><\/div><\/div><div class=\"fusion-layout-column fusion_builder_column fusion-builder-column-5 fusion_builder_column_1_5 1_5 fusion-one-fifth fusion-column-last\" style=\"--awb-bg-size:cover;width:20%;width:calc(20% - ( ( 4% + 4% + 4% + 4% ) * 0.2 ) );\"><div class=\"fusion-column-wrapper fusion-flex-column-wrapper-legacy\"><div class=\"fusion-text fusion-text-6\"><p style=\"text-align: center;\"><strong>Naisc Ramsar<\/strong><\/p>\n<\/div><div class=\"fusion-image-element in-legacy-container\" style=\"--awb-caption-title-font-family:var(--h2_typography-font-family);--awb-caption-title-font-weight:var(--h2_typography-font-weight);--awb-caption-title-font-style:var(--h2_typography-font-style);--awb-caption-title-size:var(--h2_typography-font-size);--awb-caption-title-transform:var(--h2_typography-text-transform);--awb-caption-title-line-height:var(--h2_typography-line-height);--awb-caption-title-letter-spacing:var(--h2_typography-letter-spacing);\"><span class=\" fusion-imageframe imageframe-none imageframe-5 hover-type-none\" class=\"image-magnify\" class=\"image-scroll\"><img decoding=\"async\" width=\"278\" height=\"250\" alt=\"Coinbhinsi\u00fan Ramsar ar Bogaigh\" title=\"Ramsar\" src=\"https:\/\/www.irishwetlands.ie\/wp-content\/uploads\/2018\/08\/RamsarEngBig.jpg\" class=\"img-responsive wp-image-2601\" srcset=\"https:\/\/www.irishwetlands.ie\/wp-content\/uploads\/2018\/08\/RamsarEngBig-200x180.jpg 200w, https:\/\/www.irishwetlands.ie\/wp-content\/uploads\/2018\/08\/RamsarEngBig.jpg 278w\" sizes=\"(max-width: 800px) 100vw, 278px\" \/><\/span><\/div><div class=\"fusion-clearfix\"><\/div><\/div><\/div><\/div><\/div><div class=\"fusion-fullwidth fullwidth-box fusion-builder-row-3 nonhundred-percent-fullwidth non-hundred-percent-height-scrolling fusion-equal-height-columns\" style=\"--awb-border-radius-top-left:0px;--awb-border-radius-top-right:0px;--awb-border-radius-bottom-right:0px;--awb-border-radius-bottom-left:0px;\" ><div class=\"fusion-builder-row fusion-row\"><div class=\"fusion-layout-column fusion_builder_column fusion-builder-column-6 fusion_builder_column_1_5 1_5 fusion-one-fifth fusion-column-first\" style=\"--awb-bg-size:cover;width:20%;width:calc(20% - ( ( 4% + 4% + 4% + 4% ) * 0.2 ) );margin-right: 4%;\"><div class=\"fusion-column-wrapper fusion-flex-column-wrapper-legacy\"><div class=\"fusion-text fusion-text-7\"><ul>\n<li><a href=\"http:\/\/www.abbeyleixbog.ie\/home\" target=\"_blank\" rel=\"noopener noreferrer\">Tionscadal Portaigh Mhainistir Laoise<\/a><\/li>\n<li><a href=\"https:\/\/www.irishrurallink.ie\/community-wetlands-forum\/\" target=\"_blank\" rel=\"noopener noreferrer\">F\u00f3ram Bogaigh an Phobail<\/a><\/li>\n<li><a href=\"https:\/\/www.facebook.com\/scohaboybogcloughjordan\/\" target=\"_blank\" rel=\"noopener noreferrer\">M\u00f3in na Scotha Bu\u00ed<\/a><\/li>\n<li><a href=\"http:\/\/loughcarra.org\/\" target=\"_blank\" rel=\"noopener noreferrer\">Loch Ceara<\/a><\/li>\n<\/ul>\n<\/div><div class=\"fusion-clearfix\"><\/div><\/div><\/div><div class=\"fusion-layout-column fusion_builder_column fusion-builder-column-7 fusion_builder_column_1_5 1_5 fusion-one-fifth\" style=\"--awb-bg-size:cover;width:20%;width:calc(20% - ( ( 4% + 4% + 4% + 4% ) * 0.2 ) );margin-right: 4%;\"><div class=\"fusion-column-wrapper fusion-flex-column-wrapper-legacy\"><div class=\"fusion-text fusion-text-8\"><ul>\n<li><a href=\"http:\/\/www.newrymournedown.org\/the-cann-project\" target=\"_blank\" rel=\"noopener noreferrer\">Tionscadal CANN<\/a><\/li>\n<li><a href=\"http:\/\/www.ipcc.ie\/help-ipcc\/hop-to-it-national-frog-survey-irelandcard\/\" target=\"_blank\" rel=\"noopener noreferrer\">Suirbh\u00e9 N\u00e1isi\u00fanta Froganna Hop-to-it<\/a><\/li>\n<li><a href=\"https:\/\/www.birdwatchireland.ie\/?tabid=111\" target=\"_blank\" rel=\"noopener noreferrer\">Suirbh\u00e9 ar \u00c9an Bogaigh na h\u00c9ireann<\/a><\/li>\n<li><a href=\"http:\/\/www.mpa-management.eu\/\" target=\"_blank\" rel=\"noopener noreferrer\">MarPAMM<\/a><\/li>\n<li><a href=\"http:\/\/www.pearlmusselproject.ie\/\" target=\"_blank\" rel=\"noopener noreferrer\">Tionscadal Di\u00failic\u00edn P\u00e9arla<\/a><\/li>\n<\/ul>\n<\/div><div class=\"fusion-clearfix\"><\/div><\/div><\/div><div class=\"fusion-layout-column fusion_builder_column fusion-builder-column-8 fusion_builder_column_1_5 1_5 fusion-one-fifth\" style=\"--awb-bg-size:cover;width:20%;width:calc(20% - ( ( 4% + 4% + 4% + 4% ) * 0.2 ) );margin-right: 4%;\"><div class=\"fusion-column-wrapper fusion-flex-column-wrapper-legacy\"><div class=\"fusion-text fusion-text-9\"><ul>\n<li><a href=\"http:\/\/ballybaywetlands.ie\/\" target=\"_blank\" rel=\"noopener noreferrer\">Ionad Bogaigh B\u00e9al \u00c1tha Beithe<\/a><\/li>\n<li><a href=\"http:\/\/www.ipcc.ie\/visitor-attraction\/bog-of-allen-nature-centre\/\" target=\"_blank\" rel=\"noopener noreferrer\">Ionad D\u00falra M\u00f3in Allen<\/a><\/li>\n<li><a href=\"http:\/\/www.cabraghwetlands.ie\/blog\/\" target=\"_blank\" rel=\"noopener noreferrer\">Bogaigh an Cabhrach<\/a><\/li>\n<li><a href=\"https:\/\/www.traleebaywetlands.org\/\" target=\"_blank\" rel=\"noopener noreferrer\">Ionad Bogaigh B\u00e1 Thr\u00e1 L\u00ed<\/a><\/li>\n<li><a href=\"https:\/\/wli.wwt.org.uk\/\" target=\"_blank\" rel=\"noopener noreferrer\">Nasc Bogaigh Idirn\u00e1isi\u00fanta<\/a><\/li>\n<\/ul>\n<\/div><div class=\"fusion-clearfix\"><\/div><\/div><\/div><div class=\"fusion-layout-column fusion_builder_column fusion-builder-column-9 fusion_builder_column_1_5 1_5 fusion-one-fifth\" style=\"--awb-bg-size:cover;width:20%;width:calc(20% - ( ( 4% + 4% + 4% + 4% ) * 0.2 ) );margin-right: 4%;\"><div class=\"fusion-column-wrapper fusion-flex-column-wrapper-legacy\"><div class=\"fusion-text fusion-text-10\"><ul>\n<li><a href=\"https:\/\/wetland.maps.arcgis.com\/apps\/MapTour\/index.html?appid=cd6e1a247bdc4179b9dfc0461e950f1e#\" target=\"_blank\" rel=\"noopener noreferrer\">Bogaigh Ramsar i bPoblacht na h\u00c9ireann<\/a><\/li>\n<li><a href=\"https:\/\/www.catchments.ie\/\" target=\"_blank\" rel=\"noopener noreferrer\">catchments.ie<\/a><\/li>\n<li><a href=\"http:\/\/www.wetlandsurveysireland.com\/index.html\" target=\"_blank\" rel=\"noopener noreferrer\">Suirbh\u00e9anna Bogaigh \u00c9ire<\/a><\/li>\n<li><a href=\"http:\/\/www.wetlandsurveysireland.com\/wetlands\/map-of-irish-wetlands--\/map-of-irish-wetlands---map\/index.html\" target=\"_blank\" rel=\"noopener noreferrer\">L\u00e9arsc\u00e1il de bhogaigh na h\u00c9ireann<\/a><\/li>\n<li><a href=\"https:\/\/wetland.maps.arcgis.com\/apps\/Shortlist\/index.html?appid=5a9c34acf59a49f0a67d5f7293b44d6b\" target=\"_blank\" rel=\"noopener noreferrer\">Portaigh ardaithe na h\u00c9ireann<\/a><\/li>\n<\/ul>\n<\/div><div class=\"fusion-clearfix\"><\/div><\/div><\/div><div class=\"fusion-layout-column fusion_builder_column fusion-builder-column-10 fusion_builder_column_1_5 1_5 fusion-one-fifth fusion-column-last\" style=\"--awb-bg-size:cover;width:20%;width:calc(20% - ( ( 4% + 4% + 4% + 4% ) * 0.2 ) );\"><div class=\"fusion-column-wrapper fusion-flex-column-wrapper-legacy\"><div class=\"fusion-text fusion-text-11\"><ul>\n<li><a href=\"https:\/\/www.ramsar.org\/\" target=\"_blank\" rel=\"noopener noreferrer\">Ramsar<\/a><\/li>\n<li><a href=\"https:\/\/www.ramsar.org\/resources\" target=\"_blank\" rel=\"noopener noreferrer\">Acmhainn\u00ed Ramsar<\/a><\/li>\n<li><a href=\"https:\/\/www.ramsar.org\/wetland\/ireland\" target=\"_blank\" rel=\"noopener noreferrer\">Su\u00edomhanna Ramsar in \u00c9irinn<\/a><\/li>\n<\/ul>\n<\/div><div class=\"fusion-clearfix\"><\/div><\/div><\/div><\/div><\/div><\/p>\n","protected":false},"excerpt":{"rendered":"","protected":false},"author":1,"featured_media":0,"parent":0,"menu_order":0,"comment_status":"closed","ping_status":"closed","template":"","meta":{"footnotes":""},"class_list":["post-2948","page","type-page","status-publish","hentry"],"yoast_head":"<!-- This site is optimized with the Yoast SEO plugin v27.5 - https:\/\/yoast.com\/product\/yoast-seo-wordpress\/ -->\n<title>NAISC \u00daS\u00c1IDEACHA - Coiste Bogaigh Ramsar na h\u00c9ireann<\/title>\n<meta name=\"robots\" content=\"index, follow, max-snippet:-1, max-image-preview:large, max-video-preview:-1\" \/>\n<link rel=\"canonical\" href=\"https:\/\/www.irishwetlands.ie\/ga\/naisc-usaideacha\/\" \/>\n<meta property=\"og:locale\" content=\"ga_IE\" \/>\n<meta property=\"og:type\" content=\"article\" \/>\n<meta property=\"og:title\" content=\"NAISC \u00daS\u00c1IDEACHA - Coiste Bogaigh Ramsar na h\u00c9ireann\" \/>\n<meta property=\"og:url\" content=\"https:\/\/www.irishwetlands.ie\/ga\/naisc-usaideacha\/\" \/>\n<meta property=\"og:site_name\" content=\"Coiste Bogaigh Ramsar na h\u00c9ireann\" \/>\n<meta property=\"article:modified_time\" content=\"2022-12-12T16:08:49+00:00\" \/>\n<meta name=\"twitter:card\" content=\"summary_large_image\" \/>\n<meta name=\"twitter:site\" content=\"@ramsarireland\" \/>\n<meta name=\"twitter:label1\" content=\"Est. reading time\" \/>\n\t<meta name=\"twitter:data1\" content=\"17 minutes\" \/>\n<script type=\"application\/ld+json\" class=\"yoast-schema-graph\">{\"@context\":\"https:\\\/\\\/schema.org\",\"@graph\":[{\"@type\":\"WebPage\",\"@id\":\"https:\\\/\\\/www.irishwetlands.ie\\\/ga\\\/naisc-usaideacha\\\/\",\"url\":\"https:\\\/\\\/www.irishwetlands.ie\\\/ga\\\/naisc-usaideacha\\\/\",\"name\":\"NAISC \u00daS\u00c1IDEACHA - Coiste Bogaigh Ramsar na h\u00c9ireann\",\"isPartOf\":{\"@id\":\"https:\\\/\\\/www.irishwetlands.ie\\\/ga\\\/#website\"},\"datePublished\":\"2019-05-07T16:52:17+00:00\",\"dateModified\":\"2022-12-12T16:08:49+00:00\",\"breadcrumb\":{\"@id\":\"https:\\\/\\\/www.irishwetlands.ie\\\/ga\\\/naisc-usaideacha\\\/#breadcrumb\"},\"inLanguage\":\"ga-IE\",\"potentialAction\":[{\"@type\":\"ReadAction\",\"target\":[\"https:\\\/\\\/www.irishwetlands.ie\\\/ga\\\/naisc-usaideacha\\\/\"]}]},{\"@type\":\"BreadcrumbList\",\"@id\":\"https:\\\/\\\/www.irishwetlands.ie\\\/ga\\\/naisc-usaideacha\\\/#breadcrumb\",\"itemListElement\":[{\"@type\":\"ListItem\",\"position\":1,\"name\":\"Home\",\"item\":\"https:\\\/\\\/www.irishwetlands.ie\\\/ga\\\/\"},{\"@type\":\"ListItem\",\"position\":2,\"name\":\"NAISC \u00daS\u00c1IDEACHA\"}]},{\"@type\":\"WebSite\",\"@id\":\"https:\\\/\\\/www.irishwetlands.ie\\\/ga\\\/#website\",\"url\":\"https:\\\/\\\/www.irishwetlands.ie\\\/ga\\\/\",\"name\":\"Irish Ramsar Wetlands Committee\",\"description\":\"\",\"potentialAction\":[{\"@type\":\"SearchAction\",\"target\":{\"@type\":\"EntryPoint\",\"urlTemplate\":\"https:\\\/\\\/www.irishwetlands.ie\\\/ga\\\/?s={search_term_string}\"},\"query-input\":{\"@type\":\"PropertyValueSpecification\",\"valueRequired\":true,\"valueName\":\"search_term_string\"}}],\"inLanguage\":\"ga-IE\"}]}<\/script>\n<!-- \/ Yoast SEO plugin. -->","yoast_head_json":{"title":"NAISC \u00daS\u00c1IDEACHA - Coiste Bogaigh Ramsar na h\u00c9ireann","robots":{"index":"index","follow":"follow","max-snippet":"max-snippet:-1","max-image-preview":"max-image-preview:large","max-video-preview":"max-video-preview:-1"},"canonical":"https:\/\/www.irishwetlands.ie\/ga\/naisc-usaideacha\/","og_locale":"ga_IE","og_type":"article","og_title":"NAISC \u00daS\u00c1IDEACHA - Coiste Bogaigh Ramsar na h\u00c9ireann","og_url":"https:\/\/www.irishwetlands.ie\/ga\/naisc-usaideacha\/","og_site_name":"Coiste Bogaigh Ramsar na h\u00c9ireann","article_modified_time":"2022-12-12T16:08:49+00:00","twitter_card":"summary_large_image","twitter_site":"@ramsarireland","twitter_misc":{"Est. reading time":"17 minutes"},"schema":{"@context":"https:\/\/schema.org","@graph":[{"@type":"WebPage","@id":"https:\/\/www.irishwetlands.ie\/ga\/naisc-usaideacha\/","url":"https:\/\/www.irishwetlands.ie\/ga\/naisc-usaideacha\/","name":"NAISC \u00daS\u00c1IDEACHA - Coiste Bogaigh Ramsar na h\u00c9ireann","isPartOf":{"@id":"https:\/\/www.irishwetlands.ie\/ga\/#website"},"datePublished":"2019-05-07T16:52:17+00:00","dateModified":"2022-12-12T16:08:49+00:00","breadcrumb":{"@id":"https:\/\/www.irishwetlands.ie\/ga\/naisc-usaideacha\/#breadcrumb"},"inLanguage":"ga-IE","potentialAction":[{"@type":"ReadAction","target":["https:\/\/www.irishwetlands.ie\/ga\/naisc-usaideacha\/"]}]},{"@type":"BreadcrumbList","@id":"https:\/\/www.irishwetlands.ie\/ga\/naisc-usaideacha\/#breadcrumb","itemListElement":[{"@type":"ListItem","position":1,"name":"Home","item":"https:\/\/www.irishwetlands.ie\/ga\/"},{"@type":"ListItem","position":2,"name":"NAISC \u00daS\u00c1IDEACHA"}]},{"@type":"WebSite","@id":"https:\/\/www.irishwetlands.ie\/ga\/#website","url":"https:\/\/www.irishwetlands.ie\/ga\/","name":"Irish Ramsar Wetlands Committee","description":"","potentialAction":[{"@type":"SearchAction","target":{"@type":"EntryPoint","urlTemplate":"https:\/\/www.irishwetlands.ie\/ga\/?s={search_term_string}"},"query-input":{"@type":"PropertyValueSpecification","valueRequired":true,"valueName":"search_term_string"}}],"inLanguage":"ga-IE"}]}},"_links":{"self":[{"href":"https:\/\/www.irishwetlands.ie\/ga\/wp-json\/wp\/v2\/pages\/2948","targetHints":{"allow":["GET"]}}],"collection":[{"href":"https:\/\/www.irishwetlands.ie\/ga\/wp-json\/wp\/v2\/pages"}],"about":[{"href":"https:\/\/www.irishwetlands.ie\/ga\/wp-json\/wp\/v2\/types\/page"}],"author":[{"embeddable":true,"href":"https:\/\/www.irishwetlands.ie\/ga\/wp-json\/wp\/v2\/users\/1"}],"replies":[{"embeddable":true,"href":"https:\/\/www.irishwetlands.ie\/ga\/wp-json\/wp\/v2\/comments?post=2948"}],"version-history":[{"count":4,"href":"https:\/\/www.irishwetlands.ie\/ga\/wp-json\/wp\/v2\/pages\/2948\/revisions"}],"predecessor-version":[{"id":3138,"href":"https:\/\/www.irishwetlands.ie\/ga\/wp-json\/wp\/v2\/pages\/2948\/revisions\/3138"}],"wp:attachment":[{"href":"https:\/\/www.irishwetlands.ie\/ga\/wp-json\/wp\/v2\/media?parent=2948"}],"curies":[{"name":"wp","href":"https:\/\/api.w.org\/{rel}","templated":true}]}}