{"id":2951,"date":"2020-02-13T15:00:37","date_gmt":"2020-02-13T15:00:37","guid":{"rendered":"https:\/\/www.irishwetlands.ie\/achmainni\/"},"modified":"2022-12-12T16:05:10","modified_gmt":"2022-12-12T16:05:10","slug":"achmainni","status":"publish","type":"page","link":"https:\/\/www.irishwetlands.ie\/ga\/achmainni\/","title":{"rendered":"Achmainn\u00ed"},"content":{"rendered":"<p><div class=\"fusion-fullwidth fullwidth-box fusion-builder-row-1 nonhundred-percent-fullwidth non-hundred-percent-height-scrolling\" style=\"--awb-border-radius-top-left:0px;--awb-border-radius-top-right:0px;--awb-border-radius-bottom-right:0px;--awb-border-radius-bottom-left:0px;\" ><div class=\"fusion-builder-row fusion-row\"><div class=\"fusion-layout-column fusion_builder_column fusion-builder-column-0 fusion_builder_column_1_1 1_1 fusion-one-full fusion-column-first fusion-column-last\" style=\"--awb-bg-size:cover;\"><div class=\"fusion-column-wrapper fusion-flex-column-wrapper-legacy\"><div class=\"fusion-title title fusion-title-1 fusion-title-text fusion-title-size-one\"><h1 class=\"title-heading-left fusion-responsive-typography-calculated\" style=\"margin:0;--fontSize:34;line-height:1.4;\">Achmainn\u00ed<\/h1><span class=\"awb-title-spacer\"><\/span><div class=\"title-sep-container\"><div class=\"title-sep sep-double sep-solid\" style=\"border-color:#e0dede;\"><\/div><\/div><\/div><div class=\"fusion-clearfix\"><\/div><\/div><\/div><div class=\"fusion-layout-column fusion_builder_column fusion-builder-column-1 fusion_builder_column_1_6 1_6 fusion-one-sixth fusion-column-first\" style=\"--awb-bg-size:cover;width:16.666666666667%;width:calc(16.666666666667% - ( ( 4% ) * 0.16666666666667 ) );margin-right: 4%;\"><div class=\"fusion-column-wrapper fusion-flex-column-wrapper-legacy\"><div class=\"fusion-image-element in-legacy-container\" style=\"--awb-caption-title-font-family:var(--h2_typography-font-family);--awb-caption-title-font-weight:var(--h2_typography-font-weight);--awb-caption-title-font-style:var(--h2_typography-font-style);--awb-caption-title-size:var(--h2_typography-font-size);--awb-caption-title-transform:var(--h2_typography-text-transform);--awb-caption-title-line-height:var(--h2_typography-line-height);--awb-caption-title-letter-spacing:var(--h2_typography-letter-spacing);\"><span class=\" fusion-imageframe imageframe-none imageframe-1 hover-type-none\" class=\"image-magnify\" class=\"image-scroll\"><img decoding=\"async\" width=\"528\" height=\"660\" alt=\"Corr R\u00e9isc\" title=\"grey _heron(j_fox)_S\" src=\"https:\/\/www.irishwetlands.ie\/wp-content\/uploads\/2015\/03\/grey-_heronj_fox_S-e1545086950445.jpg\" class=\"img-responsive wp-image-2555\" srcset=\"https:\/\/www.irishwetlands.ie\/wp-content\/uploads\/2015\/03\/grey-_heronj_fox_S-e1545086950445-200x250.jpg 200w, https:\/\/www.irishwetlands.ie\/wp-content\/uploads\/2015\/03\/grey-_heronj_fox_S-e1545086950445-400x500.jpg 400w, https:\/\/www.irishwetlands.ie\/wp-content\/uploads\/2015\/03\/grey-_heronj_fox_S-e1545086950445.jpg 528w\" sizes=\"(max-width: 800px) 100vw, 528px\" \/><\/span><\/div><div class=\"fusion-clearfix\"><\/div><\/div><\/div><div class=\"fusion-layout-column fusion_builder_column fusion-builder-column-2 fusion_builder_column_5_6 5_6 fusion-five-sixth fusion-column-last\" style=\"--awb-bg-size:cover;width:83.333333333333%;width:calc(83.333333333333% - ( ( 4% ) * 0.83333333333333 ) );\"><div class=\"fusion-column-wrapper fusion-flex-column-wrapper-legacy\"><div class=\"accordian fusion-accordian\" style=\"--awb-border-size:1px;--awb-icon-size:13px;--awb-content-font-size:16px;--awb-icon-alignment:left;--awb-hover-color:#f9f9f9;--awb-border-color:#cccccc;--awb-background-color:#ffffff;--awb-divider-color:#e0dede;--awb-divider-hover-color:#e0dede;--awb-icon-color:#ffffff;--awb-title-color:#005baa;--awb-content-color:#444444;--awb-icon-box-color:#333333;--awb-toggle-hover-accent-color:#617f2f;--awb-title-font-family:&quot;PT Sans&quot;;--awb-title-font-weight:400;--awb-title-font-style:normal;--awb-title-font-size:17px;--awb-content-font-family:&quot;PT Sans&quot;;--awb-content-font-style:normal;--awb-content-font-weight:400;\"><div class=\"panel-group fusion-toggle-icon-boxed\" id=\"accordion-2951-1\"><div class=\"fusion-panel panel-default panel-8addfc607ae97443d fusion-toggle-no-divider\"><div class=\"panel-heading\"><div class=\"panel-title toggle\" id=\"toggle_8addfc607ae97443d\"><a aria-expanded=\"false\" aria-controls=\"8addfc607ae97443d\" role=\"button\" data-toggle=\"collapse\" data-parent=\"#accordion-2951-1\" data-target=\"#8addfc607ae97443d\" href=\"#8addfc607ae97443d\"><span class=\"fusion-toggle-icon-wrapper\" aria-hidden=\"true\"><i class=\"fa-fusion-box active-icon awb-icon-minus\" aria-hidden=\"true\"><\/i><i class=\"fa-fusion-box inactive-icon awb-icon-plus\" aria-hidden=\"true\"><\/i><\/span><span class=\"fusion-toggle-heading\">Bogach agus Tuilemh\u00e1nna<\/span><\/a><\/div><\/div><div id=\"8addfc607ae97443d\" class=\"panel-collapse collapse \" aria-labelledby=\"toggle_8addfc607ae97443d\"><div class=\"panel-body toggle-content fusion-clearfix\">\n<p>Tuarasc\u00e1il EEA, 2019. <strong>Tuilemh\u00e1nna: c\u00f3ras n\u00e1d\u00fartha a chaomhn\u00fa agus a chur ar ais<br \/>\n<\/strong><a href=\"https:\/\/www.eea.europa.eu\/publications\/floodplains-a-natural-system-to-preserve-and-restore\" target=\"_blank\" rel=\"noopener noreferrer\">https:\/\/www.eea.europa.eu\/publications\/floodplains-a-natural-system-to-preserve-and-restore<\/a><\/p>\n<\/div><\/div><\/div><div class=\"fusion-panel panel-default panel-1a8dfd5ce9daf36a5 fusion-toggle-no-divider\"><div class=\"panel-heading\"><div class=\"panel-title toggle\" id=\"toggle_1a8dfd5ce9daf36a5\"><a aria-expanded=\"false\" aria-controls=\"1a8dfd5ce9daf36a5\" role=\"button\" data-toggle=\"collapse\" data-parent=\"#accordion-2951-1\" data-target=\"#1a8dfd5ce9daf36a5\" href=\"#1a8dfd5ce9daf36a5\"><span class=\"fusion-toggle-icon-wrapper\" aria-hidden=\"true\"><i class=\"fa-fusion-box active-icon awb-icon-minus\" aria-hidden=\"true\"><\/i><i class=\"fa-fusion-box inactive-icon awb-icon-plus\" aria-hidden=\"true\"><\/i><\/span><span class=\"fusion-toggle-heading\">Bith\u00e9ags\u00falacht Bhogaigh na h\u00c9ireann<\/span><\/a><\/div><\/div><div id=\"1a8dfd5ce9daf36a5\" class=\"panel-collapse collapse \" aria-labelledby=\"toggle_1a8dfd5ce9daf36a5\"><div class=\"panel-body toggle-content fusion-clearfix\">\n<p>Cumann Dobharcheantar Loch Ceara, 2020. <strong>Loch Ceara \u2014 Seoid is fi\u00fa a chaomhn\u00fa <\/strong> (leabhr\u00e1n)<br \/>\n<a href=\"http:\/\/loughcarra.org\/\" target=\"_blank\" rel=\"noopener noreferrer\">http:\/\/loughcarra.org\/<\/a><\/p>\n<p>Feeley, H.B., Baars, J-R., Kelly-Quinn, M. &amp; Nelson, B. (2020) <strong>Liosta Dearg na h\u00c9ireann Uimh. 13: Cuileoga cloiche (Plecoptera).<\/strong> An tSeirbh\u00eds P\u00e1irceanna N\u00e1isi\u00fanta agus Fiadh\u00falra, An Roinn Cult\u00fair, Oidhreachta agus Gaeltachta, Baile \u00c1tha Cliath, \u00c9ire.<br \/>\n<a href=\"https:\/\/www.npws.ie\/publications\/red-lists\" target=\"_blank\" rel=\"noopener noreferrer\">https:\/\/www.npws.ie\/publications\/red-lists<\/a><\/p>\n<p>An Roinn Cult\u00fair, Oidhreachta agus Gaeltachta, 2019. <strong>An 6<sup>\u00fa<\/sup> Tuarasc\u00e1il N\u00e1isi\u00fanta don Choinbhinsi\u00fan maidir leis an \u00c9ags\u00falacht Bhitheola\u00edoch<br \/>\n<\/strong><a href=\"https:\/\/www.npws.ie\/news\/ireland%E2%80%99s-6th-national-report-un-convention-biological-diversity-released\" target=\"_blank\" rel=\"noopener noreferrer\">https:\/\/www.npws.ie\/news\/ireland%E2%80%99s-6th-national-report-un-convention-biological-diversity-released<\/a><\/p>\n<\/div><\/div><\/div><div class=\"fusion-panel panel-default panel-1f691dc5f6ab7beff fusion-toggle-no-divider\"><div class=\"panel-heading\"><div class=\"panel-title toggle\" id=\"toggle_1f691dc5f6ab7beff\"><a aria-expanded=\"false\" aria-controls=\"1f691dc5f6ab7beff\" role=\"button\" data-toggle=\"collapse\" data-parent=\"#accordion-2951-1\" data-target=\"#1f691dc5f6ab7beff\" href=\"#1f691dc5f6ab7beff\"><span class=\"fusion-toggle-icon-wrapper\" aria-hidden=\"true\"><i class=\"fa-fusion-box active-icon awb-icon-minus\" aria-hidden=\"true\"><\/i><i class=\"fa-fusion-box inactive-icon awb-icon-plus\" aria-hidden=\"true\"><\/i><\/span><span class=\"fusion-toggle-heading\"> Bogach Bith\u00e9ags\u00falacht Idirn\u00e1isi\u00fanta<\/span><\/a><\/div><\/div><div id=\"1f691dc5f6ab7beff\" class=\"panel-collapse collapse \" aria-labelledby=\"toggle_1f691dc5f6ab7beff\"><div class=\"panel-body toggle-content fusion-clearfix\">\n<p>WWF, Tionscadal Caipitil N\u00e1d\u00fartha agus Tionscadal Anail\u00edse Tr\u00e1d\u00e1la Domhanda, 2020. <strong>Todhcha\u00edochta\u00ed Domhanda: Tionchar eacnama\u00edoch domhanda an athraithe comhshaoil a shamhalt\u00fa chun tac\u00fa le ceapadh beartas<\/strong>.<br \/>\n<a href=\"https:\/\/www.wwf.org.uk\/sites\/default\/files\/2020-02\/Global_Futures_Technical_Report.pdf\" target=\"_blank\" rel=\"noopener noreferrer\">https:\/\/www.wwf.org.uk\/sites\/default\/files\/2020-02\/Global_Futures_Technical_Report.pdf<\/a><\/p>\n<p><strong>EEA 2020. Comhshaol na hEorpa \u2014 staid agus forbhreathn\u00fa 2020. Eolas ar mhaithe leis an aistri\u00fa chuig Eoraip inbhuanaithe.<br \/>\n<\/strong><a href=\"https:\/\/www.eea.europa.eu\/soer-2020\/intro\" target=\"_blank\" rel=\"noopener noreferrer\">https:\/\/www.eea.europa.eu\/soer-2020\/intro<\/a><\/p>\n<\/div><\/div><\/div><div class=\"fusion-panel panel-default panel-f93c7e8ffddb26c88 fusion-toggle-no-divider\"><div class=\"panel-heading\"><div class=\"panel-title toggle\" id=\"toggle_f93c7e8ffddb26c88\"><a aria-expanded=\"false\" aria-controls=\"f93c7e8ffddb26c88\" role=\"button\" data-toggle=\"collapse\" data-parent=\"#accordion-2951-1\" data-target=\"#f93c7e8ffddb26c88\" href=\"#f93c7e8ffddb26c88\"><span class=\"fusion-toggle-icon-wrapper\" aria-hidden=\"true\"><i class=\"fa-fusion-box active-icon awb-icon-minus\" aria-hidden=\"true\"><\/i><i class=\"fa-fusion-box inactive-icon awb-icon-plus\" aria-hidden=\"true\"><\/i><\/span><span class=\"fusion-toggle-heading\">Bogaigh agus Talmha\u00edocht <\/span><\/a><\/div><\/div><div id=\"f93c7e8ffddb26c88\" class=\"panel-collapse collapse \" aria-labelledby=\"toggle_f93c7e8ffddb26c88\"><div class=\"panel-body toggle-content fusion-clearfix\">\n<p>Lampkin N, Stolze M, Meredith S, de Porras M, Haller L, M\u00e9sz\u00e1ros D (2020) <strong>\u00c9icisc\u00e9imeanna a \u00fas\u00e1id sa CBT nua: Treoir d\u2019\u00fadar\u00e1is bhainist\u00edochta<\/strong>. IFOAM EU, FIBL and IEEP, An Bhruis\u00e9il.<\/p>\n<\/div><\/div><\/div><div class=\"fusion-panel panel-default panel-2f7f7adab46c517f9 fusion-toggle-no-divider\"><div class=\"panel-heading\"><div class=\"panel-title toggle\" id=\"toggle_2f7f7adab46c517f9\"><a aria-expanded=\"false\" aria-controls=\"2f7f7adab46c517f9\" role=\"button\" data-toggle=\"collapse\" data-parent=\"#accordion-2951-1\" data-target=\"#2f7f7adab46c517f9\" href=\"#2f7f7adab46c517f9\"><span class=\"fusion-toggle-icon-wrapper\" aria-hidden=\"true\"><i class=\"fa-fusion-box active-icon awb-icon-minus\" aria-hidden=\"true\"><\/i><i class=\"fa-fusion-box inactive-icon awb-icon-plus\" aria-hidden=\"true\"><\/i><\/span><span class=\"fusion-toggle-heading\">P\u00e1ip\u00e9ir Eola\u00edochta \u00das\u00e1ideacha ar Bogaigh<\/span><\/a><\/div><\/div><div id=\"2f7f7adab46c517f9\" class=\"panel-collapse collapse \" aria-labelledby=\"toggle_2f7f7adab46c517f9\"><div class=\"panel-body toggle-content fusion-clearfix\">\n<p>Mark O\u2019Connell, 2000.<strong> BAGAIRT\u00cd AR \u00c9IN UISCE AGUS AR BHOGAIGH: IMPLEACHTA\u00cd DO CHAOMHN\u00da, D\u2019FHARDAL AGUS DO THAIGHDE. \u00c9in Fhi\u00e1ine, 2000. Iontaobhas \u00c9anlaithe Fi\u00e1ine agus Bogaigh<br \/>\n<\/strong><a href=\"https:\/\/wildfowl.wwt.org.uk\/index.php\/wildfowl\/article\/view\/1076\" target=\"_blank\" rel=\"noopener noreferrer\">https:\/\/wildfowl.wwt.org.uk\/index.php\/wildfowl\/article\/view\/1076<\/a><\/p>\n<p>Tickner et al, 2020. <strong>L\u00fabthachta an Cuar Caillteanas Bith\u00e9ags\u00falachta Fionnuisce Domhanda: Plean T\u00e9arnaimh \u00c9igeand\u00e1la. <\/strong><a href=\"https:\/\/academic.oup.com\/bioscience\/advance-article\/doi\/10.1093\/biosci\/biaa002\/5732594\" target=\"_blank\" rel=\"noopener noreferrer\">https:\/\/academic.oup.com\/bioscience\/advance-article\/doi\/10.1093\/biosci\/biaa002\/5732594<\/a><\/p>\n<p>Acreman et al, 2019<strong>. Limist\u00e9ir faoi chosaint agus bith\u00e9ags\u00falacht fionnuisce: l\u00e9ir\u00edonn athbhreithni\u00fa c\u00f3rasach nua ocht gceacht ar mhaithe le caomhn\u00fa \u00e9ifeachtach<br \/>\n<\/strong><a href=\"https:\/\/conbio.onlinelibrary.wiley.com\/doi\/full\/10.1111\/conl.12684\" target=\"_blank\" rel=\"noopener noreferrer\">https:\/\/conbio.onlinelibrary.wiley.com\/doi\/full\/10.1111\/conl.12684<\/a><strong> <\/strong><\/p>\n<p>Seifollahi-Aghmiunihe et al, 2019.<strong>Acmhainneacht na mbogach chun Spriocanna Forbartha Inbhuanaithe Chl\u00e1r Oibre 2030 a bhaint amach<br \/>\n<\/strong><a href=\"https:\/\/www.researchgate.net\/publication\/332414337_The_potential_of_wetlands_in_achieving_the_Sustainable_Development_Goals_of_the_2030_Agenda\" target=\"_blank\" rel=\"noopener noreferrer\">https:\/\/www.researchgate.net\/publication\/332414337_The_potential_of_wetlands_in_achieving_the_Sustainable_Development_Goals_of_the_2030_Agenda<\/a><\/p>\n<p>Davidson, 2014. <strong>C\u00e9 mh\u00e9ad bogach at\u00e1 caillte ar fud an domhain? Treochta\u00ed fadt\u00e9armacha agus treochta\u00ed le d\u00e9ana\u00ed i gceantar bogach domhanda<br \/>\n<\/strong><a href=\"https:\/\/www.researchgate.net\/publication\/266388496_How_much_wetland_has_the_world_lost_Long-term_and_recent_trends_in_global_wetland_area\" target=\"_blank\" rel=\"noopener noreferrer\">https:\/\/www.researchgate.net\/publication\/266388496_How_much_wetland_has_the_world_lost_Long-term_and_recent_trends_in_global_wetland_area<\/a><\/p>\n<p>Sheehy Skeffington, M and Gormally, M. 2006.<strong>TURLAIGH: M\u00d3S\u00c1IC BITH\u00c9AGS\u00daLACHTA AGUS C\u00d3RAS BAINIST\u00cdOCHTA AT\u00c1 UATH\u00daIL D\u2019\u00c9IRINN<br \/>\n<\/strong><a href=\"https:\/\/www.researchgate.net\/publication\/259822738_Turloughs_a_Mosaic_of_Biodiversity_and_Management_Systems_Unique_to_Ireland\" target=\"_blank\" rel=\"noopener noreferrer\">https:\/\/www.researchgate.net\/publication\/259822738_Turloughs_a_Mosaic_of_Biodiversity_and_Management_Systems_Unique_to_Ireland<\/a><\/p>\n<p><strong>Marinus Otte, 2003. Bogaigh na h\u00c9ireann: D\u00e1ileadh, \u00c9iceola\u00edocht, \u00das\u00e1id\u00ed agus Luach Eacnama\u00edoch<br \/>\n<\/strong><a href=\"https:\/\/www.ucdpress.ie\/display.asp?K=9781900621885&amp;aub=Marinus%20L%20Otte&amp;m=2&amp;dc=2\" target=\"_blank\" rel=\"noopener noreferrer\">https:\/\/www.ucdpress.ie\/display.asp?K=9781900621885&amp;aub=Marinus%20L%20Otte&amp;m=2&amp;dc=2<\/a><\/p>\n<\/div><\/div><\/div><\/div><\/div><div class=\"fusion-clearfix\"><\/div><\/div><\/div><\/div><\/div><div class=\"fusion-fullwidth fullwidth-box fusion-builder-row-2 nonhundred-percent-fullwidth non-hundred-percent-height-scrolling\" style=\"--awb-border-radius-top-left:0px;--awb-border-radius-top-right:0px;--awb-border-radius-bottom-right:0px;--awb-border-radius-bottom-left:0px;\" ><div class=\"fusion-builder-row fusion-row\"><div class=\"fusion-layout-column fusion_builder_column fusion-builder-column-3 fusion_builder_column_1_1 1_1 fusion-one-full fusion-column-first fusion-column-last\" style=\"--awb-bg-size:cover;\"><div class=\"fusion-column-wrapper fusion-flex-column-wrapper-legacy\"><div class=\"fusion-sep-clear\"><\/div><div class=\"fusion-separator fusion-full-width-sep\" style=\"margin-left: auto;margin-right: auto;margin-top:60px;width:100%;\"><\/div><div class=\"fusion-sep-clear\"><\/div><div class=\"fusion-clearfix\"><\/div><\/div><\/div><\/div><\/div><\/p>\n","protected":false},"excerpt":{"rendered":"","protected":false},"author":1,"featured_media":0,"parent":0,"menu_order":0,"comment_status":"closed","ping_status":"closed","template":"","meta":{"footnotes":""},"class_list":["post-2951","page","type-page","status-publish","hentry"],"yoast_head":"<!-- This site is optimized with the Yoast SEO plugin v27.3 - https:\/\/yoast.com\/product\/yoast-seo-wordpress\/ -->\n<title>Achmainn\u00ed - Coiste Bogaigh Ramsar na h\u00c9ireann<\/title>\n<meta name=\"robots\" content=\"index, follow, max-snippet:-1, max-image-preview:large, max-video-preview:-1\" \/>\n<link rel=\"canonical\" href=\"https:\/\/www.irishwetlands.ie\/ga\/achmainni\/\" \/>\n<meta property=\"og:locale\" content=\"ga_IE\" \/>\n<meta property=\"og:type\" content=\"article\" \/>\n<meta property=\"og:title\" content=\"Achmainn\u00ed - Coiste Bogaigh Ramsar na h\u00c9ireann\" \/>\n<meta property=\"og:url\" content=\"https:\/\/www.irishwetlands.ie\/ga\/achmainni\/\" \/>\n<meta property=\"og:site_name\" content=\"Coiste Bogaigh Ramsar na h\u00c9ireann\" \/>\n<meta property=\"article:modified_time\" content=\"2022-12-12T16:05:10+00:00\" \/>\n<meta name=\"twitter:card\" content=\"summary_large_image\" \/>\n<meta name=\"twitter:site\" content=\"@ramsarireland\" \/>\n<meta name=\"twitter:label1\" content=\"Est. reading time\" \/>\n\t<meta name=\"twitter:data1\" content=\"8 minutes\" \/>\n<script type=\"application\/ld+json\" class=\"yoast-schema-graph\">{\"@context\":\"https:\\\/\\\/schema.org\",\"@graph\":[{\"@type\":\"WebPage\",\"@id\":\"https:\\\/\\\/www.irishwetlands.ie\\\/ga\\\/achmainni\\\/\",\"url\":\"https:\\\/\\\/www.irishwetlands.ie\\\/ga\\\/achmainni\\\/\",\"name\":\"Achmainn\u00ed - Coiste Bogaigh Ramsar na h\u00c9ireann\",\"isPartOf\":{\"@id\":\"https:\\\/\\\/www.irishwetlands.ie\\\/ga\\\/#website\"},\"datePublished\":\"2020-02-13T15:00:37+00:00\",\"dateModified\":\"2022-12-12T16:05:10+00:00\",\"breadcrumb\":{\"@id\":\"https:\\\/\\\/www.irishwetlands.ie\\\/ga\\\/achmainni\\\/#breadcrumb\"},\"inLanguage\":\"ga-IE\",\"potentialAction\":[{\"@type\":\"ReadAction\",\"target\":[\"https:\\\/\\\/www.irishwetlands.ie\\\/ga\\\/achmainni\\\/\"]}]},{\"@type\":\"BreadcrumbList\",\"@id\":\"https:\\\/\\\/www.irishwetlands.ie\\\/ga\\\/achmainni\\\/#breadcrumb\",\"itemListElement\":[{\"@type\":\"ListItem\",\"position\":1,\"name\":\"Home\",\"item\":\"https:\\\/\\\/www.irishwetlands.ie\\\/ga\\\/\"},{\"@type\":\"ListItem\",\"position\":2,\"name\":\"Achmainn\u00ed\"}]},{\"@type\":\"WebSite\",\"@id\":\"https:\\\/\\\/www.irishwetlands.ie\\\/ga\\\/#website\",\"url\":\"https:\\\/\\\/www.irishwetlands.ie\\\/ga\\\/\",\"name\":\"Irish Ramsar Wetlands Committee\",\"description\":\"\",\"potentialAction\":[{\"@type\":\"SearchAction\",\"target\":{\"@type\":\"EntryPoint\",\"urlTemplate\":\"https:\\\/\\\/www.irishwetlands.ie\\\/ga\\\/?s={search_term_string}\"},\"query-input\":{\"@type\":\"PropertyValueSpecification\",\"valueRequired\":true,\"valueName\":\"search_term_string\"}}],\"inLanguage\":\"ga-IE\"}]}<\/script>\n<!-- \/ Yoast SEO plugin. -->","yoast_head_json":{"title":"Achmainn\u00ed - Coiste Bogaigh Ramsar na h\u00c9ireann","robots":{"index":"index","follow":"follow","max-snippet":"max-snippet:-1","max-image-preview":"max-image-preview:large","max-video-preview":"max-video-preview:-1"},"canonical":"https:\/\/www.irishwetlands.ie\/ga\/achmainni\/","og_locale":"ga_IE","og_type":"article","og_title":"Achmainn\u00ed - Coiste Bogaigh Ramsar na h\u00c9ireann","og_url":"https:\/\/www.irishwetlands.ie\/ga\/achmainni\/","og_site_name":"Coiste Bogaigh Ramsar na h\u00c9ireann","article_modified_time":"2022-12-12T16:05:10+00:00","twitter_card":"summary_large_image","twitter_site":"@ramsarireland","twitter_misc":{"Est. reading time":"8 minutes"},"schema":{"@context":"https:\/\/schema.org","@graph":[{"@type":"WebPage","@id":"https:\/\/www.irishwetlands.ie\/ga\/achmainni\/","url":"https:\/\/www.irishwetlands.ie\/ga\/achmainni\/","name":"Achmainn\u00ed - Coiste Bogaigh Ramsar na h\u00c9ireann","isPartOf":{"@id":"https:\/\/www.irishwetlands.ie\/ga\/#website"},"datePublished":"2020-02-13T15:00:37+00:00","dateModified":"2022-12-12T16:05:10+00:00","breadcrumb":{"@id":"https:\/\/www.irishwetlands.ie\/ga\/achmainni\/#breadcrumb"},"inLanguage":"ga-IE","potentialAction":[{"@type":"ReadAction","target":["https:\/\/www.irishwetlands.ie\/ga\/achmainni\/"]}]},{"@type":"BreadcrumbList","@id":"https:\/\/www.irishwetlands.ie\/ga\/achmainni\/#breadcrumb","itemListElement":[{"@type":"ListItem","position":1,"name":"Home","item":"https:\/\/www.irishwetlands.ie\/ga\/"},{"@type":"ListItem","position":2,"name":"Achmainn\u00ed"}]},{"@type":"WebSite","@id":"https:\/\/www.irishwetlands.ie\/ga\/#website","url":"https:\/\/www.irishwetlands.ie\/ga\/","name":"Irish Ramsar Wetlands Committee","description":"","potentialAction":[{"@type":"SearchAction","target":{"@type":"EntryPoint","urlTemplate":"https:\/\/www.irishwetlands.ie\/ga\/?s={search_term_string}"},"query-input":{"@type":"PropertyValueSpecification","valueRequired":true,"valueName":"search_term_string"}}],"inLanguage":"ga-IE"}]}},"_links":{"self":[{"href":"https:\/\/www.irishwetlands.ie\/ga\/wp-json\/wp\/v2\/pages\/2951","targetHints":{"allow":["GET"]}}],"collection":[{"href":"https:\/\/www.irishwetlands.ie\/ga\/wp-json\/wp\/v2\/pages"}],"about":[{"href":"https:\/\/www.irishwetlands.ie\/ga\/wp-json\/wp\/v2\/types\/page"}],"author":[{"embeddable":true,"href":"https:\/\/www.irishwetlands.ie\/ga\/wp-json\/wp\/v2\/users\/1"}],"replies":[{"embeddable":true,"href":"https:\/\/www.irishwetlands.ie\/ga\/wp-json\/wp\/v2\/comments?post=2951"}],"version-history":[{"count":4,"href":"https:\/\/www.irishwetlands.ie\/ga\/wp-json\/wp\/v2\/pages\/2951\/revisions"}],"predecessor-version":[{"id":3127,"href":"https:\/\/www.irishwetlands.ie\/ga\/wp-json\/wp\/v2\/pages\/2951\/revisions\/3127"}],"wp:attachment":[{"href":"https:\/\/www.irishwetlands.ie\/ga\/wp-json\/wp\/v2\/media?parent=2951"}],"curies":[{"name":"wp","href":"https:\/\/api.w.org\/{rel}","templated":true}]}}