{"id":2954,"date":"2020-01-09T11:35:44","date_gmt":"2020-01-09T11:35:44","guid":{"rendered":"https:\/\/www.irishwetlands.ie\/teagmhail\/"},"modified":"2025-12-23T11:55:08","modified_gmt":"2025-12-23T11:55:08","slug":"teagmhail","status":"publish","type":"page","link":"https:\/\/www.irishwetlands.ie\/ga\/teagmhail\/","title":{"rendered":"Teagmh\u00e1il"},"content":{"rendered":"<p><div class=\"fusion-fullwidth fullwidth-box fusion-builder-row-1 fusion-flex-container has-pattern-background has-mask-background nonhundred-percent-fullwidth non-hundred-percent-height-scrolling\" style=\"--awb-border-radius-top-left:0px;--awb-border-radius-top-right:0px;--awb-border-radius-bottom-right:0px;--awb-border-radius-bottom-left:0px;\" ><div class=\"fusion-builder-row fusion-row fusion-flex-align-items-flex-start\" style=\"max-width:1456px;margin-left: calc(-4% \/ 2 );margin-right: calc(-4% \/ 2 );\"><div class=\"fusion-layout-column fusion_builder_column fusion-builder-column-0 fusion_builder_column_1_1 1_1 fusion-flex-column\" style=\"--awb-bg-size:cover;--awb-width-large:100%;--awb-margin-top-large:0px;--awb-spacing-right-large:1.92%;--awb-margin-bottom-large:20px;--awb-spacing-left-large:1.92%;--awb-width-medium:100%;--awb-order-medium:0;--awb-spacing-right-medium:1.92%;--awb-spacing-left-medium:1.92%;--awb-width-small:100%;--awb-order-small:0;--awb-spacing-right-small:1.92%;--awb-spacing-left-small:1.92%;\"><div class=\"fusion-column-wrapper fusion-column-has-shadow fusion-flex-justify-content-flex-start fusion-content-layout-column\"><div class=\"fusion-text fusion-text-1\"><h1>Teagmh\u00e1il<\/h1>\n<\/div><\/div><\/div><\/div><\/div><div class=\"fusion-fullwidth fullwidth-box fusion-builder-row-2 nonhundred-percent-fullwidth non-hundred-percent-height-scrolling\" style=\"--awb-border-radius-top-left:0px;--awb-border-radius-top-right:0px;--awb-border-radius-bottom-right:0px;--awb-border-radius-bottom-left:0px;\" ><div class=\"fusion-builder-row fusion-row\"><div class=\"fusion-layout-column fusion_builder_column fusion-builder-column-1 fusion_builder_column_1_2 1_2 fusion-one-half fusion-column-first\" style=\"--awb-bg-size:cover;width:50%;width:calc(50% - ( ( 4% ) * 0.5 ) );margin-right: 4%;\"><div class=\"fusion-column-wrapper fusion-flex-column-wrapper-legacy\"><div class=\"fusion-image-element in-legacy-container\" style=\"--awb-caption-title-font-family:var(--h2_typography-font-family);--awb-caption-title-font-weight:var(--h2_typography-font-weight);--awb-caption-title-font-style:var(--h2_typography-font-style);--awb-caption-title-size:var(--h2_typography-font-size);--awb-caption-title-transform:var(--h2_typography-text-transform);--awb-caption-title-line-height:var(--h2_typography-line-height);--awb-caption-title-letter-spacing:var(--h2_typography-letter-spacing);\"><span class=\" fusion-imageframe imageframe-none imageframe-1 hover-type-none\" class=\"image-magnify\" class=\"image-scroll\"><img decoding=\"async\" width=\"700\" height=\"467\" title=\"DSC_1880_S\" src=\"https:\/\/www.irishwetlands.ie\/wp-content\/uploads\/2015\/03\/DSC_1880_S.jpg\" alt class=\"img-responsive wp-image-2571\" srcset=\"https:\/\/www.irishwetlands.ie\/wp-content\/uploads\/2015\/03\/DSC_1880_S-300x200.jpg 300w, https:\/\/www.irishwetlands.ie\/wp-content\/uploads\/2015\/03\/DSC_1880_S-450x300.jpg 450w, https:\/\/www.irishwetlands.ie\/wp-content\/uploads\/2015\/03\/DSC_1880_S.jpg 700w\" sizes=\"(max-width: 700px) 100vw, 700px\" \/><\/span><\/div><div class=\"fusion-clearfix\"><\/div><\/div><\/div><div class=\"fusion-layout-column fusion_builder_column fusion-builder-column-2 fusion_builder_column_1_2 1_2 fusion-one-half fusion-column-last\" style=\"--awb-bg-size:cover;width:50%;width:calc(50% - ( ( 4% ) * 0.5 ) );\"><div class=\"fusion-column-wrapper fusion-flex-column-wrapper-legacy\"><div class=\"fusion-content-boxes content-boxes columns row fusion-columns-1 fusion-columns-total-1 fusion-content-boxes-1 content-boxes-icon-with-title content-left\" style=\"--awb-hover-accent-color:#617f2f;--awb-circle-hover-accent-color:#617f2f;--awb-item-margin-bottom:40px;\" data-animationOffset=\"top-into-view\"><div style=\"--awb-backgroundcolor:rgba(255,255,255,0);\" class=\"fusion-column content-box-column content-box-column content-box-column-1 col-lg-12 col-md-12 col-sm-12 fusion-content-box-hover content-box-column-last content-box-column-last-in-row\"><div class=\"col content-box-wrapper content-wrapper link-area-link-icon icon-hover-animation-fade\" data-animationOffset=\"top-into-view\"><div class=\"fusion-clearfix\"><\/div><div class=\"content-container\">\n\n<div class=\"wpcf7 no-js\" id=\"wpcf7-f3920-o1\" lang=\"ga-IE\" dir=\"ltr\" data-wpcf7-id=\"3920\">\n<div class=\"screen-reader-response\"><p role=\"status\" aria-live=\"polite\" aria-atomic=\"true\"><\/p> <ul><\/ul><\/div>\n<form action=\"\/ga\/wp-json\/wp\/v2\/pages\/2954#wpcf7-f3920-o1\" method=\"post\" class=\"wpcf7-form init\" aria-label=\"Contact form\" novalidate=\"novalidate\" data-status=\"init\">\n<fieldset class=\"hidden-fields-container\"><input type=\"hidden\" name=\"_wpcf7\" value=\"3920\" \/><input type=\"hidden\" name=\"_wpcf7_version\" value=\"6.1.5\" \/><input type=\"hidden\" name=\"_wpcf7_locale\" value=\"ga_IE\" \/><input type=\"hidden\" name=\"_wpcf7_unit_tag\" value=\"wpcf7-f3920-o1\" \/><input type=\"hidden\" name=\"_wpcf7_container_post\" value=\"0\" \/><input type=\"hidden\" name=\"_wpcf7_posted_data_hash\" value=\"\" \/><input type=\"hidden\" name=\"_wpcf7_recaptcha_response\" value=\"\" \/>\n<\/fieldset>\n<p><label> Ainm<br \/>\n<span class=\"wpcf7-form-control-wrap\" data-name=\"your-name\"><input size=\"40\" maxlength=\"400\" class=\"wpcf7-form-control wpcf7-text wpcf7-validates-as-required\" autocomplete=\"name\" aria-required=\"true\" aria-invalid=\"false\" value=\"\" type=\"text\" name=\"your-name\" \/><\/span> <\/label>\n<\/p>\n<p><label> R\u00edomhphost<br \/>\n<span class=\"wpcf7-form-control-wrap\" data-name=\"your-email\"><input size=\"40\" maxlength=\"400\" class=\"wpcf7-form-control wpcf7-email wpcf7-validates-as-required wpcf7-text wpcf7-validates-as-email\" autocomplete=\"email\" aria-required=\"true\" aria-invalid=\"false\" value=\"\" type=\"email\" name=\"your-email\" \/><\/span> <\/label>\n<\/p>\n<p><label> Cuir isteach do r\u00edomhphost, le do thoil, ionas gur f\u00e9idir linn lean\u00faint suas leat.<br \/>\n<span class=\"wpcf7-form-control-wrap\" data-name=\"your-query-type\"><select class=\"wpcf7-form-control wpcf7-select wpcf7-validates-as-required\" aria-required=\"true\" aria-invalid=\"false\" name=\"your-query-type\"><option value=\"Treoir Bogaigh IRWCs maidir le Cine\u00e1lacha Gn\u00e1th\u00f3g\">Treoir Bogaigh IRWCs maidir le Cine\u00e1lacha Gn\u00e1th\u00f3g<\/option><option value=\"Coiste Bogaigh Ramsar na h\u00c9ireann\">Coiste Bogaigh Ramsar na h\u00c9ireann<\/option><option value=\"Coinbhinsi\u00fan Ramsar\">Coinbhinsi\u00fan Ramsar<\/option><option value=\"Bogaigh na h\u00c9ireann\">Bogaigh na h\u00c9ireann<\/option><option value=\"Eile\">Eile<\/option><\/select><\/span> <\/label>\n<\/p>\n<p><label> Teachtaireacht<br \/>\n<span class=\"wpcf7-form-control-wrap\" data-name=\"your-message\"><textarea cols=\"40\" rows=\"10\" maxlength=\"2000\" class=\"wpcf7-form-control wpcf7-textarea wpcf7-validates-as-required\" aria-required=\"true\" aria-invalid=\"false\" name=\"your-message\"><\/textarea><\/span> <\/label>\n<\/p>\n<p><input class=\"wpcf7-form-control wpcf7-submit has-spinner\" type=\"submit\" value=\"Cuir isteach\" \/>\n<\/p><p style=\"display: none !important;\" class=\"akismet-fields-container\" data-prefix=\"_wpcf7_ak_\"><label>&#916;<textarea name=\"_wpcf7_ak_hp_textarea\" cols=\"45\" rows=\"8\" maxlength=\"100\"><\/textarea><\/label><input type=\"hidden\" id=\"ak_js_1\" name=\"_wpcf7_ak_js\" value=\"36\"\/><script type=\"text\/javascript\">\n\/* <![CDATA[ *\/\ndocument.getElementById( \"ak_js_1\" ).setAttribute( \"value\", ( new Date() ).getTime() );\n\/* ]]> *\/\n<\/script>\n<\/p><div class=\"fusion-alert alert custom alert-custom fusion-alert-center wpcf7-response-output alert-dismissable\" style=\"--awb-border-size:1px;\" role=\"alert\"><div class=\"fusion-alert-content-wrapper\"><span class=\"fusion-alert-content\"><\/span><\/div><button type=\"button\" class=\"close toggle-alert\" data-dismiss=\"alert\" aria-label=\"Close\">&times;<\/button><\/div>\n<\/form>\n<\/div>\n\n<\/div><\/div><\/div><div class=\"fusion-clearfix\"><\/div><\/div><div class=\"fusion-clearfix\"><\/div><\/div><\/div><\/div><\/div><\/p>\n","protected":false},"excerpt":{"rendered":"","protected":false},"author":1,"featured_media":0,"parent":0,"menu_order":0,"comment_status":"closed","ping_status":"closed","template":"","meta":{"footnotes":""},"class_list":["post-2954","page","type-page","status-publish","hentry"],"yoast_head":"<!-- This site is optimized with the Yoast SEO plugin v27.5 - https:\/\/yoast.com\/product\/yoast-seo-wordpress\/ -->\n<title>Teagmh\u00e1il - Coiste Bogaigh Ramsar na h\u00c9ireann<\/title>\n<meta name=\"robots\" content=\"index, follow, max-snippet:-1, max-image-preview:large, max-video-preview:-1\" \/>\n<link rel=\"canonical\" href=\"https:\/\/www.irishwetlands.ie\/ga\/teagmhail\/\" \/>\n<meta property=\"og:locale\" content=\"ga_IE\" \/>\n<meta property=\"og:type\" content=\"article\" \/>\n<meta property=\"og:title\" content=\"Teagmh\u00e1il - Coiste Bogaigh Ramsar na h\u00c9ireann\" \/>\n<meta property=\"og:url\" content=\"https:\/\/www.irishwetlands.ie\/ga\/teagmhail\/\" \/>\n<meta property=\"og:site_name\" content=\"Coiste Bogaigh Ramsar na h\u00c9ireann\" \/>\n<meta property=\"article:modified_time\" content=\"2025-12-23T11:55:08+00:00\" \/>\n<meta name=\"twitter:card\" content=\"summary_large_image\" \/>\n<meta name=\"twitter:site\" content=\"@ramsarireland\" \/>\n<meta name=\"twitter:label1\" content=\"Est. reading time\" \/>\n\t<meta name=\"twitter:data1\" content=\"3 minutes\" \/>\n<script type=\"application\/ld+json\" class=\"yoast-schema-graph\">{\"@context\":\"https:\\\/\\\/schema.org\",\"@graph\":[{\"@type\":\"WebPage\",\"@id\":\"https:\\\/\\\/www.irishwetlands.ie\\\/ga\\\/teagmhail\\\/\",\"url\":\"https:\\\/\\\/www.irishwetlands.ie\\\/ga\\\/teagmhail\\\/\",\"name\":\"Teagmh\u00e1il - Coiste Bogaigh Ramsar na h\u00c9ireann\",\"isPartOf\":{\"@id\":\"https:\\\/\\\/www.irishwetlands.ie\\\/ga\\\/#website\"},\"datePublished\":\"2020-01-09T11:35:44+00:00\",\"dateModified\":\"2025-12-23T11:55:08+00:00\",\"breadcrumb\":{\"@id\":\"https:\\\/\\\/www.irishwetlands.ie\\\/ga\\\/teagmhail\\\/#breadcrumb\"},\"inLanguage\":\"ga-IE\",\"potentialAction\":[{\"@type\":\"ReadAction\",\"target\":[\"https:\\\/\\\/www.irishwetlands.ie\\\/ga\\\/teagmhail\\\/\"]}]},{\"@type\":\"BreadcrumbList\",\"@id\":\"https:\\\/\\\/www.irishwetlands.ie\\\/ga\\\/teagmhail\\\/#breadcrumb\",\"itemListElement\":[{\"@type\":\"ListItem\",\"position\":1,\"name\":\"Home\",\"item\":\"https:\\\/\\\/www.irishwetlands.ie\\\/ga\\\/\"},{\"@type\":\"ListItem\",\"position\":2,\"name\":\"Teagmh\u00e1il\"}]},{\"@type\":\"WebSite\",\"@id\":\"https:\\\/\\\/www.irishwetlands.ie\\\/ga\\\/#website\",\"url\":\"https:\\\/\\\/www.irishwetlands.ie\\\/ga\\\/\",\"name\":\"Irish Ramsar Wetlands Committee\",\"description\":\"\",\"potentialAction\":[{\"@type\":\"SearchAction\",\"target\":{\"@type\":\"EntryPoint\",\"urlTemplate\":\"https:\\\/\\\/www.irishwetlands.ie\\\/ga\\\/?s={search_term_string}\"},\"query-input\":{\"@type\":\"PropertyValueSpecification\",\"valueRequired\":true,\"valueName\":\"search_term_string\"}}],\"inLanguage\":\"ga-IE\"}]}<\/script>\n<!-- \/ Yoast SEO plugin. -->","yoast_head_json":{"title":"Teagmh\u00e1il - Coiste Bogaigh Ramsar na h\u00c9ireann","robots":{"index":"index","follow":"follow","max-snippet":"max-snippet:-1","max-image-preview":"max-image-preview:large","max-video-preview":"max-video-preview:-1"},"canonical":"https:\/\/www.irishwetlands.ie\/ga\/teagmhail\/","og_locale":"ga_IE","og_type":"article","og_title":"Teagmh\u00e1il - Coiste Bogaigh Ramsar na h\u00c9ireann","og_url":"https:\/\/www.irishwetlands.ie\/ga\/teagmhail\/","og_site_name":"Coiste Bogaigh Ramsar na h\u00c9ireann","article_modified_time":"2025-12-23T11:55:08+00:00","twitter_card":"summary_large_image","twitter_site":"@ramsarireland","twitter_misc":{"Est. reading time":"3 minutes"},"schema":{"@context":"https:\/\/schema.org","@graph":[{"@type":"WebPage","@id":"https:\/\/www.irishwetlands.ie\/ga\/teagmhail\/","url":"https:\/\/www.irishwetlands.ie\/ga\/teagmhail\/","name":"Teagmh\u00e1il - Coiste Bogaigh Ramsar na h\u00c9ireann","isPartOf":{"@id":"https:\/\/www.irishwetlands.ie\/ga\/#website"},"datePublished":"2020-01-09T11:35:44+00:00","dateModified":"2025-12-23T11:55:08+00:00","breadcrumb":{"@id":"https:\/\/www.irishwetlands.ie\/ga\/teagmhail\/#breadcrumb"},"inLanguage":"ga-IE","potentialAction":[{"@type":"ReadAction","target":["https:\/\/www.irishwetlands.ie\/ga\/teagmhail\/"]}]},{"@type":"BreadcrumbList","@id":"https:\/\/www.irishwetlands.ie\/ga\/teagmhail\/#breadcrumb","itemListElement":[{"@type":"ListItem","position":1,"name":"Home","item":"https:\/\/www.irishwetlands.ie\/ga\/"},{"@type":"ListItem","position":2,"name":"Teagmh\u00e1il"}]},{"@type":"WebSite","@id":"https:\/\/www.irishwetlands.ie\/ga\/#website","url":"https:\/\/www.irishwetlands.ie\/ga\/","name":"Irish Ramsar Wetlands Committee","description":"","potentialAction":[{"@type":"SearchAction","target":{"@type":"EntryPoint","urlTemplate":"https:\/\/www.irishwetlands.ie\/ga\/?s={search_term_string}"},"query-input":{"@type":"PropertyValueSpecification","valueRequired":true,"valueName":"search_term_string"}}],"inLanguage":"ga-IE"}]}},"_links":{"self":[{"href":"https:\/\/www.irishwetlands.ie\/ga\/wp-json\/wp\/v2\/pages\/2954","targetHints":{"allow":["GET"]}}],"collection":[{"href":"https:\/\/www.irishwetlands.ie\/ga\/wp-json\/wp\/v2\/pages"}],"about":[{"href":"https:\/\/www.irishwetlands.ie\/ga\/wp-json\/wp\/v2\/types\/page"}],"author":[{"embeddable":true,"href":"https:\/\/www.irishwetlands.ie\/ga\/wp-json\/wp\/v2\/users\/1"}],"replies":[{"embeddable":true,"href":"https:\/\/www.irishwetlands.ie\/ga\/wp-json\/wp\/v2\/comments?post=2954"}],"version-history":[{"count":9,"href":"https:\/\/www.irishwetlands.ie\/ga\/wp-json\/wp\/v2\/pages\/2954\/revisions"}],"predecessor-version":[{"id":3922,"href":"https:\/\/www.irishwetlands.ie\/ga\/wp-json\/wp\/v2\/pages\/2954\/revisions\/3922"}],"wp:attachment":[{"href":"https:\/\/www.irishwetlands.ie\/ga\/wp-json\/wp\/v2\/media?parent=2954"}],"curies":[{"name":"wp","href":"https:\/\/api.w.org\/{rel}","templated":true}]}}