{"id":3569,"date":"2023-01-20T14:05:30","date_gmt":"2023-01-20T14:05:30","guid":{"rendered":"https:\/\/www.irishwetlands.ie\/la-domhanda-na-mbogach-2023\/"},"modified":"2026-01-21T14:57:59","modified_gmt":"2026-01-21T14:57:59","slug":"la-domhanda-na-mbogach-2026","status":"publish","type":"page","link":"https:\/\/www.irishwetlands.ie\/ga\/la-domhanda-na-mbogach-2026\/","title":{"rendered":"L\u00e1 Domhanda na mBogach 2026"},"content":{"rendered":"<p><div class=\"fusion-fullwidth fullwidth-box fusion-builder-row-1 nonhundred-percent-fullwidth non-hundred-percent-height-scrolling\" style=\"--awb-border-radius-top-left:0px;--awb-border-radius-top-right:0px;--awb-border-radius-bottom-right:0px;--awb-border-radius-bottom-left:0px;\" ><div class=\"fusion-builder-row fusion-row\"><div class=\"fusion-layout-column fusion_builder_column fusion-builder-column-0 fusion_builder_column_1_1 1_1 fusion-one-full fusion-column-first fusion-column-last\" style=\"--awb-bg-size:cover;\"><div class=\"fusion-column-wrapper fusion-column-has-shadow fusion-flex-column-wrapper-legacy\"><div class=\"fusion-title title fusion-title-1 fusion-title-center fusion-title-text fusion-title-size-one\" style=\"--awb-font-size:40px;\"><div class=\"title-sep-container title-sep-container-left\"><div class=\"title-sep sep-double sep-solid\" style=\"border-color:#e0dede;\"><\/div><\/div><span class=\"awb-title-spacer\"><\/span><h1 class=\"title-heading-center fusion-responsive-typography-calculated\" style=\"margin:0;font-size:1em;--fontSize:40;line-height:1.4;\">L\u00e1 Domhanda na mBogach &#8211; 2 Feabhra 2025<\/h1><span class=\"awb-title-spacer\"><\/span><div class=\"title-sep-container title-sep-container-right\"><div class=\"title-sep sep-double sep-solid\" style=\"border-color:#e0dede;\"><\/div><\/div><\/div><div class=\"fusion-clearfix\"><\/div><\/div><\/div><\/div><\/div><div class=\"fusion-fullwidth fullwidth-box fusion-builder-row-2 nonhundred-percent-fullwidth non-hundred-percent-height-scrolling\" style=\"--awb-border-radius-top-left:0px;--awb-border-radius-top-right:0px;--awb-border-radius-bottom-right:0px;--awb-border-radius-bottom-left:0px;--awb-margin-bottom:0px;\" ><div class=\"fusion-builder-row fusion-row\"><div class=\"fusion-layout-column fusion_builder_column fusion-builder-column-1 fusion_builder_column_3_4 3_4 fusion-three-fourth fusion-column-first\" style=\"--awb-padding-top:0px;--awb-bg-blend:overlay;--awb-bg-size:cover;width:75%;width:calc(75% - ( ( 4% ) * 0.75 ) );margin-right: 4%;\"><div class=\"fusion-column-wrapper fusion-flex-column-wrapper-legacy\"><div class=\"fusion-content-boxes content-boxes columns row fusion-columns-1 fusion-columns-total-1 fusion-content-boxes-1 content-boxes-icon-with-title content-left\" style=\"--awb-title-color:var(--awb-color5);--awb-margin-bottom:0px;--awb-hover-accent-color:#617f2f;--awb-circle-hover-accent-color:#617f2f;--awb-item-margin-bottom:40px;\" data-animationOffset=\"top-into-view\"><div style=\"--awb-backgroundcolor:rgba(255,255,255,0);\" class=\"fusion-column content-box-column content-box-column content-box-column-1 col-lg-12 col-md-12 col-sm-12 fusion-content-box-hover content-box-column-last content-box-column-last-in-row\"><div class=\"col content-box-wrapper content-wrapper link-area-link-icon icon-hover-animation-fade\" data-animationOffset=\"top-into-view\"><div class=\"heading icon-left\"><h2 class=\"content-box-heading fusion-responsive-typography-calculated\" style=\"--h2_typography-font-size:24px;--fontSize:24;line-height:1.5;\">Is deis \u00e9 L\u00e1 Domhanda na mBogach chun comhord\u00fa a dh\u00e9anamh ar iarrachta\u00ed domhanda, n\u00e1isi\u00fanta agus \u00e1iti\u00fala chun feasacht a mh\u00fascailt faoi bhogaigh.<\/h2><\/div><div class=\"fusion-clearfix\"><\/div><div class=\"content-container\">\n<div class=\"fusion-text fusion-text-2\">\n<p>T\u00e1 beagnach 90% de bhogaigh an domhain d\u00edghr\u00e1daithe \u00f3 na 1700\u00ed, agus t\u00e1imid ag cailleadh bogaigh tr\u00ed huaire n\u00edos tap\u00fala n\u00e1 foraois\u00ed. \u00c9 sin r\u00e1ite, is \u00e9iceach\u00f3rais thar a bheith t\u00e1bhachtach iad bogaigh a chuireann leis an mbith\u00e9ags\u00falacht, le maol\u00fa aer\u00e1ide agus le hoiri\u00fan\u00fa d\u00f3, le f\u00e1il ar fhionnuisce, le barainneachta\u00ed domhanda agus eile. T\u00e1 s\u00e9 pr\u00e1inneach go m\u00fascl\u00f3imid feasacht n\u00e1isi\u00fanta agus dhomhanda maidir le bogaigh d&#8217;fhonn a gcaillteanas tapa a aisiomp\u00fa agus gn\u00edomhartha a spreagadh chun iad a chaomhn\u00fa agus a athch\u00f3iri\u00fa. Is \u00e9 an L\u00e1 Domhanda Bogach an t-am is fearr chun tuiscint na ndaoine ar na h\u00e9iceach\u00f3rais seo at\u00e1 thar a bheith t\u00e1bhachtach a mh\u00e9ad\u00fa.<\/p>\n<p>Is glao pr\u00e1inneach \u00e9 seo chun gn\u00edomh\u00fa. Is achomharc \u00e9 chun caipiteal airgeadais, daonna agus polaiti\u00fail a infheisti\u00fa chun bogaigh an domhain a sh\u00e1bh\u00e1il \u00f3 bheith ag imeacht as ar fad \u2014 agus chun iad si\u00fad at\u00e1 caillte againn cheana f\u00e9in a thabhairt ar ais.<\/p>\n<p>The theme of World Wetland\u2019s Day in 2025 is \u201cProtecting wetlands for our common future\u201d and educational resources are freely available from Ramsar at <a href=\"https:\/\/www.worldwetlandsday.org\/\" target=\"_blank\" rel=\"noopener\">www.worldwetlandsday.org<\/a><\/p>\n<p><b>The range of events that we are of happening in Ireland in 2025 are on the <a href=\"https:\/\/www.irishwetlands.ie\/ga\/imeachtai\/\">EVENTS<\/a> page<\/b><\/p>\n<\/div>\n<\/div><\/div><\/div><div class=\"fusion-clearfix\"><\/div><\/div><div class=\"fusion-clearfix\"><\/div><\/div><\/div><div class=\"fusion-layout-column fusion_builder_column fusion-builder-column-2 fusion_builder_column_1_4 1_4 fusion-one-fourth fusion-column-last\" style=\"--awb-bg-size:cover;width:25%;width:calc(25% - ( ( 4% ) * 0.25 ) );\"><div class=\"fusion-column-wrapper fusion-column-has-shadow fusion-flex-column-wrapper-legacy\"><div class=\"fusion-image-element fusion-image-align-center in-legacy-container\" style=\"text-align:center;--awb-mask-url: url(https:\/\/www.irishwetlands.ie\/wp-content\/plugins\/fusion-builder\/\/assets\/images\/masks\/mask-10.svg);--awb-caption-title-font-family:var(--h2_typography-font-family);--awb-caption-title-font-weight:var(--h2_typography-font-weight);--awb-caption-title-font-style:var(--h2_typography-font-style);--awb-caption-title-size:var(--h2_typography-font-size);--awb-caption-title-transform:var(--h2_typography-text-transform);--awb-caption-title-line-height:var(--h2_typography-line-height);--awb-caption-title-letter-spacing:var(--h2_typography-letter-spacing);\"><div class=\"imageframe-align-center\"><span class=\" fusion-imageframe imageframe-none imageframe-1 hover-type-none has-mask\" class=\"image-magnify\" class=\"image-scroll\"><img decoding=\"async\" width=\"300\" height=\"200\" title=\"img10\" src=\"https:\/\/www.irishwetlands.ie\/wp-content\/uploads\/2021\/11\/img10-300x200.jpg\" alt class=\"img-responsive wp-image-2774\" srcset=\"https:\/\/www.irishwetlands.ie\/wp-content\/uploads\/2021\/11\/img10-200x133.jpg 200w, https:\/\/www.irishwetlands.ie\/wp-content\/uploads\/2021\/11\/img10-400x267.jpg 400w, https:\/\/www.irishwetlands.ie\/wp-content\/uploads\/2021\/11\/img10-600x400.jpg 600w, https:\/\/www.irishwetlands.ie\/wp-content\/uploads\/2021\/11\/img10-800x533.jpg 800w, https:\/\/www.irishwetlands.ie\/wp-content\/uploads\/2021\/11\/img10-1200x800.jpg 1200w\" sizes=\"(max-width: 800px) 100vw, 400px\" \/><\/span><\/div><\/div><div class=\"fusion-clearfix\"><\/div><\/div><\/div><\/div><\/div><div class=\"fusion-fullwidth fullwidth-box fusion-builder-row-3 fusion-flex-container nonhundred-percent-fullwidth non-hundred-percent-height-scrolling\" style=\"--awb-border-radius-top-left:0px;--awb-border-radius-top-right:0px;--awb-border-radius-bottom-right:0px;--awb-border-radius-bottom-left:0px;--awb-margin-top:80px;\" ><div class=\"fusion-builder-row fusion-row fusion-flex-align-items-flex-start\" style=\"max-width:1456px;margin-left: calc(-4% \/ 2 );margin-right: calc(-4% \/ 2 );\"><\/div><\/div><\/p>\n","protected":false},"excerpt":{"rendered":"","protected":false},"author":1,"featured_media":0,"parent":0,"menu_order":0,"comment_status":"closed","ping_status":"closed","template":"","meta":{"footnotes":""},"class_list":["post-3569","page","type-page","status-publish","hentry"],"yoast_head":"<!-- This site is optimized with the Yoast SEO plugin v27.3 - https:\/\/yoast.com\/product\/yoast-seo-wordpress\/ -->\n<title>L\u00e1 Domhanda na mBogach 2026 - Coiste Bogaigh Ramsar na h\u00c9ireann<\/title>\n<meta name=\"robots\" content=\"index, follow, max-snippet:-1, max-image-preview:large, max-video-preview:-1\" \/>\n<link rel=\"canonical\" href=\"https:\/\/www.irishwetlands.ie\/ga\/la-domhanda-na-mbogach-2026\/\" \/>\n<meta property=\"og:locale\" content=\"ga_IE\" \/>\n<meta property=\"og:type\" content=\"article\" \/>\n<meta property=\"og:title\" content=\"L\u00e1 Domhanda na mBogach 2026 - Coiste Bogaigh Ramsar na h\u00c9ireann\" \/>\n<meta property=\"og:url\" content=\"https:\/\/www.irishwetlands.ie\/ga\/la-domhanda-na-mbogach-2026\/\" \/>\n<meta property=\"og:site_name\" content=\"Coiste Bogaigh Ramsar na h\u00c9ireann\" \/>\n<meta property=\"article:modified_time\" content=\"2026-01-21T14:57:59+00:00\" \/>\n<meta name=\"twitter:card\" content=\"summary_large_image\" \/>\n<meta name=\"twitter:site\" content=\"@ramsarireland\" \/>\n<meta name=\"twitter:label1\" content=\"Est. reading time\" \/>\n\t<meta name=\"twitter:data1\" content=\"7 minutes\" \/>\n<script type=\"application\/ld+json\" class=\"yoast-schema-graph\">{\"@context\":\"https:\\\/\\\/schema.org\",\"@graph\":[{\"@type\":\"WebPage\",\"@id\":\"https:\\\/\\\/www.irishwetlands.ie\\\/ga\\\/la-domhanda-na-mbogach-2026\\\/\",\"url\":\"https:\\\/\\\/www.irishwetlands.ie\\\/ga\\\/la-domhanda-na-mbogach-2026\\\/\",\"name\":\"L\u00e1 Domhanda na mBogach 2026 - Coiste Bogaigh Ramsar na h\u00c9ireann\",\"isPartOf\":{\"@id\":\"https:\\\/\\\/www.irishwetlands.ie\\\/ga\\\/#website\"},\"datePublished\":\"2023-01-20T14:05:30+00:00\",\"dateModified\":\"2026-01-21T14:57:59+00:00\",\"breadcrumb\":{\"@id\":\"https:\\\/\\\/www.irishwetlands.ie\\\/ga\\\/la-domhanda-na-mbogach-2026\\\/#breadcrumb\"},\"inLanguage\":\"ga-IE\",\"potentialAction\":[{\"@type\":\"ReadAction\",\"target\":[\"https:\\\/\\\/www.irishwetlands.ie\\\/ga\\\/la-domhanda-na-mbogach-2026\\\/\"]}]},{\"@type\":\"BreadcrumbList\",\"@id\":\"https:\\\/\\\/www.irishwetlands.ie\\\/ga\\\/la-domhanda-na-mbogach-2026\\\/#breadcrumb\",\"itemListElement\":[{\"@type\":\"ListItem\",\"position\":1,\"name\":\"Home\",\"item\":\"https:\\\/\\\/www.irishwetlands.ie\\\/ga\\\/\"},{\"@type\":\"ListItem\",\"position\":2,\"name\":\"L\u00e1 Domhanda na mBogach 2026\"}]},{\"@type\":\"WebSite\",\"@id\":\"https:\\\/\\\/www.irishwetlands.ie\\\/ga\\\/#website\",\"url\":\"https:\\\/\\\/www.irishwetlands.ie\\\/ga\\\/\",\"name\":\"Irish Ramsar Wetlands Committee\",\"description\":\"\",\"potentialAction\":[{\"@type\":\"SearchAction\",\"target\":{\"@type\":\"EntryPoint\",\"urlTemplate\":\"https:\\\/\\\/www.irishwetlands.ie\\\/ga\\\/?s={search_term_string}\"},\"query-input\":{\"@type\":\"PropertyValueSpecification\",\"valueRequired\":true,\"valueName\":\"search_term_string\"}}],\"inLanguage\":\"ga-IE\"}]}<\/script>\n<!-- \/ Yoast SEO plugin. -->","yoast_head_json":{"title":"L\u00e1 Domhanda na mBogach 2026 - Coiste Bogaigh Ramsar na h\u00c9ireann","robots":{"index":"index","follow":"follow","max-snippet":"max-snippet:-1","max-image-preview":"max-image-preview:large","max-video-preview":"max-video-preview:-1"},"canonical":"https:\/\/www.irishwetlands.ie\/ga\/la-domhanda-na-mbogach-2026\/","og_locale":"ga_IE","og_type":"article","og_title":"L\u00e1 Domhanda na mBogach 2026 - Coiste Bogaigh Ramsar na h\u00c9ireann","og_url":"https:\/\/www.irishwetlands.ie\/ga\/la-domhanda-na-mbogach-2026\/","og_site_name":"Coiste Bogaigh Ramsar na h\u00c9ireann","article_modified_time":"2026-01-21T14:57:59+00:00","twitter_card":"summary_large_image","twitter_site":"@ramsarireland","twitter_misc":{"Est. reading time":"7 minutes"},"schema":{"@context":"https:\/\/schema.org","@graph":[{"@type":"WebPage","@id":"https:\/\/www.irishwetlands.ie\/ga\/la-domhanda-na-mbogach-2026\/","url":"https:\/\/www.irishwetlands.ie\/ga\/la-domhanda-na-mbogach-2026\/","name":"L\u00e1 Domhanda na mBogach 2026 - Coiste Bogaigh Ramsar na h\u00c9ireann","isPartOf":{"@id":"https:\/\/www.irishwetlands.ie\/ga\/#website"},"datePublished":"2023-01-20T14:05:30+00:00","dateModified":"2026-01-21T14:57:59+00:00","breadcrumb":{"@id":"https:\/\/www.irishwetlands.ie\/ga\/la-domhanda-na-mbogach-2026\/#breadcrumb"},"inLanguage":"ga-IE","potentialAction":[{"@type":"ReadAction","target":["https:\/\/www.irishwetlands.ie\/ga\/la-domhanda-na-mbogach-2026\/"]}]},{"@type":"BreadcrumbList","@id":"https:\/\/www.irishwetlands.ie\/ga\/la-domhanda-na-mbogach-2026\/#breadcrumb","itemListElement":[{"@type":"ListItem","position":1,"name":"Home","item":"https:\/\/www.irishwetlands.ie\/ga\/"},{"@type":"ListItem","position":2,"name":"L\u00e1 Domhanda na mBogach 2026"}]},{"@type":"WebSite","@id":"https:\/\/www.irishwetlands.ie\/ga\/#website","url":"https:\/\/www.irishwetlands.ie\/ga\/","name":"Irish Ramsar Wetlands Committee","description":"","potentialAction":[{"@type":"SearchAction","target":{"@type":"EntryPoint","urlTemplate":"https:\/\/www.irishwetlands.ie\/ga\/?s={search_term_string}"},"query-input":{"@type":"PropertyValueSpecification","valueRequired":true,"valueName":"search_term_string"}}],"inLanguage":"ga-IE"}]}},"_links":{"self":[{"href":"https:\/\/www.irishwetlands.ie\/ga\/wp-json\/wp\/v2\/pages\/3569","targetHints":{"allow":["GET"]}}],"collection":[{"href":"https:\/\/www.irishwetlands.ie\/ga\/wp-json\/wp\/v2\/pages"}],"about":[{"href":"https:\/\/www.irishwetlands.ie\/ga\/wp-json\/wp\/v2\/types\/page"}],"author":[{"embeddable":true,"href":"https:\/\/www.irishwetlands.ie\/ga\/wp-json\/wp\/v2\/users\/1"}],"replies":[{"embeddable":true,"href":"https:\/\/www.irishwetlands.ie\/ga\/wp-json\/wp\/v2\/comments?post=3569"}],"version-history":[{"count":9,"href":"https:\/\/www.irishwetlands.ie\/ga\/wp-json\/wp\/v2\/pages\/3569\/revisions"}],"predecessor-version":[{"id":3973,"href":"https:\/\/www.irishwetlands.ie\/ga\/wp-json\/wp\/v2\/pages\/3569\/revisions\/3973"}],"wp:attachment":[{"href":"https:\/\/www.irishwetlands.ie\/ga\/wp-json\/wp\/v2\/media?parent=3569"}],"curies":[{"name":"wp","href":"https:\/\/api.w.org\/{rel}","templated":true}]}}